{"id":4593,"date":"2017-06-27T12:44:00","date_gmt":"2017-06-27T12:44:00","guid":{"rendered":"http:\/\/inspirythemesdemo.com\/realplaces\/?page_id=3582"},"modified":"2017-06-27T12:44:00","modified_gmt":"2017-06-27T12:44:00","slug":"testimonials","status":"publish","type":"page","link":"https:\/\/www.mysunshine.es\/sv\/testimonials\/","title":{"rendered":"Rekommendationer"},"content":{"rendered":"<div id=\"qe-testimonial-4620\" class=\"qe-testimonial-wrapper\">\n\n\t\t\t\t\t<div class=\"qe-testimonial-meta\">\n\n\t\t\t\t\t\t<div class=\"qe-testimonial-img\"><a href=\"https:\/\/wordpress.org\/\" target=\"_blank\"><img width=\"150\" height=\"150\" src=\"https:\/\/www.mysunshine.es\/wp-content\/uploads\/2017\/10\/Vistas-Stupa-Hills-150x150.jpg\" class=\"avatar wp-post-image\" alt=\"\" decoding=\"async\" loading=\"lazy\" srcset=\"https:\/\/www.mysunshine.es\/wp-content\/uploads\/2017\/10\/Vistas-Stupa-Hills-150x150.jpg 150w, https:\/\/www.mysunshine.es\/wp-content\/uploads\/2017\/10\/Vistas-Stupa-Hills-210x210.jpg 210w\" sizes=\"(max-width: 150px) 100vw, 150px\" \/><\/a><\/div>\n\t\t\t\t\t\t<cite class=\"qe-testimonial-author\">\n\t\t\t\t\t\t\t<span class=\"qe-testimonial-name\">Mike Robert<\/span>\n\t\t\t\t\t\t\t\t\t\t\t\t\t\t\t<span class=\"qe-testimonial-byline\">\n\t\t\t\t\t\t\t\t<a href=\"https:\/\/wordpress.org\/\" target=\"_blank\">Direkt\u00f6r f\u00f6r Automatic<\/a>\t\t\t\t\t\t\t\t<\/span><!-- \/.qe-testimonial-byline -->\n\t\t\t\t\t\t\t\t\t\t\t\t\t\t<\/cite><!-- \/.qe-testimonial-author -->\n\n\t\t\t\t\t<\/div><!-- \/.qe-testimonial-meta -->\n\n\t\t\t\t\t<blockquote class=\"qe-testimonial-text\">\n\t\t\t\t\t\t<p>Vi hade v\u00e5rt hem p\u00e5 marknaden med Real Places och efter bara 3 visningar var huset S\u00c5LT!! Och vi fick det pris vi ville ha. N\u00e4r du s\u00e4ljer ett hus handlar det om att \u00e4garen f\u00e5r en realistisk v\u00e4rdering och att den agent du v\u00e4ljer kan sin sak. Mitt r\u00e5d till alla som funderar p\u00e5 att s\u00e4lja sin bostad \u00e4r att de m\u00e5ste k\u00e4nna sig bekv\u00e4ma med sitt agentval. Min fru och jag skulle inte tveka att rekommendera Real Homes till alla i framtiden som f\u00f6rs\u00f6ker v\u00e4lja mellan agenter.<\/p>\n\t\t\t\t\t<\/blockquote><!-- \/.qe-testimonial-text -->\n\n\t\t\t\t<\/div><!-- \/.qe-testimonial-wrapper -->\n\t\t\t\t\t\t\t\t<div id=\"qe-testimonial-4622\" class=\"qe-testimonial-wrapper\">\n\n\t\t\t\t\t<div class=\"qe-testimonial-meta\">\n\n\t\t\t\t\t\t<div class=\"qe-testimonial-img\"><a href=\"#your-link-goes-here\" target=\"_blank\"><\/a><\/div>\n\t\t\t\t\t\t<cite class=\"qe-testimonial-author\">\n\t\t\t\t\t\t\t<span class=\"qe-testimonial-name\">Andrew David<\/span>\n\t\t\t\t\t\t\t\t\t\t\t\t\t\t\t<span class=\"qe-testimonial-byline\">\n\t\t\t\t\t\t\t\t<a href=\"#your-link-goes-here\" target=\"_blank\">Konsult<\/a>\t\t\t\t\t\t\t\t<\/span><!-- \/.qe-testimonial-byline -->\n\t\t\t\t\t\t\t\t\t\t\t\t\t\t<\/cite><!-- \/.qe-testimonial-author -->\n\n\t\t\t\t\t<\/div><!-- \/.qe-testimonial-meta -->\n\n\t\t\t\t\t<blockquote class=\"qe-testimonial-text\">\n\t\t\t\t\t\t<p>Vi har varit mycket n\u00f6jda med din uppm\u00e4rksamhet, kommunikation, \u00e4rlighet och r\u00e5dgivning genom hela processen. Att s\u00e4lja ett hus \u00e4r en stressig h\u00e4ndelse f\u00f6r alla och du har hj\u00e4lpt till att g\u00f6ra det s\u00e5 smidigt som m\u00f6jligt f\u00f6r oss. Vi k\u00e4nner att du verkligen g\u00e5r ut\u00f6ver de allm\u00e4nna uppgifterna f\u00f6r en fastighetsm\u00e4klare med noggrann uppf\u00f6ljning, rapportering och alltid &quot;p\u00e5 toppen&quot; av potentiella k\u00f6pare.<\/p>\n\t\t\t\t\t<\/blockquote><!-- \/.qe-testimonial-text -->\n\n\t\t\t\t<\/div><!-- \/.qe-testimonial-wrapper -->\n\t\t\t\t\t\t\t\t<div id=\"qe-testimonial-4621\" class=\"qe-testimonial-wrapper\">\n\n\t\t\t\t\t<div class=\"qe-testimonial-meta\">\n\n\t\t\t\t\t\t<div class=\"qe-testimonial-img\"><a href=\"#your-link-goes-here\" target=\"_blank\"><\/a><\/div>\n\t\t\t\t\t\t<cite class=\"qe-testimonial-author\">\n\t\t\t\t\t\t\t<span class=\"qe-testimonial-name\">James William<\/span>\n\t\t\t\t\t\t\t\t\t\t\t\t\t\t\t<span class=\"qe-testimonial-byline\">\n\t\t\t\t\t\t\t\t<a href=\"#your-link-goes-here\" target=\"_blank\">Civilingenj\u00f6r<\/a>\t\t\t\t\t\t\t\t<\/span><!-- \/.qe-testimonial-byline -->\n\t\t\t\t\t\t\t\t\t\t\t\t\t\t<\/cite><!-- \/.qe-testimonial-author -->\n\n\t\t\t\t\t<\/div><!-- \/.qe-testimonial-meta -->\n\n\t\t\t\t\t<blockquote class=\"qe-testimonial-text\">\n\t\t\t\t\t\t<p>P\u00e5 en mycket sv\u00e5r marknad kr\u00e4vdes det mycket t\u00e5lamod och uth\u00e5llighet fr\u00e5n din sida, vi uppskattar mycket allt du har gjort f\u00f6r oss. Du var alltid d\u00e4r och f\u00f6ljde upp varje detalj och alla fr\u00e5gor vi hade under processen du var alltid hj\u00e4lpsam, professionell och hanterade situationen med ett leende.<\/p>\n\t\t\t\t\t<\/blockquote><!-- \/.qe-testimonial-text -->\n\n\t\t\t\t<\/div><!-- \/.qe-testimonial-wrapper -->","protected":false},"excerpt":{"rendered":"In a very difficult market, it took a lot of patience and persistence on your part, we very much appreciate all that you have done for us. You were always there and followed up on every detail and any queries we had during the process you were always helpful, professional and handled the situation with...","protected":false},"author":6,"featured_media":0,"parent":0,"menu_order":0,"comment_status":"closed","ping_status":"closed","template":"","meta":{"_themeisle_gutenberg_block_has_review":false},"_links":{"self":[{"href":"https:\/\/www.mysunshine.es\/sv\/wp-json\/wp\/v2\/pages\/4593"}],"collection":[{"href":"https:\/\/www.mysunshine.es\/sv\/wp-json\/wp\/v2\/pages"}],"about":[{"href":"https:\/\/www.mysunshine.es\/sv\/wp-json\/wp\/v2\/types\/page"}],"author":[{"embeddable":true,"href":"https:\/\/www.mysunshine.es\/sv\/wp-json\/wp\/v2\/users\/6"}],"replies":[{"embeddable":true,"href":"https:\/\/www.mysunshine.es\/sv\/wp-json\/wp\/v2\/comments?post=4593"}],"version-history":[{"count":0,"href":"https:\/\/www.mysunshine.es\/sv\/wp-json\/wp\/v2\/pages\/4593\/revisions"}],"wp:attachment":[{"href":"https:\/\/www.mysunshine.es\/sv\/wp-json\/wp\/v2\/media?parent=4593"}],"curies":[{"name":"wp","href":"https:\/\/api.w.org\/{rel}","templated":true}]}}