{"id":4575,"date":"2017-06-23T12:03:36","date_gmt":"2017-06-23T12:03:36","guid":{"rendered":"http:\/\/inspirythemesdemo.com\/realplaces\/?page_id=105"},"modified":"2022-11-30T13:37:06","modified_gmt":"2022-11-30T13:37:06","slug":"home","status":"publish","type":"page","link":"https:\/\/www.mysunshine.es\/sv\/home\/","title":{"rendered":"Hem"},"content":{"rendered":"<p>[API_manager id=&quot;s\u00f6k&quot;]<\/p>\n<p>[ajaxifiedAPI id=&quot;\u00c5terf\u00f6rs\u00e4ljning&quot; page_size=&quot;14&quot;]<\/p>","protected":false},"excerpt":{"rendered":"<p>[API_manager id=&#8221;search&#8221;] [ajaxifiedAPI id=&#8221;Resale&#8221; page_size=&#8221;14&#8243;]<\/p>","protected":false},"author":6,"featured_media":0,"parent":0,"menu_order":0,"comment_status":"open","ping_status":"closed","template":"templates\/home.php","meta":{"_themeisle_gutenberg_block_has_review":false},"_links":{"self":[{"href":"https:\/\/www.mysunshine.es\/sv\/wp-json\/wp\/v2\/pages\/4575"}],"collection":[{"href":"https:\/\/www.mysunshine.es\/sv\/wp-json\/wp\/v2\/pages"}],"about":[{"href":"https:\/\/www.mysunshine.es\/sv\/wp-json\/wp\/v2\/types\/page"}],"author":[{"embeddable":true,"href":"https:\/\/www.mysunshine.es\/sv\/wp-json\/wp\/v2\/users\/6"}],"replies":[{"embeddable":true,"href":"https:\/\/www.mysunshine.es\/sv\/wp-json\/wp\/v2\/comments?post=4575"}],"version-history":[{"count":5,"href":"https:\/\/www.mysunshine.es\/sv\/wp-json\/wp\/v2\/pages\/4575\/revisions"}],"predecessor-version":[{"id":4608,"href":"https:\/\/www.mysunshine.es\/sv\/wp-json\/wp\/v2\/pages\/4575\/revisions\/4608"}],"wp:attachment":[{"href":"https:\/\/www.mysunshine.es\/sv\/wp-json\/wp\/v2\/media?parent=4575"}],"curies":[{"name":"wp","href":"https:\/\/api.w.org\/{rel}","templated":true}]}}