{"id":3540,"date":"2017-10-13T19:14:45","date_gmt":"2017-10-13T19:14:45","guid":{"rendered":"https:\/\/www.mysunshine.es\/?page_id=3540"},"modified":"2020-09-04T13:34:57","modified_gmt":"2020-09-04T13:34:57","slug":"sell-property","status":"publish","type":"page","link":"https:\/\/www.mysunshine.es\/sv\/sell-property\/","title":{"rendered":"S\u00e4lja"},"content":{"rendered":"<h3 class=\"post-title\">S\u00e4lja din fastighet?<\/h3>\n<div class=\"page-text\">\n<div class=\"text-block\">Mysunshine.es vill g\u00e4rna hj\u00e4lpa dig att s\u00e4lja ditt hem p\u00e5 Costa del Sol. Mysunshine.es n\u00e5r ut till de flesta marknader och kunder med h\u00f6g k\u00f6pkraft, s\u00e5som de stora europeiska l\u00e4nderna som Storbritannien, Tyskland, Frankrike och naturligtvis de nordiska l\u00e4nderna. Vi fokuserar ocks\u00e5 p\u00e5 den spanska marknaden, vilket s\u00e4kerst\u00e4ller att din fastighet n\u00e5r mer \u00e4n 400 fastighetsm\u00e4klare \u00f6ver hela s\u00f6dra Spanien och d\u00e4rf\u00f6r \u00f6kar sannolikheten att hitta m\u00e5nga seri\u00f6sa k\u00f6pare. Mysunshine.es \u00e4r din personliga del i det viktiga n\u00e4tverket av fastighetsm\u00e4klare p\u00e5 Costa del Sol.<\/div>\n<div class=\"text-block\">V\u00e5rt m\u00e5l \u00e4r h\u00f6g effektivitet. F\u00f6r du som s\u00e4ljare kommer att veta att vi v\u00e4rdes\u00e4tter din tid, Vi g\u00f6r en grundlig unders\u00f6kning av vad v\u00e5ra kunder s\u00f6ker. Vi planerar visningarna meningsfulla och oroliga f\u00f6r dig och f\u00f6r v\u00e5ra k\u00f6pare. Du kommer alltid att ha en personlig kontakt hela v\u00e4gen genom s\u00e4ljprocessen. Vi garanterar en professionell service i alla fr\u00e5gor som r\u00f6r k\u00f6p och f\u00f6rs\u00e4ljning av fastigheter p\u00e5 Costa del Sol.<\/div>\n<\/div>\n<p><em>Kontakta oss idag! Vi ger v\u00e5ra k\u00f6pare en v\u00e4g till solen!<\/em><\/p>","protected":false},"excerpt":{"rendered":"<p>S\u00e4lj din fastighet Mysunshine.es vill hj\u00e4lpa dig att s\u00e4lja ditt hem p\u00e5 Costa del Sol. Mysunshine.es n\u00e5r ut till de flesta marknader och kunder med h\u00f6g k\u00f6pkraft, s\u00e5som de stora europeiska l\u00e4nderna som Storbritannien, Tyskland, Frankrike och naturligtvis de nordiska l\u00e4nderna. Vi fokuserar ocks\u00e5 p\u00e5 den spanska marknaden, vilket s\u00e4kerst\u00e4ller att...<\/p>","protected":false},"author":1,"featured_media":0,"parent":0,"menu_order":0,"comment_status":"closed","ping_status":"closed","template":"templates\/contact.php","meta":{"_themeisle_gutenberg_block_has_review":false},"_links":{"self":[{"href":"https:\/\/www.mysunshine.es\/sv\/wp-json\/wp\/v2\/pages\/3540"}],"collection":[{"href":"https:\/\/www.mysunshine.es\/sv\/wp-json\/wp\/v2\/pages"}],"about":[{"href":"https:\/\/www.mysunshine.es\/sv\/wp-json\/wp\/v2\/types\/page"}],"author":[{"embeddable":true,"href":"https:\/\/www.mysunshine.es\/sv\/wp-json\/wp\/v2\/users\/1"}],"replies":[{"embeddable":true,"href":"https:\/\/www.mysunshine.es\/sv\/wp-json\/wp\/v2\/comments?post=3540"}],"version-history":[{"count":19,"href":"https:\/\/www.mysunshine.es\/sv\/wp-json\/wp\/v2\/pages\/3540\/revisions"}],"predecessor-version":[{"id":4494,"href":"https:\/\/www.mysunshine.es\/sv\/wp-json\/wp\/v2\/pages\/3540\/revisions\/4494"}],"wp:attachment":[{"href":"https:\/\/www.mysunshine.es\/sv\/wp-json\/wp\/v2\/media?parent=3540"}],"curies":[{"name":"wp","href":"https:\/\/api.w.org\/{rel}","templated":true}]}}