{"id":3388,"date":"2017-08-16T12:35:27","date_gmt":"2017-08-16T12:35:27","guid":{"rendered":"https:\/\/www.mysunshine.es\/?page_id=3388"},"modified":"2018-01-29T11:49:32","modified_gmt":"2018-01-29T11:49:32","slug":"resales-online","status":"publish","type":"page","link":"https:\/\/www.mysunshine.es\/sv\/resales-online\/","title":{"rendered":"Fastighetss\u00f6kning"},"content":{"rendered":"<p>[API_manager id=&quot;s\u00f6k&quot;]<\/p>\n<p>[ajaxifiedAPI id=&quot;\u00c5terf\u00f6rs\u00e4ljning&quot; page_size=&quot;14&quot;]<\/p>","protected":false},"excerpt":{"rendered":"<p>[API_manager id=&#8221;search&#8221;] [ajaxifiedAPI id=&#8221;Resale&#8221; page_size=&#8221;14&#8243;]<\/p>","protected":false},"author":1,"featured_media":0,"parent":0,"menu_order":0,"comment_status":"closed","ping_status":"closed","template":"templates\/full-width.php","meta":{"_themeisle_gutenberg_block_has_review":false},"_links":{"self":[{"href":"https:\/\/www.mysunshine.es\/sv\/wp-json\/wp\/v2\/pages\/3388"}],"collection":[{"href":"https:\/\/www.mysunshine.es\/sv\/wp-json\/wp\/v2\/pages"}],"about":[{"href":"https:\/\/www.mysunshine.es\/sv\/wp-json\/wp\/v2\/types\/page"}],"author":[{"embeddable":true,"href":"https:\/\/www.mysunshine.es\/sv\/wp-json\/wp\/v2\/users\/1"}],"replies":[{"embeddable":true,"href":"https:\/\/www.mysunshine.es\/sv\/wp-json\/wp\/v2\/comments?post=3388"}],"version-history":[{"count":19,"href":"https:\/\/www.mysunshine.es\/sv\/wp-json\/wp\/v2\/pages\/3388\/revisions"}],"predecessor-version":[{"id":4047,"href":"https:\/\/www.mysunshine.es\/sv\/wp-json\/wp\/v2\/pages\/3388\/revisions\/4047"}],"wp:attachment":[{"href":"https:\/\/www.mysunshine.es\/sv\/wp-json\/wp\/v2\/media?parent=3388"}],"curies":[{"name":"wp","href":"https:\/\/api.w.org\/{rel}","templated":true}]}}