{"id":132,"date":"2017-06-05T10:16:32","date_gmt":"2017-06-05T10:16:32","guid":{"rendered":"http:\/\/realhomes.inspirythemes.com\/?page_id=129"},"modified":"2017-06-05T10:16:32","modified_gmt":"2017-06-05T10:16:32","slug":"typography","status":"publish","type":"page","link":"https:\/\/www.mysunshine.es\/sv\/typography\/","title":{"rendered":"Typografi"},"content":{"rendered":"<h1><span>H1<\/span> rubrik<\/h1>\n<p>Utnyttja agila ramverk f\u00f6r att ge en robust sammanfattning f\u00f6r \u00f6versikter p\u00e5 h\u00f6g niv\u00e5. Iterativa tillv\u00e4gag\u00e5ngss\u00e4tt f\u00f6r f\u00f6retagsstrategi fr\u00e4mjar samarbetst\u00e4nkande f\u00f6r att fr\u00e4mja det \u00f6vergripande v\u00e4rdeerbjudandet. V\u00e4x organiskt den holistiska v\u00e4rldsbilden av disruptiv innovation via arbetsplatsm\u00e5ngfald och egenmakt.<\/p>\n<h2><span>H2<\/span> rubrik<\/h2>\n<p>Utnyttja agila ramverk f\u00f6r att ge en robust sammanfattning f\u00f6r \u00f6versikter p\u00e5 h\u00f6g niv\u00e5. Iterativa tillv\u00e4gag\u00e5ngss\u00e4tt f\u00f6r f\u00f6retagsstrategi fr\u00e4mjar samarbetst\u00e4nkande f\u00f6r att fr\u00e4mja det \u00f6vergripande v\u00e4rdeerbjudandet. V\u00e4x organiskt den holistiska v\u00e4rldsbilden av disruptiv innovation via arbetsplatsm\u00e5ngfald och egenmakt.<\/p>\n<h3><span>H3<\/span> rubrik<\/h3>\n<p>Utnyttja agila ramverk f\u00f6r att ge en robust sammanfattning f\u00f6r \u00f6versikter p\u00e5 h\u00f6g niv\u00e5. Iterativa tillv\u00e4gag\u00e5ngss\u00e4tt f\u00f6r f\u00f6retagsstrategi fr\u00e4mjar samarbetst\u00e4nkande f\u00f6r att fr\u00e4mja det \u00f6vergripande v\u00e4rdeerbjudandet. V\u00e4x organiskt den holistiska v\u00e4rldsbilden av disruptiv innovation via arbetsplatsm\u00e5ngfald och egenmakt.<\/p>\n<h4><span>H4<\/span> rubrik<\/h4>\n<p>Utnyttja agila ramverk f\u00f6r att ge en robust sammanfattning f\u00f6r \u00f6versikter p\u00e5 h\u00f6g niv\u00e5. Iterativa tillv\u00e4gag\u00e5ngss\u00e4tt f\u00f6r f\u00f6retagsstrategi fr\u00e4mjar samarbetst\u00e4nkande f\u00f6r att fr\u00e4mja det \u00f6vergripande v\u00e4rdeerbjudandet. V\u00e4x organiskt den holistiska v\u00e4rldsbilden av disruptiv innovation via arbetsplatsm\u00e5ngfald och egenmakt.<\/p>\n<h5><span>H5<\/span> rubrik<\/h5>\n<p>Utnyttja agila ramverk f\u00f6r att ge en robust sammanfattning f\u00f6r \u00f6versikter p\u00e5 h\u00f6g niv\u00e5. Iterativa tillv\u00e4gag\u00e5ngss\u00e4tt f\u00f6r f\u00f6retagsstrategi fr\u00e4mjar samarbetst\u00e4nkande f\u00f6r att fr\u00e4mja det \u00f6vergripande v\u00e4rdeerbjudandet. V\u00e4x organiskt den holistiska v\u00e4rldsbilden av disruptiv innovation via arbetsplatsm\u00e5ngfald och egenmakt.<\/p>\n<h6><span>H6<\/span> rubrik<\/h6>\n<p>Utnyttja agila ramverk f\u00f6r att ge en robust sammanfattning f\u00f6r \u00f6versikter p\u00e5 h\u00f6g niv\u00e5. Iterativa tillv\u00e4gag\u00e5ngss\u00e4tt f\u00f6r f\u00f6retagsstrategi fr\u00e4mjar samarbetst\u00e4nkande f\u00f6r att fr\u00e4mja det \u00f6vergripande v\u00e4rdeerbjudandet. V\u00e4x organiskt den holistiska v\u00e4rldsbilden av disruptiv innovation via arbetsplatsm\u00e5ngfald och egenmakt.<\/p>\n<hr \/>\n<h3>Lista stilar<\/h3>\n<div class=\"row-fluid\"><div class=\"span6\"><div class=\"disc-list\"><\/p>\n<ul>\n<li>Dra nytta av l\u00e5gt h\u00e4ngande frukt f\u00f6r att identifiera en merv\u00e4rdesaktivitet som ska betatestas.<\/li>\n<li>\u00c5sidos\u00e4tt den digitala klyftan med ytterligare klickningar fr\u00e5n DevOps.<\/li>\n<li>Neds\u00e4nkning av nanoteknik l\u00e4ngs informationsmotorv\u00e4gen kommer att st\u00e4nga slingan f\u00f6r att enbart fokusera p\u00e5 slutresultatet.<\/li>\n<li>Ta s\u00f6ml\u00f6sa nyckelprestandaindikatorer offline f\u00f6r att maximera den l\u00e5nga svansen.<\/li>\n<\/ul>\n<p><\/div><\/div><div class=\"span6\"><div class=\"small-arrow-list\"><\/p>\n<ul>\n<li>Dra nytta av l\u00e5gt h\u00e4ngande frukt f\u00f6r att identifiera en merv\u00e4rdesaktivitet som ska betatestas.<\/li>\n<li>\u00c5sidos\u00e4tt den digitala klyftan med ytterligare klickningar fr\u00e5n DevOps.<\/li>\n<li>Neds\u00e4nkning av nanoteknik l\u00e4ngs informationsmotorv\u00e4gen kommer att st\u00e4nga slingan f\u00f6r att enbart fokusera p\u00e5 slutresultatet.<\/li>\n<li>Ta s\u00f6ml\u00f6sa nyckelprestandaindikatorer offline f\u00f6r att maximera den l\u00e5nga svansen.<\/li>\n<\/ul>\n<p><\/div><\/div><\/div><div class=\"row-fluid\"><div class=\"span6\"><div class=\"tick-list\"><\/p>\n<ul>\n<li>Dra nytta av l\u00e5gt h\u00e4ngande frukt f\u00f6r att identifiera en merv\u00e4rdesaktivitet som ska betatestas.<\/li>\n<li>\u00c5sidos\u00e4tt den digitala klyftan med ytterligare klickningar fr\u00e5n DevOps.<\/li>\n<li>Neds\u00e4nkning av nanoteknik l\u00e4ngs informationsmotorv\u00e4gen kommer att st\u00e4nga slingan f\u00f6r att enbart fokusera p\u00e5 slutresultatet.<\/li>\n<li>Ta s\u00f6ml\u00f6sa nyckelprestandaindikatorer offline f\u00f6r att maximera den l\u00e5nga svansen.<\/li>\n<\/ul>\n<p><\/div><\/div><div class=\"span6\"><div class=\"arrow-list\"><\/p>\n<ul>\n<li>Dra nytta av l\u00e5gt h\u00e4ngande frukt f\u00f6r att identifiera en merv\u00e4rdesaktivitet som ska betatestas.<\/li>\n<li>\u00c5sidos\u00e4tt den digitala klyftan med ytterligare klickningar fr\u00e5n DevOps.<\/li>\n<li>Neds\u00e4nkning av nanoteknik l\u00e4ngs informationsmotorv\u00e4gen kommer att st\u00e4nga slingan f\u00f6r att enbart fokusera p\u00e5 slutresultatet.<\/li>\n<li>Ta s\u00f6ml\u00f6sa nyckelprestandaindikatorer offline f\u00f6r att maximera den l\u00e5nga svansen.<\/li>\n<\/ul>\n<p><\/div><\/div><\/div>\n<hr \/>\n<h3>Knapp<\/h3>\n<div class=\"row-fluid\"><div class=\"span4\"><br \/>\n<a class=\"rh_btn rh_btn--primary btn-mini\" href=\"#1\" target=\"\">Knapp<\/a><br \/>\n<a class=\"rh_btn rh_btn--primary btn-small\" href=\"#2\" target=\"\">Knapp<\/a><br \/>\n<a class=\"rh_btn rh_btn--primary btn-large\" href=\"#3\" target=\"\">Knapp<\/a><br \/>\n<\/div><div class=\"span4\"><br \/>\n<a class=\"rh_btn rh_btn--secondary btn-mini\" href=\"#1\" target=\"\">Knapp<\/a><br \/>\n<a class=\"rh_btn rh_btn--secondary btn-small\" href=\"#2\" target=\"\">Knapp<\/a><br \/>\n<a class=\"rh_btn rh_btn--secondary btn-large\" href=\"#3\" target=\"\">Knapp<\/a><br \/>\n<\/div><div class=\"span4\"><br \/>\n<a class=\"rh_btn rh_btn--greybtn btn-mini\" href=\"#1\" target=\"\">Knapp<\/a><br \/>\n<a class=\"rh_btn rh_btn--greybtn btn-small\" href=\"#2\" target=\"\">Knapp<\/a><br \/>\n<a class=\"rh_btn rh_btn--greybtn btn-large\" href=\"#3\" target=\"\">Knapp<\/a><br \/>\n<\/div><\/div>\n<hr \/>\n<p><p class=\"info\"><strong>Information:<\/strong> Utnyttja agila ramverk f\u00f6r att ge en robust sammanfattning f\u00f6r \u00f6versikter p\u00e5 h\u00f6g niv\u00e5. Iterativa tillv\u00e4gag\u00e5ngss\u00e4tt f\u00f6r f\u00f6retagsstrategi fr\u00e4mjar samarbetst\u00e4nkande f\u00f6r att fr\u00e4mja det \u00f6vergripande v\u00e4rdeerbjudandet. V\u00e4x organiskt den holistiska v\u00e4rldsbilden av disruptiv innovation via arbetsplatsm\u00e5ngfald och egenmakt.<i class=\"icon-remove\"><\/i><\/p><p class=\"tip\"><strong>Dricks:<\/strong> Utnyttja agila ramverk f\u00f6r att ge en robust sammanfattning f\u00f6r \u00f6versikter p\u00e5 h\u00f6g niv\u00e5. Iterativa tillv\u00e4gag\u00e5ngss\u00e4tt f\u00f6r f\u00f6retagsstrategi fr\u00e4mjar samarbetst\u00e4nkande f\u00f6r att fr\u00e4mja det \u00f6vergripande v\u00e4rdeerbjudandet. V\u00e4x organiskt den holistiska v\u00e4rldsbilden av disruptiv innovation via arbetsplatsm\u00e5ngfald och egenmakt. <i class=\"icon-remove\"><\/i><\/p><p class=\"success\"><strong>Framg\u00e5ng:<\/strong> Utnyttja agila ramverk f\u00f6r att ge en robust sammanfattning f\u00f6r \u00f6versikter p\u00e5 h\u00f6g niv\u00e5. Iterativa tillv\u00e4gag\u00e5ngss\u00e4tt f\u00f6r f\u00f6retagsstrategi fr\u00e4mjar samarbetst\u00e4nkande f\u00f6r att fr\u00e4mja det \u00f6vergripande v\u00e4rdeerbjudandet. V\u00e4x organiskt den holistiska v\u00e4rldsbilden av disruptiv innovation via arbetsplatsm\u00e5ngfald och egenmakt.<i class=\"icon-remove\"><\/i><\/p><p class=\"error\"><strong>Fel:<\/strong> Utnyttja agila ramverk f\u00f6r att ge en robust sammanfattning f\u00f6r \u00f6versikter p\u00e5 h\u00f6g niv\u00e5. Iterativa tillv\u00e4gag\u00e5ngss\u00e4tt f\u00f6r f\u00f6retagsstrategi fr\u00e4mjar samarbetst\u00e4nkande f\u00f6r att fr\u00e4mja det \u00f6vergripande v\u00e4rdeerbjudandet. V\u00e4x organiskt den holistiska v\u00e4rldsbilden av disruptiv innovation via arbetsplatsm\u00e5ngfald och egenmakt.<i class=\"icon-remove\"><\/i><\/p><\/p>","protected":false},"excerpt":{"rendered":"<p>H1 heading Leverage agile frameworks to provide a robust synopsis for high level overviews. Iterative approaches to corporate strategy foster collaborative thinking to further the overall value proposition. Organically grow the holistic world view of disruptive innovation via workplace diversity and empowerment. H2 heading Leverage agile frameworks to provide a robust synopsis for high level&#8230;<\/p>","protected":false},"author":6,"featured_media":0,"parent":0,"menu_order":0,"comment_status":"closed","ping_status":"closed","template":"","meta":{"_themeisle_gutenberg_block_has_review":false},"_links":{"self":[{"href":"https:\/\/www.mysunshine.es\/sv\/wp-json\/wp\/v2\/pages\/132"}],"collection":[{"href":"https:\/\/www.mysunshine.es\/sv\/wp-json\/wp\/v2\/pages"}],"about":[{"href":"https:\/\/www.mysunshine.es\/sv\/wp-json\/wp\/v2\/types\/page"}],"author":[{"embeddable":true,"href":"https:\/\/www.mysunshine.es\/sv\/wp-json\/wp\/v2\/users\/6"}],"replies":[{"embeddable":true,"href":"https:\/\/www.mysunshine.es\/sv\/wp-json\/wp\/v2\/comments?post=132"}],"version-history":[{"count":0,"href":"https:\/\/www.mysunshine.es\/sv\/wp-json\/wp\/v2\/pages\/132\/revisions"}],"wp:attachment":[{"href":"https:\/\/www.mysunshine.es\/sv\/wp-json\/wp\/v2\/media?parent=132"}],"curies":[{"name":"wp","href":"https:\/\/api.w.org\/{rel}","templated":true}]}}