{"id":127,"date":"2017-06-05T09:13:38","date_gmt":"2017-06-05T09:13:38","guid":{"rendered":"http:\/\/realhomes.inspirythemes.com\/?page_id=127"},"modified":"2017-06-05T09:13:38","modified_gmt":"2017-06-05T09:13:38","slug":"columns","status":"publish","type":"page","link":"https:\/\/www.mysunshine.es\/sv\/columns\/","title":{"rendered":"Kolumner"},"content":{"rendered":"<p>Objektivt f\u00f6rnya bemyndigade tillverkade produkter medan parallella plattformar. Helhetsm\u00e4ssigt dominerar utvidgbara testprocedurer f\u00f6r p\u00e5litliga leveranskedjor. Dramatiskt engagera top-line webbtj\u00e4nster i f\u00f6rh\u00e5llande till banbrytande leveranser.<div class=\"row-fluid\"><div class=\"span3\"><\/p>\n<h4>1\/4<\/h4>\n<p>Trov\u00e4rdigt f\u00f6rnya granul\u00e4ra interna eller &quot;organiska&quot; k\u00e4llor med h\u00f6ga standarder f\u00f6r webbf\u00f6rberedelse. Synergistiskt skala framtidss\u00e4kra k\u00e4rnkompetenser gentemot effektfulla upplevelser. Dramatiskt syntetisera integrerade scheman med optimala n\u00e4tverk.<br \/>\n<\/div><div class=\"span3\"><\/p>\n<h4>1\/4<\/h4>\n<p>Trov\u00e4rdigt f\u00f6rnya granul\u00e4ra interna eller &quot;organiska&quot; k\u00e4llor med h\u00f6ga standarder f\u00f6r webbf\u00f6rberedelse. Synergistiskt skala framtidss\u00e4kra k\u00e4rnkompetenser gentemot effektfulla upplevelser. Dramatiskt syntetisera integrerade scheman med optimala n\u00e4tverk.<\/div><div class=\"span3\"><\/p>\n<h4>1\/4<\/h4>\n<p>Trov\u00e4rdigt f\u00f6rnya granul\u00e4ra interna eller &quot;organiska&quot; k\u00e4llor med h\u00f6ga standarder f\u00f6r webbf\u00f6rberedelse. Synergistiskt skala framtidss\u00e4kra k\u00e4rnkompetenser gentemot effektfulla upplevelser. Dramatiskt syntetisera integrerade scheman med optimala n\u00e4tverk.<\/div><div class=\"span3\"><\/p>\n<h4>1\/4<\/h4>\n<p>Trov\u00e4rdigt f\u00f6rnya granul\u00e4ra interna eller &quot;organiska&quot; k\u00e4llor med h\u00f6ga standarder f\u00f6r webbf\u00f6rberedelse. Synergistiskt skala framtidss\u00e4kra k\u00e4rnkompetenser gentemot effektfulla upplevelser. Dramatiskt syntetisera integrerade scheman med optimala n\u00e4tverk.<\/div><\/div><div class=\"row-fluid\"><div class=\"span6\"><\/p>\n<h4>1\/2<\/h4>\n<p>Utnyttja agila ramverk f\u00f6r att ge en robust sammanfattning f\u00f6r \u00f6versikter p\u00e5 h\u00f6g niv\u00e5. Iterativa tillv\u00e4gag\u00e5ngss\u00e4tt f\u00f6r f\u00f6retagsstrategi fr\u00e4mjar samarbetst\u00e4nkande f\u00f6r att fr\u00e4mja det \u00f6vergripande v\u00e4rdeerbjudandet. V\u00e4x organiskt den holistiska v\u00e4rldsbilden av disruptiv innovation via arbetsplatsm\u00e5ngfald och egenmakt.<\/div><div class=\"span6\"><\/p>\n<h4>1\/2<\/h4>\n<p>Utnyttja agila ramverk f\u00f6r att ge en robust sammanfattning f\u00f6r \u00f6versikter p\u00e5 h\u00f6g niv\u00e5. Iterativa tillv\u00e4gag\u00e5ngss\u00e4tt f\u00f6r f\u00f6retagsstrategi fr\u00e4mjar samarbetst\u00e4nkande f\u00f6r att fr\u00e4mja det \u00f6vergripande v\u00e4rdeerbjudandet. V\u00e4x organiskt den holistiska v\u00e4rldsbilden av disruptiv innovation via arbetsplatsm\u00e5ngfald och egenmakt.<\/div><\/div><div class=\"row-fluid\"><div class=\"span4\"><\/p>\n<h4>1\/3<\/h4>\n<p>Utnyttja agila ramverk f\u00f6r att ge en robust sammanfattning f\u00f6r \u00f6versikter p\u00e5 h\u00f6g niv\u00e5. Iterativa tillv\u00e4gag\u00e5ngss\u00e4tt f\u00f6r f\u00f6retagsstrategi fr\u00e4mjar samarbetst\u00e4nkande f\u00f6r att fr\u00e4mja det \u00f6vergripande v\u00e4rdeerbjudandet. V\u00e4x organiskt den holistiska v\u00e4rldsbilden av disruptiv innovation via arbetsplatsm\u00e5ngfald och egenmakt.<\/div><div class=\"span4\"><\/p>\n<h4>1\/3<\/h4>\n<p>Utnyttja agila ramverk f\u00f6r att ge en robust sammanfattning f\u00f6r \u00f6versikter p\u00e5 h\u00f6g niv\u00e5. Iterativa tillv\u00e4gag\u00e5ngss\u00e4tt f\u00f6r f\u00f6retagsstrategi fr\u00e4mjar samarbetst\u00e4nkande f\u00f6r att fr\u00e4mja det \u00f6vergripande v\u00e4rdeerbjudandet. V\u00e4x organiskt den holistiska v\u00e4rldsbilden av disruptiv innovation via arbetsplatsm\u00e5ngfald och egenmakt.<\/div><div class=\"span4\"><\/p>\n<h4>1\/3<\/h4>\n<p>Utnyttja agila ramverk f\u00f6r att ge en robust sammanfattning f\u00f6r \u00f6versikter p\u00e5 h\u00f6g niv\u00e5. Iterativa tillv\u00e4gag\u00e5ngss\u00e4tt f\u00f6r f\u00f6retagsstrategi fr\u00e4mjar samarbetst\u00e4nkande f\u00f6r att fr\u00e4mja det \u00f6vergripande v\u00e4rdeerbjudandet. V\u00e4x organiskt den holistiska v\u00e4rldsbilden av disruptiv innovation via arbetsplatsm\u00e5ngfald och egenmakt.<\/div><\/div><div class=\"row-fluid\"><div class=\"span3\"><\/p>\n<h4>1\/4<\/h4>\n<p>Utnyttja agila ramverk f\u00f6r att ge en robust sammanfattning f\u00f6r \u00f6versikter p\u00e5 h\u00f6g niv\u00e5. Iterativa tillv\u00e4gag\u00e5ngss\u00e4tt f\u00f6r f\u00f6retagsstrategi fr\u00e4mjar samarbetst\u00e4nkande f\u00f6r att fr\u00e4mja det \u00f6vergripande v\u00e4rdeerbjudandet. V\u00e4x organiskt den holistiska v\u00e4rldsbilden av disruptiv innovation via arbetsplatsm\u00e5ngfald och egenmakt.<\/div><div class=\"span3\"><\/p>\n<h4>1\/4<\/h4>\n<p>Utnyttja agila ramverk f\u00f6r att ge en robust sammanfattning f\u00f6r \u00f6versikter p\u00e5 h\u00f6g niv\u00e5. Iterativa tillv\u00e4gag\u00e5ngss\u00e4tt f\u00f6r f\u00f6retagsstrategi fr\u00e4mjar samarbetst\u00e4nkande f\u00f6r att fr\u00e4mja det \u00f6vergripande v\u00e4rdeerbjudandet. V\u00e4x organiskt den holistiska v\u00e4rldsbilden av disruptiv innovation via arbetsplatsm\u00e5ngfald och egenmakt.<\/div><div class=\"span6\"><\/p>\n<h4>1\/2<\/h4>\n<p>Utnyttja agila ramverk f\u00f6r att ge en robust sammanfattning f\u00f6r \u00f6versikter p\u00e5 h\u00f6g niv\u00e5. Iterativa tillv\u00e4gag\u00e5ngss\u00e4tt f\u00f6r f\u00f6retagsstrategi fr\u00e4mjar samarbetst\u00e4nkande f\u00f6r att fr\u00e4mja det \u00f6vergripande v\u00e4rdeerbjudandet. V\u00e4x organiskt den holistiska v\u00e4rldsbilden av disruptiv innovation via arbetsplatsm\u00e5ngfald och egenmakt.<\/div><\/div><div class=\"row-fluid\"><div class=\"span2\"><\/p>\n<h4>1\/6<\/h4>\n<p>Utnyttja agila ramverk f\u00f6r att ge en robust sammanfattning f\u00f6r \u00f6versikter p\u00e5 h\u00f6g niv\u00e5. Iterativa tillv\u00e4gag\u00e5ngss\u00e4tt f\u00f6r f\u00f6retagsstrategi fr\u00e4mjar samarbetst\u00e4nkande f\u00f6r att fr\u00e4mja det \u00f6vergripande v\u00e4rdeerbjudandet. V\u00e4x organiskt den holistiska v\u00e4rldsbilden av disruptiv innovation via arbetsplatsm\u00e5ngfald och egenmakt.<\/div><div class=\"span2\"><\/p>\n<h4>1\/6<\/h4>\n<p>Utnyttja agila ramverk f\u00f6r att ge en robust sammanfattning f\u00f6r \u00f6versikter p\u00e5 h\u00f6g niv\u00e5. Iterativa tillv\u00e4gag\u00e5ngss\u00e4tt f\u00f6r f\u00f6retagsstrategi fr\u00e4mjar samarbetst\u00e4nkande f\u00f6r att fr\u00e4mja det \u00f6vergripande v\u00e4rdeerbjudandet. V\u00e4x organiskt den holistiska v\u00e4rldsbilden av disruptiv innovation via arbetsplatsm\u00e5ngfald och egenmakt.<\/div><div class=\"span2\"><\/p>\n<h4>1\/6<\/h4>\n<p>Utnyttja agila ramverk f\u00f6r att ge en robust sammanfattning f\u00f6r \u00f6versikter p\u00e5 h\u00f6g niv\u00e5. Iterativa tillv\u00e4gag\u00e5ngss\u00e4tt f\u00f6r f\u00f6retagsstrategi fr\u00e4mjar samarbetst\u00e4nkande f\u00f6r att fr\u00e4mja det \u00f6vergripande v\u00e4rdeerbjudandet. V\u00e4x organiskt den holistiska v\u00e4rldsbilden av disruptiv innovation via arbetsplatsm\u00e5ngfald och egenmakt.<\/div><div class=\"span2\"><\/p>\n<h4>1\/6<\/h4>\n<p>Utnyttja agila ramverk f\u00f6r att ge en robust sammanfattning f\u00f6r \u00f6versikter p\u00e5 h\u00f6g niv\u00e5. Iterativa tillv\u00e4gag\u00e5ngss\u00e4tt f\u00f6r f\u00f6retagsstrategi fr\u00e4mjar samarbetst\u00e4nkande f\u00f6r att fr\u00e4mja det \u00f6vergripande v\u00e4rdeerbjudandet. V\u00e4x organiskt den holistiska v\u00e4rldsbilden av disruptiv innovation via arbetsplatsm\u00e5ngfald och egenmakt.<\/div><div class=\"span2\"><\/p>\n<h4>1\/6<\/h4>\n<p>Utnyttja agila ramverk f\u00f6r att ge en robust sammanfattning f\u00f6r \u00f6versikter p\u00e5 h\u00f6g niv\u00e5. Iterativa tillv\u00e4gag\u00e5ngss\u00e4tt f\u00f6r f\u00f6retagsstrategi fr\u00e4mjar samarbetst\u00e4nkande f\u00f6r att fr\u00e4mja det \u00f6vergripande v\u00e4rdeerbjudandet. V\u00e4x organiskt den holistiska v\u00e4rldsbilden av disruptiv innovation via arbetsplatsm\u00e5ngfald och egenmakt.<\/div><div class=\"span2\"><\/p>\n<h4>1\/6<\/h4>\n<p>Utnyttja agila ramverk f\u00f6r att ge en robust sammanfattning f\u00f6r \u00f6versikter p\u00e5 h\u00f6g niv\u00e5. Iterativa tillv\u00e4gag\u00e5ngss\u00e4tt f\u00f6r f\u00f6retagsstrategi fr\u00e4mjar samarbetst\u00e4nkande f\u00f6r att fr\u00e4mja det \u00f6vergripande v\u00e4rdeerbjudandet. V\u00e4x organiskt den holistiska v\u00e4rldsbilden av disruptiv innovation via arbetsplatsm\u00e5ngfald och egenmakt.<\/div><\/div>","protected":false},"excerpt":{"rendered":"<p>Objektivt f\u00f6rnya bemyndigade tillverkade produkter medan parallella plattformar. Helhetsm\u00e4ssigt dominerar utvidgbara testprocedurer f\u00f6r p\u00e5litliga leveranskedjor. Dramatiskt engagera top-line webbtj\u00e4nster i f\u00f6rh\u00e5llande till banbrytande leveranser.<\/p>","protected":false},"author":6,"featured_media":0,"parent":0,"menu_order":0,"comment_status":"closed","ping_status":"closed","template":"templates\/full-width.php","meta":{"_themeisle_gutenberg_block_has_review":false},"_links":{"self":[{"href":"https:\/\/www.mysunshine.es\/sv\/wp-json\/wp\/v2\/pages\/127"}],"collection":[{"href":"https:\/\/www.mysunshine.es\/sv\/wp-json\/wp\/v2\/pages"}],"about":[{"href":"https:\/\/www.mysunshine.es\/sv\/wp-json\/wp\/v2\/types\/page"}],"author":[{"embeddable":true,"href":"https:\/\/www.mysunshine.es\/sv\/wp-json\/wp\/v2\/users\/6"}],"replies":[{"embeddable":true,"href":"https:\/\/www.mysunshine.es\/sv\/wp-json\/wp\/v2\/comments?post=127"}],"version-history":[{"count":0,"href":"https:\/\/www.mysunshine.es\/sv\/wp-json\/wp\/v2\/pages\/127\/revisions"}],"wp:attachment":[{"href":"https:\/\/www.mysunshine.es\/sv\/wp-json\/wp\/v2\/media?parent=127"}],"curies":[{"name":"wp","href":"https:\/\/api.w.org\/{rel}","templated":true}]}}