{"id":4593,"date":"2017-06-27T12:44:00","date_gmt":"2017-06-27T12:44:00","guid":{"rendered":"http:\/\/inspirythemesdemo.com\/realplaces\/?page_id=3582"},"modified":"2017-06-27T12:44:00","modified_gmt":"2017-06-27T12:44:00","slug":"testimonials","status":"publish","type":"page","link":"https:\/\/www.mysunshine.es\/nb\/testimonials\/","title":{"rendered":"Attester"},"content":{"rendered":"<div id=\"qe-testimonial-4620\" class=\"qe-testimonial-wrapper\">\n\n\t\t\t\t\t<div class=\"qe-testimonial-meta\">\n\n\t\t\t\t\t\t<div class=\"qe-testimonial-img\"><a href=\"https:\/\/wordpress.org\/\" target=\"_blank\"><img width=\"150\" height=\"150\" src=\"https:\/\/www.mysunshine.es\/wp-content\/uploads\/2017\/10\/Vistas-Stupa-Hills-150x150.jpg\" class=\"avatar wp-post-image\" alt=\"\" decoding=\"async\" loading=\"lazy\" srcset=\"https:\/\/www.mysunshine.es\/wp-content\/uploads\/2017\/10\/Vistas-Stupa-Hills-150x150.jpg 150w, https:\/\/www.mysunshine.es\/wp-content\/uploads\/2017\/10\/Vistas-Stupa-Hills-210x210.jpg 210w\" sizes=\"(max-width: 150px) 100vw, 150px\" \/><\/a><\/div>\n\t\t\t\t\t\t<cite class=\"qe-testimonial-author\">\n\t\t\t\t\t\t\t<span class=\"qe-testimonial-name\">Mike Robert<\/span>\n\t\t\t\t\t\t\t\t\t\t\t\t\t\t\t<span class=\"qe-testimonial-byline\">\n\t\t\t\t\t\t\t\t<a href=\"https:\/\/wordpress.org\/\" target=\"_blank\">Direkt\u00f8r for Automatic<\/a>\t\t\t\t\t\t\t\t<\/span><!-- \/.qe-testimonial-byline -->\n\t\t\t\t\t\t\t\t\t\t\t\t\t\t<\/cite><!-- \/.qe-testimonial-author -->\n\n\t\t\t\t\t<\/div><!-- \/.qe-testimonial-meta -->\n\n\t\t\t\t\t<blockquote class=\"qe-testimonial-text\">\n\t\t\t\t\t\t<p>Vi hadde hjemmet v\u00e5rt p\u00e5 markedet med Real Places og etter bare 3 visninger var huset SOLGT!! Og vi fikk prisen vi \u00f8nsket. N\u00e5r du skal selge et hus, kommer det ned til at eieren f\u00e5r en realistisk verdivurdering, og sikrer at agenten du velger kan sakene sine. Mitt r\u00e5d til alle som vurderer \u00e5 selge boligen din er at de m\u00e5 f\u00f8le seg komfortable med agentvalget sitt. Min kone og jeg ville ikke n\u00f8le med \u00e5 anbefale Real Homes til alle i fremtiden som pr\u00f8ver \u00e5 velge mellom agenter.<\/p>\n\t\t\t\t\t<\/blockquote><!-- \/.qe-testimonial-text -->\n\n\t\t\t\t<\/div><!-- \/.qe-testimonial-wrapper -->\n\t\t\t\t\t\t\t\t<div id=\"qe-testimonial-4622\" class=\"qe-testimonial-wrapper\">\n\n\t\t\t\t\t<div class=\"qe-testimonial-meta\">\n\n\t\t\t\t\t\t<div class=\"qe-testimonial-img\"><a href=\"#your-link-goes-here\" target=\"_blank\"><\/a><\/div>\n\t\t\t\t\t\t<cite class=\"qe-testimonial-author\">\n\t\t\t\t\t\t\t<span class=\"qe-testimonial-name\">Andrew David<\/span>\n\t\t\t\t\t\t\t\t\t\t\t\t\t\t\t<span class=\"qe-testimonial-byline\">\n\t\t\t\t\t\t\t\t<a href=\"#your-link-goes-here\" target=\"_blank\">Konsulent<\/a>\t\t\t\t\t\t\t\t<\/span><!-- \/.qe-testimonial-byline -->\n\t\t\t\t\t\t\t\t\t\t\t\t\t\t<\/cite><!-- \/.qe-testimonial-author -->\n\n\t\t\t\t\t<\/div><!-- \/.qe-testimonial-meta -->\n\n\t\t\t\t\t<blockquote class=\"qe-testimonial-text\">\n\t\t\t\t\t\t<p>Vi har v\u00e6rt sv\u00e6rt forn\u00f8yd med din oppmerksomhet, kommunikasjon, \u00e6rlighet og r\u00e5d gjennom hele prosessen. \u00c5 selge et hus er en stressende hendelse for alle, og du har bidratt til \u00e5 gj\u00f8re det s\u00e5 smidig som mulig for oss. Vi f\u00f8ler at du virkelig g\u00e5r utover de generelle pliktene til en eiendomsmegler med grundig oppf\u00f8lging, rapportering og alltid &quot;p\u00e5 toppen&quot; av potensielle kj\u00f8pere.<\/p>\n\t\t\t\t\t<\/blockquote><!-- \/.qe-testimonial-text -->\n\n\t\t\t\t<\/div><!-- \/.qe-testimonial-wrapper -->\n\t\t\t\t\t\t\t\t<div id=\"qe-testimonial-4621\" class=\"qe-testimonial-wrapper\">\n\n\t\t\t\t\t<div class=\"qe-testimonial-meta\">\n\n\t\t\t\t\t\t<div class=\"qe-testimonial-img\"><a href=\"#your-link-goes-here\" target=\"_blank\"><\/a><\/div>\n\t\t\t\t\t\t<cite class=\"qe-testimonial-author\">\n\t\t\t\t\t\t\t<span class=\"qe-testimonial-name\">James William<\/span>\n\t\t\t\t\t\t\t\t\t\t\t\t\t\t\t<span class=\"qe-testimonial-byline\">\n\t\t\t\t\t\t\t\t<a href=\"#your-link-goes-here\" target=\"_blank\">Sivilingeni\u00f8r<\/a>\t\t\t\t\t\t\t\t<\/span><!-- \/.qe-testimonial-byline -->\n\t\t\t\t\t\t\t\t\t\t\t\t\t\t<\/cite><!-- \/.qe-testimonial-author -->\n\n\t\t\t\t\t<\/div><!-- \/.qe-testimonial-meta -->\n\n\t\t\t\t\t<blockquote class=\"qe-testimonial-text\">\n\t\t\t\t\t\t<p>I et veldig vanskelig marked krevde det mye t\u00e5lmodighet og utholdenhet fra din side, vi setter stor pris p\u00e5 alt du har gjort for oss. Du var alltid der og fulgte opp hver detalj og alle sp\u00f8rsm\u00e5l vi hadde under prosessen, du var alltid hjelpsom, profesjonell og h\u00e5ndterte situasjonen med et smil.<\/p>\n\t\t\t\t\t<\/blockquote><!-- \/.qe-testimonial-text -->\n\n\t\t\t\t<\/div><!-- \/.qe-testimonial-wrapper -->","protected":false},"excerpt":{"rendered":"In a very difficult market, it took a lot of patience and persistence on your part, we very much appreciate all that you have done for us. You were always there and followed up on every detail and any queries we had during the process you were always helpful, professional and handled the situation with...","protected":false},"author":6,"featured_media":0,"parent":0,"menu_order":0,"comment_status":"closed","ping_status":"closed","template":"","meta":{"_themeisle_gutenberg_block_has_review":false},"_links":{"self":[{"href":"https:\/\/www.mysunshine.es\/nb\/wp-json\/wp\/v2\/pages\/4593"}],"collection":[{"href":"https:\/\/www.mysunshine.es\/nb\/wp-json\/wp\/v2\/pages"}],"about":[{"href":"https:\/\/www.mysunshine.es\/nb\/wp-json\/wp\/v2\/types\/page"}],"author":[{"embeddable":true,"href":"https:\/\/www.mysunshine.es\/nb\/wp-json\/wp\/v2\/users\/6"}],"replies":[{"embeddable":true,"href":"https:\/\/www.mysunshine.es\/nb\/wp-json\/wp\/v2\/comments?post=4593"}],"version-history":[{"count":0,"href":"https:\/\/www.mysunshine.es\/nb\/wp-json\/wp\/v2\/pages\/4593\/revisions"}],"wp:attachment":[{"href":"https:\/\/www.mysunshine.es\/nb\/wp-json\/wp\/v2\/media?parent=4593"}],"curies":[{"name":"wp","href":"https:\/\/api.w.org\/{rel}","templated":true}]}}