{"id":132,"date":"2017-06-05T10:16:32","date_gmt":"2017-06-05T10:16:32","guid":{"rendered":"http:\/\/realhomes.inspirythemes.com\/?page_id=129"},"modified":"2017-06-05T10:16:32","modified_gmt":"2017-06-05T10:16:32","slug":"typography","status":"publish","type":"page","link":"https:\/\/www.mysunshine.es\/nb\/typography\/","title":{"rendered":"Typografi"},"content":{"rendered":"<h1><span>H1<\/span> overskrift<\/h1>\n<p>Utnytt smidige rammeverk for \u00e5 gi en robust synopsis for oversikter p\u00e5 h\u00f8yt niv\u00e5. Iterative tiln\u00e6rminger til bedriftsstrategi fremmer samarbeidstenkning for \u00e5 fremme det overordnede verdiforslaget. \u00d8k organisk det holistiske verdensbildet av disruptiv innovasjon via arbeidsplassmangfold og myndiggj\u00f8ring.<\/p>\n<h2><span>H2<\/span> overskrift<\/h2>\n<p>Utnytt smidige rammeverk for \u00e5 gi en robust synopsis for oversikter p\u00e5 h\u00f8yt niv\u00e5. Iterative tiln\u00e6rminger til bedriftsstrategi fremmer samarbeidstenkning for \u00e5 fremme det overordnede verdiforslaget. \u00d8k organisk det holistiske verdensbildet av disruptiv innovasjon via arbeidsplassmangfold og myndiggj\u00f8ring.<\/p>\n<h3><span>H3<\/span> overskrift<\/h3>\n<p>Utnytt smidige rammeverk for \u00e5 gi en robust synopsis for oversikter p\u00e5 h\u00f8yt niv\u00e5. Iterative tiln\u00e6rminger til bedriftsstrategi fremmer samarbeidstenkning for \u00e5 fremme det overordnede verdiforslaget. \u00d8k organisk det holistiske verdensbildet av disruptiv innovasjon via arbeidsplassmangfold og myndiggj\u00f8ring.<\/p>\n<h4><span>H4<\/span> overskrift<\/h4>\n<p>Utnytt smidige rammeverk for \u00e5 gi en robust synopsis for oversikter p\u00e5 h\u00f8yt niv\u00e5. Iterative tiln\u00e6rminger til bedriftsstrategi fremmer samarbeidstenkning for \u00e5 fremme det overordnede verdiforslaget. \u00d8k organisk det holistiske verdensbildet av disruptiv innovasjon via arbeidsplassmangfold og myndiggj\u00f8ring.<\/p>\n<h5><span>H5<\/span> overskrift<\/h5>\n<p>Utnytt smidige rammeverk for \u00e5 gi en robust synopsis for oversikter p\u00e5 h\u00f8yt niv\u00e5. Iterative tiln\u00e6rminger til bedriftsstrategi fremmer samarbeidstenkning for \u00e5 fremme det overordnede verdiforslaget. \u00d8k organisk det holistiske verdensbildet av disruptiv innovasjon via arbeidsplassmangfold og myndiggj\u00f8ring.<\/p>\n<h6><span>H6<\/span> overskrift<\/h6>\n<p>Utnytt smidige rammeverk for \u00e5 gi en robust synopsis for oversikter p\u00e5 h\u00f8yt niv\u00e5. Iterative tiln\u00e6rminger til bedriftsstrategi fremmer samarbeidstenkning for \u00e5 fremme det overordnede verdiforslaget. \u00d8k organisk det holistiske verdensbildet av disruptiv innovasjon via arbeidsplassmangfold og myndiggj\u00f8ring.<\/p>\n<hr \/>\n<h3>Liste stiler<\/h3>\n<div class=\"row-fluid\"><div class=\"span6\"><div class=\"disc-list\"><\/p>\n<ul>\n<li>Dra nytte av lavthengende frukt for \u00e5 identifisere en verdi\u00f8kende aktivitet i betatestingen.<\/li>\n<li>Overstyr det digitale skillet med flere klikk fra DevOps.<\/li>\n<li>Nedsenking i nanoteknologi langs informasjonsmotorveien vil lukke sl\u00f8yfen for \u00e5 fokusere utelukkende p\u00e5 bunnlinjen.<\/li>\n<li>Tar s\u00f8ml\u00f8se n\u00f8kkelytelsesindikatorer offline for \u00e5 maksimere den lange halen.<\/li>\n<\/ul>\n<p><\/div><\/div><div class=\"span6\"><div class=\"small-arrow-list\"><\/p>\n<ul>\n<li>Dra nytte av lavthengende frukt for \u00e5 identifisere en verdi\u00f8kende aktivitet i betatestingen.<\/li>\n<li>Overstyr det digitale skillet med flere klikk fra DevOps.<\/li>\n<li>Nedsenking i nanoteknologi langs informasjonsmotorveien vil lukke sl\u00f8yfen for \u00e5 fokusere utelukkende p\u00e5 bunnlinjen.<\/li>\n<li>Tar s\u00f8ml\u00f8se n\u00f8kkelytelsesindikatorer offline for \u00e5 maksimere den lange halen.<\/li>\n<\/ul>\n<p><\/div><\/div><\/div><div class=\"row-fluid\"><div class=\"span6\"><div class=\"tick-list\"><\/p>\n<ul>\n<li>Dra nytte av lavthengende frukt for \u00e5 identifisere en verdi\u00f8kende aktivitet i betatestingen.<\/li>\n<li>Overstyr det digitale skillet med flere klikk fra DevOps.<\/li>\n<li>Nedsenking i nanoteknologi langs informasjonsmotorveien vil lukke sl\u00f8yfen for \u00e5 fokusere utelukkende p\u00e5 bunnlinjen.<\/li>\n<li>Tar s\u00f8ml\u00f8se n\u00f8kkelytelsesindikatorer offline for \u00e5 maksimere den lange halen.<\/li>\n<\/ul>\n<p><\/div><\/div><div class=\"span6\"><div class=\"arrow-list\"><\/p>\n<ul>\n<li>Dra nytte av lavthengende frukt for \u00e5 identifisere en verdi\u00f8kende aktivitet i betatestingen.<\/li>\n<li>Overstyr det digitale skillet med flere klikk fra DevOps.<\/li>\n<li>Nedsenking i nanoteknologi langs informasjonsmotorveien vil lukke sl\u00f8yfen for \u00e5 fokusere utelukkende p\u00e5 bunnlinjen.<\/li>\n<li>Tar s\u00f8ml\u00f8se n\u00f8kkelytelsesindikatorer offline for \u00e5 maksimere den lange halen.<\/li>\n<\/ul>\n<p><\/div><\/div><\/div>\n<hr \/>\n<h3>Knapp<\/h3>\n<div class=\"row-fluid\"><div class=\"span4\"><br \/>\n<a class=\"rh_btn rh_btn--primary btn-mini\" href=\"#1\" target=\"\">Knapp<\/a><br \/>\n<a class=\"rh_btn rh_btn--primary btn-small\" href=\"#2\" target=\"\">Knapp<\/a><br \/>\n<a class=\"rh_btn rh_btn--primary btn-large\" href=\"#3\" target=\"\">Knapp<\/a><br \/>\n<\/div><div class=\"span4\"><br \/>\n<a class=\"rh_btn rh_btn--secondary btn-mini\" href=\"#1\" target=\"\">Knapp<\/a><br \/>\n<a class=\"rh_btn rh_btn--secondary btn-small\" href=\"#2\" target=\"\">Knapp<\/a><br \/>\n<a class=\"rh_btn rh_btn--secondary btn-large\" href=\"#3\" target=\"\">Knapp<\/a><br \/>\n<\/div><div class=\"span4\"><br \/>\n<a class=\"rh_btn rh_btn--greybtn btn-mini\" href=\"#1\" target=\"\">Knapp<\/a><br \/>\n<a class=\"rh_btn rh_btn--greybtn btn-small\" href=\"#2\" target=\"\">Knapp<\/a><br \/>\n<a class=\"rh_btn rh_btn--greybtn btn-large\" href=\"#3\" target=\"\">Knapp<\/a><br \/>\n<\/div><\/div>\n<hr \/>\n<p><p class=\"info\"><strong>Informasjon:<\/strong> Utnytt smidige rammeverk for \u00e5 gi en robust synopsis for oversikter p\u00e5 h\u00f8yt niv\u00e5. Iterative tiln\u00e6rminger til bedriftsstrategi fremmer samarbeidstenkning for \u00e5 fremme det overordnede verdiforslaget. \u00d8k organisk det holistiske verdensbildet av disruptiv innovasjon via arbeidsplassmangfold og myndiggj\u00f8ring.<i class=\"icon-remove\"><\/i><\/p><p class=\"tip\"><strong>Tupp:<\/strong> Utnytt smidige rammeverk for \u00e5 gi en robust synopsis for oversikter p\u00e5 h\u00f8yt niv\u00e5. Iterative tiln\u00e6rminger til bedriftsstrategi fremmer samarbeidstenkning for \u00e5 fremme det overordnede verdiforslaget. \u00d8k organisk det holistiske verdensbildet av disruptiv innovasjon via arbeidsplassmangfold og myndiggj\u00f8ring. <i class=\"icon-remove\"><\/i><\/p><p class=\"success\"><strong>Suksess:<\/strong> Utnytt smidige rammeverk for \u00e5 gi en robust synopsis for oversikter p\u00e5 h\u00f8yt niv\u00e5. Iterative tiln\u00e6rminger til bedriftsstrategi fremmer samarbeidstenkning for \u00e5 fremme det overordnede verdiforslaget. \u00d8k organisk det holistiske verdensbildet av disruptiv innovasjon via arbeidsplassmangfold og myndiggj\u00f8ring.<i class=\"icon-remove\"><\/i><\/p><p class=\"error\"><strong>Feil:<\/strong> Utnytt smidige rammeverk for \u00e5 gi en robust synopsis for oversikter p\u00e5 h\u00f8yt niv\u00e5. Iterative tiln\u00e6rminger til bedriftsstrategi fremmer samarbeidstenkning for \u00e5 fremme det overordnede verdiforslaget. \u00d8k organisk det holistiske verdensbildet av disruptiv innovasjon via arbeidsplassmangfold og myndiggj\u00f8ring.<i class=\"icon-remove\"><\/i><\/p><\/p>","protected":false},"excerpt":{"rendered":"<p>H1 heading Leverage agile frameworks to provide a robust synopsis for high level overviews. Iterative approaches to corporate strategy foster collaborative thinking to further the overall value proposition. Organically grow the holistic world view of disruptive innovation via workplace diversity and empowerment. H2 heading Leverage agile frameworks to provide a robust synopsis for high level&#8230;<\/p>","protected":false},"author":6,"featured_media":0,"parent":0,"menu_order":0,"comment_status":"closed","ping_status":"closed","template":"","meta":{"_themeisle_gutenberg_block_has_review":false},"_links":{"self":[{"href":"https:\/\/www.mysunshine.es\/nb\/wp-json\/wp\/v2\/pages\/132"}],"collection":[{"href":"https:\/\/www.mysunshine.es\/nb\/wp-json\/wp\/v2\/pages"}],"about":[{"href":"https:\/\/www.mysunshine.es\/nb\/wp-json\/wp\/v2\/types\/page"}],"author":[{"embeddable":true,"href":"https:\/\/www.mysunshine.es\/nb\/wp-json\/wp\/v2\/users\/6"}],"replies":[{"embeddable":true,"href":"https:\/\/www.mysunshine.es\/nb\/wp-json\/wp\/v2\/comments?post=132"}],"version-history":[{"count":0,"href":"https:\/\/www.mysunshine.es\/nb\/wp-json\/wp\/v2\/pages\/132\/revisions"}],"wp:attachment":[{"href":"https:\/\/www.mysunshine.es\/nb\/wp-json\/wp\/v2\/media?parent=132"}],"curies":[{"name":"wp","href":"https:\/\/api.w.org\/{rel}","templated":true}]}}