{"id":127,"date":"2017-06-05T09:13:38","date_gmt":"2017-06-05T09:13:38","guid":{"rendered":"http:\/\/realhomes.inspirythemes.com\/?page_id=127"},"modified":"2017-06-05T09:13:38","modified_gmt":"2017-06-05T09:13:38","slug":"columns","status":"publish","type":"page","link":"https:\/\/www.mysunshine.es\/nb\/columns\/","title":{"rendered":"Kolonner"},"content":{"rendered":"<p>Objektivt innovere bemyndigede produserte produkter mens parallelle plattformer. Holistisk dominerer utvidbare testprosedyrer for p\u00e5litelige forsyningskjeder. Dramatisk engasjer topplinjenetttjenester i forhold til banebrytende leveranser.<div class=\"row-fluid\"><div class=\"span3\"><\/p>\n<h4>1\/4<\/h4>\n<p>Troverdig innovere granul\u00e6re interne eller \u00aborganiske\u00bb kilder med h\u00f8ye standarder for nettklargj\u00f8ring. Synergistisk skalere fremtidssikre kjernekompetanser i forhold til effektive opplevelser. Dramatisk syntetisere integrerte skjemaer med optimale nettverk.<br \/>\n<\/div><div class=\"span3\"><\/p>\n<h4>1\/4<\/h4>\n<p>Troverdig innovere granul\u00e6re interne eller \u00aborganiske\u00bb kilder med h\u00f8ye standarder for nettklargj\u00f8ring. Synergistisk skalere fremtidssikre kjernekompetanser i forhold til effektive opplevelser. Dramatisk syntetisere integrerte skjemaer med optimale nettverk.<\/div><div class=\"span3\"><\/p>\n<h4>1\/4<\/h4>\n<p>Troverdig innovere granul\u00e6re interne eller \u00aborganiske\u00bb kilder med h\u00f8ye standarder for nettklargj\u00f8ring. Synergistisk skalere fremtidssikre kjernekompetanser i forhold til effektive opplevelser. Dramatisk syntetisere integrerte skjemaer med optimale nettverk.<\/div><div class=\"span3\"><\/p>\n<h4>1\/4<\/h4>\n<p>Troverdig innovere granul\u00e6re interne eller \u00aborganiske\u00bb kilder med h\u00f8ye standarder for nettklargj\u00f8ring. Synergistisk skalere fremtidssikre kjernekompetanser i forhold til effektive opplevelser. Dramatisk syntetisere integrerte skjemaer med optimale nettverk.<\/div><\/div><div class=\"row-fluid\"><div class=\"span6\"><\/p>\n<h4>1\/2<\/h4>\n<p>Utnytt smidige rammeverk for \u00e5 gi en robust synopsis for oversikter p\u00e5 h\u00f8yt niv\u00e5. Iterative tiln\u00e6rminger til bedriftsstrategi fremmer samarbeidstenkning for \u00e5 fremme det overordnede verdiforslaget. \u00d8k organisk det holistiske verdensbildet av disruptiv innovasjon via arbeidsplassmangfold og myndiggj\u00f8ring.<\/div><div class=\"span6\"><\/p>\n<h4>1\/2<\/h4>\n<p>Utnytt smidige rammeverk for \u00e5 gi en robust synopsis for oversikter p\u00e5 h\u00f8yt niv\u00e5. Iterative tiln\u00e6rminger til bedriftsstrategi fremmer samarbeidstenkning for \u00e5 fremme det overordnede verdiforslaget. \u00d8k organisk det holistiske verdensbildet av disruptiv innovasjon via arbeidsplassmangfold og myndiggj\u00f8ring.<\/div><\/div><div class=\"row-fluid\"><div class=\"span4\"><\/p>\n<h4>1\/3<\/h4>\n<p>Utnytt smidige rammeverk for \u00e5 gi en robust synopsis for oversikter p\u00e5 h\u00f8yt niv\u00e5. Iterative tiln\u00e6rminger til bedriftsstrategi fremmer samarbeidstenkning for \u00e5 fremme det overordnede verdiforslaget. \u00d8k organisk det holistiske verdensbildet av disruptiv innovasjon via arbeidsplassmangfold og myndiggj\u00f8ring.<\/div><div class=\"span4\"><\/p>\n<h4>1\/3<\/h4>\n<p>Utnytt smidige rammeverk for \u00e5 gi en robust synopsis for oversikter p\u00e5 h\u00f8yt niv\u00e5. Iterative tiln\u00e6rminger til bedriftsstrategi fremmer samarbeidstenkning for \u00e5 fremme det overordnede verdiforslaget. \u00d8k organisk det holistiske verdensbildet av disruptiv innovasjon via arbeidsplassmangfold og myndiggj\u00f8ring.<\/div><div class=\"span4\"><\/p>\n<h4>1\/3<\/h4>\n<p>Utnytt smidige rammeverk for \u00e5 gi en robust synopsis for oversikter p\u00e5 h\u00f8yt niv\u00e5. Iterative tiln\u00e6rminger til bedriftsstrategi fremmer samarbeidstenkning for \u00e5 fremme det overordnede verdiforslaget. \u00d8k organisk det holistiske verdensbildet av disruptiv innovasjon via arbeidsplassmangfold og myndiggj\u00f8ring.<\/div><\/div><div class=\"row-fluid\"><div class=\"span3\"><\/p>\n<h4>1\/4<\/h4>\n<p>Utnytt smidige rammeverk for \u00e5 gi en robust synopsis for oversikter p\u00e5 h\u00f8yt niv\u00e5. Iterative tiln\u00e6rminger til bedriftsstrategi fremmer samarbeidstenkning for \u00e5 fremme det overordnede verdiforslaget. \u00d8k organisk det holistiske verdensbildet av disruptiv innovasjon via arbeidsplassmangfold og myndiggj\u00f8ring.<\/div><div class=\"span3\"><\/p>\n<h4>1\/4<\/h4>\n<p>Utnytt smidige rammeverk for \u00e5 gi en robust synopsis for oversikter p\u00e5 h\u00f8yt niv\u00e5. Iterative tiln\u00e6rminger til bedriftsstrategi fremmer samarbeidstenkning for \u00e5 fremme det overordnede verdiforslaget. \u00d8k organisk det holistiske verdensbildet av disruptiv innovasjon via arbeidsplassmangfold og myndiggj\u00f8ring.<\/div><div class=\"span6\"><\/p>\n<h4>1\/2<\/h4>\n<p>Utnytt smidige rammeverk for \u00e5 gi en robust synopsis for oversikter p\u00e5 h\u00f8yt niv\u00e5. Iterative tiln\u00e6rminger til bedriftsstrategi fremmer samarbeidstenkning for \u00e5 fremme det overordnede verdiforslaget. \u00d8k organisk det holistiske verdensbildet av disruptiv innovasjon via arbeidsplassmangfold og myndiggj\u00f8ring.<\/div><\/div><div class=\"row-fluid\"><div class=\"span2\"><\/p>\n<h4>1\/6<\/h4>\n<p>Utnytt smidige rammeverk for \u00e5 gi en robust synopsis for oversikter p\u00e5 h\u00f8yt niv\u00e5. Iterative tiln\u00e6rminger til bedriftsstrategi fremmer samarbeidstenkning for \u00e5 fremme det overordnede verdiforslaget. \u00d8k organisk det holistiske verdensbildet av disruptiv innovasjon via arbeidsplassmangfold og myndiggj\u00f8ring.<\/div><div class=\"span2\"><\/p>\n<h4>1\/6<\/h4>\n<p>Utnytt smidige rammeverk for \u00e5 gi en robust synopsis for oversikter p\u00e5 h\u00f8yt niv\u00e5. Iterative tiln\u00e6rminger til bedriftsstrategi fremmer samarbeidstenkning for \u00e5 fremme det overordnede verdiforslaget. \u00d8k organisk det holistiske verdensbildet av disruptiv innovasjon via arbeidsplassmangfold og myndiggj\u00f8ring.<\/div><div class=\"span2\"><\/p>\n<h4>1\/6<\/h4>\n<p>Utnytt smidige rammeverk for \u00e5 gi en robust synopsis for oversikter p\u00e5 h\u00f8yt niv\u00e5. Iterative tiln\u00e6rminger til bedriftsstrategi fremmer samarbeidstenkning for \u00e5 fremme det overordnede verdiforslaget. \u00d8k organisk det holistiske verdensbildet av disruptiv innovasjon via arbeidsplassmangfold og myndiggj\u00f8ring.<\/div><div class=\"span2\"><\/p>\n<h4>1\/6<\/h4>\n<p>Utnytt smidige rammeverk for \u00e5 gi en robust synopsis for oversikter p\u00e5 h\u00f8yt niv\u00e5. Iterative tiln\u00e6rminger til bedriftsstrategi fremmer samarbeidstenkning for \u00e5 fremme det overordnede verdiforslaget. \u00d8k organisk det holistiske verdensbildet av disruptiv innovasjon via arbeidsplassmangfold og myndiggj\u00f8ring.<\/div><div class=\"span2\"><\/p>\n<h4>1\/6<\/h4>\n<p>Utnytt smidige rammeverk for \u00e5 gi en robust synopsis for oversikter p\u00e5 h\u00f8yt niv\u00e5. Iterative tiln\u00e6rminger til bedriftsstrategi fremmer samarbeidstenkning for \u00e5 fremme det overordnede verdiforslaget. \u00d8k organisk det holistiske verdensbildet av disruptiv innovasjon via arbeidsplassmangfold og myndiggj\u00f8ring.<\/div><div class=\"span2\"><\/p>\n<h4>1\/6<\/h4>\n<p>Utnytt smidige rammeverk for \u00e5 gi en robust synopsis for oversikter p\u00e5 h\u00f8yt niv\u00e5. Iterative tiln\u00e6rminger til bedriftsstrategi fremmer samarbeidstenkning for \u00e5 fremme det overordnede verdiforslaget. \u00d8k organisk det holistiske verdensbildet av disruptiv innovasjon via arbeidsplassmangfold og myndiggj\u00f8ring.<\/div><\/div>","protected":false},"excerpt":{"rendered":"<p>Objektivt innovere bemyndigede produserte produkter mens parallelle plattformer. Holistisk dominerer utvidbare testprosedyrer for p\u00e5litelige forsyningskjeder. Dramatisk engasjer topplinjenetttjenester i forhold til banebrytende leveranser.<\/p>","protected":false},"author":6,"featured_media":0,"parent":0,"menu_order":0,"comment_status":"closed","ping_status":"closed","template":"templates\/full-width.php","meta":{"_themeisle_gutenberg_block_has_review":false},"_links":{"self":[{"href":"https:\/\/www.mysunshine.es\/nb\/wp-json\/wp\/v2\/pages\/127"}],"collection":[{"href":"https:\/\/www.mysunshine.es\/nb\/wp-json\/wp\/v2\/pages"}],"about":[{"href":"https:\/\/www.mysunshine.es\/nb\/wp-json\/wp\/v2\/types\/page"}],"author":[{"embeddable":true,"href":"https:\/\/www.mysunshine.es\/nb\/wp-json\/wp\/v2\/users\/6"}],"replies":[{"embeddable":true,"href":"https:\/\/www.mysunshine.es\/nb\/wp-json\/wp\/v2\/comments?post=127"}],"version-history":[{"count":0,"href":"https:\/\/www.mysunshine.es\/nb\/wp-json\/wp\/v2\/pages\/127\/revisions"}],"wp:attachment":[{"href":"https:\/\/www.mysunshine.es\/nb\/wp-json\/wp\/v2\/media?parent=127"}],"curies":[{"name":"wp","href":"https:\/\/api.w.org\/{rel}","templated":true}]}}