{"id":132,"date":"2017-06-05T10:16:32","date_gmt":"2017-06-05T10:16:32","guid":{"rendered":"http:\/\/realhomes.inspirythemes.com\/?page_id=129"},"modified":"2017-06-05T10:16:32","modified_gmt":"2017-06-05T10:16:32","slug":"typography","status":"publish","type":"page","link":"https:\/\/www.mysunshine.es\/fr\/typography\/","title":{"rendered":"Typographie"},"content":{"rendered":"<h1><span>H1<\/span> titre<\/h1>\n<p>Tirez parti des frameworks agiles pour fournir un synopsis robuste pour des aper\u00e7us de haut niveau. Les approches it\u00e9ratives de la strat\u00e9gie d&#039;entreprise favorisent la r\u00e9flexion collaborative pour faire progresser la proposition de valeur globale. D\u00e9veloppez de mani\u00e8re organique la vision globale du monde de l\u2019innovation disruptive via la diversit\u00e9 et l\u2019autonomisation sur le lieu de travail.<\/p>\n<h2><span>H2<\/span> titre<\/h2>\n<p>Tirez parti des frameworks agiles pour fournir un synopsis robuste pour des aper\u00e7us de haut niveau. Les approches it\u00e9ratives de la strat\u00e9gie d&#039;entreprise favorisent la r\u00e9flexion collaborative pour faire progresser la proposition de valeur globale. D\u00e9veloppez de mani\u00e8re organique la vision globale du monde de l\u2019innovation disruptive via la diversit\u00e9 et l\u2019autonomisation sur le lieu de travail.<\/p>\n<h3><span>H3<\/span> titre<\/h3>\n<p>Tirez parti des frameworks agiles pour fournir un synopsis robuste pour des aper\u00e7us de haut niveau. Les approches it\u00e9ratives de la strat\u00e9gie d&#039;entreprise favorisent la r\u00e9flexion collaborative pour faire progresser la proposition de valeur globale. D\u00e9veloppez de mani\u00e8re organique la vision globale du monde de l\u2019innovation disruptive via la diversit\u00e9 et l\u2019autonomisation sur le lieu de travail.<\/p>\n<h4><span>H4<\/span> titre<\/h4>\n<p>Tirez parti des frameworks agiles pour fournir un synopsis robuste pour des aper\u00e7us de haut niveau. Les approches it\u00e9ratives de la strat\u00e9gie d&#039;entreprise favorisent la r\u00e9flexion collaborative pour faire progresser la proposition de valeur globale. D\u00e9veloppez de mani\u00e8re organique la vision globale du monde de l\u2019innovation disruptive via la diversit\u00e9 et l\u2019autonomisation sur le lieu de travail.<\/p>\n<h5><span>H5<\/span> titre<\/h5>\n<p>Tirez parti des frameworks agiles pour fournir un synopsis robuste pour des aper\u00e7us de haut niveau. Les approches it\u00e9ratives de la strat\u00e9gie d&#039;entreprise favorisent la r\u00e9flexion collaborative pour faire progresser la proposition de valeur globale. D\u00e9veloppez de mani\u00e8re organique la vision globale du monde de l\u2019innovation disruptive via la diversit\u00e9 et l\u2019autonomisation sur le lieu de travail.<\/p>\n<h6><span>H6<\/span> titre<\/h6>\n<p>Tirez parti des frameworks agiles pour fournir un synopsis robuste pour des aper\u00e7us de haut niveau. Les approches it\u00e9ratives de la strat\u00e9gie d&#039;entreprise favorisent la r\u00e9flexion collaborative pour faire progresser la proposition de valeur globale. D\u00e9veloppez de mani\u00e8re organique la vision globale du monde de l\u2019innovation disruptive via la diversit\u00e9 et l\u2019autonomisation sur le lieu de travail.<\/p>\n<hr \/>\n<h3>Styles de liste<\/h3>\n<div class=\"row-fluid\"><div class=\"span6\"><div class=\"disc-list\"><\/p>\n<ul>\n<li>Tirez parti des fruits \u00e0 port\u00e9e de main pour identifier une activit\u00e9 \u00e0 valeur ajout\u00e9e approximative \u00e0 tester en version b\u00eata.<\/li>\n<li>Comblez la fracture num\u00e9rique gr\u00e2ce aux clics suppl\u00e9mentaires de DevOps.<\/li>\n<li>L\u2019immersion dans la nanotechnologie le long de l\u2019autoroute de l\u2019information permettra de boucler la boucle en se concentrant uniquement sur les r\u00e9sultats financiers.<\/li>\n<li>Mettre hors ligne des indicateurs de performance cl\u00e9s transparents pour maximiser la longue tra\u00eene.<\/li>\n<\/ul>\n<p><\/div><\/div><div class=\"span6\"><div class=\"small-arrow-list\"><\/p>\n<ul>\n<li>Tirez parti des fruits \u00e0 port\u00e9e de main pour identifier une activit\u00e9 \u00e0 valeur ajout\u00e9e approximative \u00e0 tester en version b\u00eata.<\/li>\n<li>Comblez la fracture num\u00e9rique gr\u00e2ce aux clics suppl\u00e9mentaires de DevOps.<\/li>\n<li>L\u2019immersion dans la nanotechnologie le long de l\u2019autoroute de l\u2019information permettra de boucler la boucle en se concentrant uniquement sur les r\u00e9sultats financiers.<\/li>\n<li>Mettre hors ligne des indicateurs de performance cl\u00e9s transparents pour maximiser la longue tra\u00eene.<\/li>\n<\/ul>\n<p><\/div><\/div><\/div><div class=\"row-fluid\"><div class=\"span6\"><div class=\"tick-list\"><\/p>\n<ul>\n<li>Tirez parti des fruits \u00e0 port\u00e9e de main pour identifier une activit\u00e9 \u00e0 valeur ajout\u00e9e approximative \u00e0 tester en version b\u00eata.<\/li>\n<li>Comblez la fracture num\u00e9rique gr\u00e2ce aux clics suppl\u00e9mentaires de DevOps.<\/li>\n<li>L\u2019immersion dans la nanotechnologie le long de l\u2019autoroute de l\u2019information permettra de boucler la boucle en se concentrant uniquement sur les r\u00e9sultats financiers.<\/li>\n<li>Mettre hors ligne des indicateurs de performance cl\u00e9s transparents pour maximiser la longue tra\u00eene.<\/li>\n<\/ul>\n<p><\/div><\/div><div class=\"span6\"><div class=\"arrow-list\"><\/p>\n<ul>\n<li>Tirez parti des fruits \u00e0 port\u00e9e de main pour identifier une activit\u00e9 \u00e0 valeur ajout\u00e9e approximative \u00e0 tester en version b\u00eata.<\/li>\n<li>Comblez la fracture num\u00e9rique gr\u00e2ce aux clics suppl\u00e9mentaires de DevOps.<\/li>\n<li>L\u2019immersion dans la nanotechnologie le long de l\u2019autoroute de l\u2019information permettra de boucler la boucle en se concentrant uniquement sur les r\u00e9sultats financiers.<\/li>\n<li>Mettre hors ligne des indicateurs de performance cl\u00e9s transparents pour maximiser la longue tra\u00eene.<\/li>\n<\/ul>\n<p><\/div><\/div><\/div>\n<hr \/>\n<h3>Bouton<\/h3>\n<div class=\"row-fluid\"><div class=\"span4\"><br \/>\n<a class=\"rh_btn rh_btn--primary btn-mini\" href=\"#1\" target=\"\">Bouton<\/a><br \/>\n<a class=\"rh_btn rh_btn--primary btn-small\" href=\"#2\" target=\"\">Bouton<\/a><br \/>\n<a class=\"rh_btn rh_btn--primary btn-large\" href=\"#3\" target=\"\">Bouton<\/a><br \/>\n<\/div><div class=\"span4\"><br \/>\n<a class=\"rh_btn rh_btn--secondary btn-mini\" href=\"#1\" target=\"\">Bouton<\/a><br \/>\n<a class=\"rh_btn rh_btn--secondary btn-small\" href=\"#2\" target=\"\">Bouton<\/a><br \/>\n<a class=\"rh_btn rh_btn--secondary btn-large\" href=\"#3\" target=\"\">Bouton<\/a><br \/>\n<\/div><div class=\"span4\"><br \/>\n<a class=\"rh_btn rh_btn--greybtn btn-mini\" href=\"#1\" target=\"\">Bouton<\/a><br \/>\n<a class=\"rh_btn rh_btn--greybtn btn-small\" href=\"#2\" target=\"\">Bouton<\/a><br \/>\n<a class=\"rh_btn rh_btn--greybtn btn-large\" href=\"#3\" target=\"\">Bouton<\/a><br \/>\n<\/div><\/div>\n<hr \/>\n<p><p class=\"info\"><strong>Information:<\/strong> Tirez parti des frameworks agiles pour fournir un synopsis robuste pour des aper\u00e7us de haut niveau. Les approches it\u00e9ratives de la strat\u00e9gie d&#039;entreprise favorisent la r\u00e9flexion collaborative pour faire progresser la proposition de valeur globale. D\u00e9veloppez de mani\u00e8re organique la vision globale du monde de l\u2019innovation disruptive via la diversit\u00e9 et l\u2019autonomisation sur le lieu de travail.<i class=\"icon-remove\"><\/i><\/p><p class=\"tip\"><strong>Conseil:<\/strong> Tirez parti des frameworks agiles pour fournir un synopsis robuste pour des aper\u00e7us de haut niveau. Les approches it\u00e9ratives de la strat\u00e9gie d&#039;entreprise favorisent la r\u00e9flexion collaborative pour faire progresser la proposition de valeur globale. D\u00e9veloppez de mani\u00e8re organique la vision globale du monde de l\u2019innovation disruptive via la diversit\u00e9 et l\u2019autonomisation sur le lieu de travail. <i class=\"icon-remove\"><\/i><\/p><p class=\"success\"><strong>Succ\u00e8s:<\/strong> Tirez parti des frameworks agiles pour fournir un synopsis robuste pour des aper\u00e7us de haut niveau. Les approches it\u00e9ratives de la strat\u00e9gie d&#039;entreprise favorisent la r\u00e9flexion collaborative pour faire progresser la proposition de valeur globale. D\u00e9veloppez de mani\u00e8re organique la vision globale du monde de l\u2019innovation disruptive via la diversit\u00e9 et l\u2019autonomisation sur le lieu de travail.<i class=\"icon-remove\"><\/i><\/p><p class=\"error\"><strong>Erreur:<\/strong> Tirez parti des frameworks agiles pour fournir un synopsis robuste pour des aper\u00e7us de haut niveau. Les approches it\u00e9ratives de la strat\u00e9gie d&#039;entreprise favorisent la r\u00e9flexion collaborative pour faire progresser la proposition de valeur globale. D\u00e9veloppez de mani\u00e8re organique la vision globale du monde de l\u2019innovation disruptive via la diversit\u00e9 et l\u2019autonomisation sur le lieu de travail.<i class=\"icon-remove\"><\/i><\/p><\/p>","protected":false},"excerpt":{"rendered":"<p>H1 heading Leverage agile frameworks to provide a robust synopsis for high level overviews. Iterative approaches to corporate strategy foster collaborative thinking to further the overall value proposition. Organically grow the holistic world view of disruptive innovation via workplace diversity and empowerment. H2 heading Leverage agile frameworks to provide a robust synopsis for high level&#8230;<\/p>","protected":false},"author":6,"featured_media":0,"parent":0,"menu_order":0,"comment_status":"closed","ping_status":"closed","template":"","meta":{"_themeisle_gutenberg_block_has_review":false},"_links":{"self":[{"href":"https:\/\/www.mysunshine.es\/fr\/wp-json\/wp\/v2\/pages\/132"}],"collection":[{"href":"https:\/\/www.mysunshine.es\/fr\/wp-json\/wp\/v2\/pages"}],"about":[{"href":"https:\/\/www.mysunshine.es\/fr\/wp-json\/wp\/v2\/types\/page"}],"author":[{"embeddable":true,"href":"https:\/\/www.mysunshine.es\/fr\/wp-json\/wp\/v2\/users\/6"}],"replies":[{"embeddable":true,"href":"https:\/\/www.mysunshine.es\/fr\/wp-json\/wp\/v2\/comments?post=132"}],"version-history":[{"count":0,"href":"https:\/\/www.mysunshine.es\/fr\/wp-json\/wp\/v2\/pages\/132\/revisions"}],"wp:attachment":[{"href":"https:\/\/www.mysunshine.es\/fr\/wp-json\/wp\/v2\/media?parent=132"}],"curies":[{"name":"wp","href":"https:\/\/api.w.org\/{rel}","templated":true}]}}