{"id":127,"date":"2017-06-05T09:13:38","date_gmt":"2017-06-05T09:13:38","guid":{"rendered":"http:\/\/realhomes.inspirythemes.com\/?page_id=127"},"modified":"2017-06-05T09:13:38","modified_gmt":"2017-06-05T09:13:38","slug":"columns","status":"publish","type":"page","link":"https:\/\/www.mysunshine.es\/fr\/columns\/","title":{"rendered":"Colonnes"},"content":{"rendered":"<p>Innovez objectivement en optimisant les produits manufactur\u00e9s gr\u00e2ce \u00e0 des plateformes parall\u00e8les. Privil\u00e9giez de mani\u00e8re holistique les proc\u00e9dures de test extensibles pour des cha\u00eenes d&#039;approvisionnement fiables. Mobilisez efficacement les meilleurs services web pour des livrables de pointe.<div class=\"row-fluid\"><div class=\"span3\"><\/p>\n<h4>1\/4<\/h4>\n<p>Innovez de mani\u00e8re cr\u00e9dible \u00e0 partir de sources internes granulaires ou \u00ab organiques \u00bb tout en respectant des normes \u00e9lev\u00e9es de pr\u00e9paration au Web. D\u00e9veloppez de mani\u00e8re synergique des comp\u00e9tences cl\u00e9s p\u00e9rennes pour des exp\u00e9riences percutantes. Synth\u00e9tisez de mani\u00e8re spectaculaire des sch\u00e9mas int\u00e9gr\u00e9s avec des r\u00e9seaux optimaux.<br \/>\n<\/div><div class=\"span3\"><\/p>\n<h4>1\/4<\/h4>\n<p>Innovez de mani\u00e8re cr\u00e9dible \u00e0 partir de sources internes granulaires ou \u00ab organiques \u00bb tout en respectant des normes \u00e9lev\u00e9es de pr\u00e9paration au Web. D\u00e9veloppez de mani\u00e8re synergique des comp\u00e9tences cl\u00e9s p\u00e9rennes pour des exp\u00e9riences percutantes. Synth\u00e9tisez de mani\u00e8re spectaculaire des sch\u00e9mas int\u00e9gr\u00e9s avec des r\u00e9seaux optimaux.<\/div><div class=\"span3\"><\/p>\n<h4>1\/4<\/h4>\n<p>Innovez de mani\u00e8re cr\u00e9dible \u00e0 partir de sources internes granulaires ou \u00ab organiques \u00bb tout en respectant des normes \u00e9lev\u00e9es de pr\u00e9paration au Web. D\u00e9veloppez de mani\u00e8re synergique des comp\u00e9tences cl\u00e9s p\u00e9rennes pour des exp\u00e9riences percutantes. Synth\u00e9tisez de mani\u00e8re spectaculaire des sch\u00e9mas int\u00e9gr\u00e9s avec des r\u00e9seaux optimaux.<\/div><div class=\"span3\"><\/p>\n<h4>1\/4<\/h4>\n<p>Innovez de mani\u00e8re cr\u00e9dible \u00e0 partir de sources internes granulaires ou \u00ab organiques \u00bb tout en respectant des normes \u00e9lev\u00e9es de pr\u00e9paration au Web. D\u00e9veloppez de mani\u00e8re synergique des comp\u00e9tences cl\u00e9s p\u00e9rennes pour des exp\u00e9riences percutantes. Synth\u00e9tisez de mani\u00e8re spectaculaire des sch\u00e9mas int\u00e9gr\u00e9s avec des r\u00e9seaux optimaux.<\/div><\/div><div class=\"row-fluid\"><div class=\"span6\"><\/p>\n<h4>1\/2<\/h4>\n<p>Tirez parti des frameworks agiles pour fournir un synopsis robuste pour des aper\u00e7us de haut niveau. Les approches it\u00e9ratives de la strat\u00e9gie d&#039;entreprise favorisent la r\u00e9flexion collaborative pour faire progresser la proposition de valeur globale. D\u00e9veloppez de mani\u00e8re organique la vision globale du monde de l\u2019innovation disruptive via la diversit\u00e9 et l\u2019autonomisation sur le lieu de travail.<\/div><div class=\"span6\"><\/p>\n<h4>1\/2<\/h4>\n<p>Tirez parti des frameworks agiles pour fournir un synopsis robuste pour des aper\u00e7us de haut niveau. Les approches it\u00e9ratives de la strat\u00e9gie d&#039;entreprise favorisent la r\u00e9flexion collaborative pour faire progresser la proposition de valeur globale. D\u00e9veloppez de mani\u00e8re organique la vision globale du monde de l\u2019innovation disruptive via la diversit\u00e9 et l\u2019autonomisation sur le lieu de travail.<\/div><\/div><div class=\"row-fluid\"><div class=\"span4\"><\/p>\n<h4>1\/3<\/h4>\n<p>Tirez parti des frameworks agiles pour fournir un synopsis robuste pour des aper\u00e7us de haut niveau. Les approches it\u00e9ratives de la strat\u00e9gie d&#039;entreprise favorisent la r\u00e9flexion collaborative pour faire progresser la proposition de valeur globale. D\u00e9veloppez de mani\u00e8re organique la vision globale du monde de l\u2019innovation disruptive via la diversit\u00e9 et l\u2019autonomisation sur le lieu de travail.<\/div><div class=\"span4\"><\/p>\n<h4>1\/3<\/h4>\n<p>Tirez parti des frameworks agiles pour fournir un synopsis robuste pour des aper\u00e7us de haut niveau. Les approches it\u00e9ratives de la strat\u00e9gie d&#039;entreprise favorisent la r\u00e9flexion collaborative pour faire progresser la proposition de valeur globale. D\u00e9veloppez de mani\u00e8re organique la vision globale du monde de l\u2019innovation disruptive via la diversit\u00e9 et l\u2019autonomisation sur le lieu de travail.<\/div><div class=\"span4\"><\/p>\n<h4>1\/3<\/h4>\n<p>Tirez parti des frameworks agiles pour fournir un synopsis robuste pour des aper\u00e7us de haut niveau. Les approches it\u00e9ratives de la strat\u00e9gie d&#039;entreprise favorisent la r\u00e9flexion collaborative pour faire progresser la proposition de valeur globale. D\u00e9veloppez de mani\u00e8re organique la vision globale du monde de l\u2019innovation disruptive via la diversit\u00e9 et l\u2019autonomisation sur le lieu de travail.<\/div><\/div><div class=\"row-fluid\"><div class=\"span3\"><\/p>\n<h4>1\/4<\/h4>\n<p>Tirez parti des frameworks agiles pour fournir un synopsis robuste pour des aper\u00e7us de haut niveau. Les approches it\u00e9ratives de la strat\u00e9gie d&#039;entreprise favorisent la r\u00e9flexion collaborative pour faire progresser la proposition de valeur globale. D\u00e9veloppez de mani\u00e8re organique la vision globale du monde de l\u2019innovation disruptive via la diversit\u00e9 et l\u2019autonomisation sur le lieu de travail.<\/div><div class=\"span3\"><\/p>\n<h4>1\/4<\/h4>\n<p>Tirez parti des frameworks agiles pour fournir un synopsis robuste pour des aper\u00e7us de haut niveau. Les approches it\u00e9ratives de la strat\u00e9gie d&#039;entreprise favorisent la r\u00e9flexion collaborative pour faire progresser la proposition de valeur globale. D\u00e9veloppez de mani\u00e8re organique la vision globale du monde de l\u2019innovation disruptive via la diversit\u00e9 et l\u2019autonomisation sur le lieu de travail.<\/div><div class=\"span6\"><\/p>\n<h4>1\/2<\/h4>\n<p>Tirez parti des frameworks agiles pour fournir un synopsis robuste pour des aper\u00e7us de haut niveau. Les approches it\u00e9ratives de la strat\u00e9gie d&#039;entreprise favorisent la r\u00e9flexion collaborative pour faire progresser la proposition de valeur globale. D\u00e9veloppez de mani\u00e8re organique la vision globale du monde de l\u2019innovation disruptive via la diversit\u00e9 et l\u2019autonomisation sur le lieu de travail.<\/div><\/div><div class=\"row-fluid\"><div class=\"span2\"><\/p>\n<h4>1\/6<\/h4>\n<p>Tirez parti des frameworks agiles pour fournir un synopsis robuste pour des aper\u00e7us de haut niveau. Les approches it\u00e9ratives de la strat\u00e9gie d&#039;entreprise favorisent la r\u00e9flexion collaborative pour faire progresser la proposition de valeur globale. D\u00e9veloppez de mani\u00e8re organique la vision globale du monde de l\u2019innovation disruptive via la diversit\u00e9 et l\u2019autonomisation sur le lieu de travail.<\/div><div class=\"span2\"><\/p>\n<h4>1\/6<\/h4>\n<p>Tirez parti des frameworks agiles pour fournir un synopsis robuste pour des aper\u00e7us de haut niveau. Les approches it\u00e9ratives de la strat\u00e9gie d&#039;entreprise favorisent la r\u00e9flexion collaborative pour faire progresser la proposition de valeur globale. D\u00e9veloppez de mani\u00e8re organique la vision globale du monde de l\u2019innovation disruptive via la diversit\u00e9 et l\u2019autonomisation sur le lieu de travail.<\/div><div class=\"span2\"><\/p>\n<h4>1\/6<\/h4>\n<p>Tirez parti des frameworks agiles pour fournir un synopsis robuste pour des aper\u00e7us de haut niveau. Les approches it\u00e9ratives de la strat\u00e9gie d&#039;entreprise favorisent la r\u00e9flexion collaborative pour faire progresser la proposition de valeur globale. D\u00e9veloppez de mani\u00e8re organique la vision globale du monde de l\u2019innovation disruptive via la diversit\u00e9 et l\u2019autonomisation sur le lieu de travail.<\/div><div class=\"span2\"><\/p>\n<h4>1\/6<\/h4>\n<p>Tirez parti des frameworks agiles pour fournir un synopsis robuste pour des aper\u00e7us de haut niveau. Les approches it\u00e9ratives de la strat\u00e9gie d&#039;entreprise favorisent la r\u00e9flexion collaborative pour faire progresser la proposition de valeur globale. D\u00e9veloppez de mani\u00e8re organique la vision globale du monde de l\u2019innovation disruptive via la diversit\u00e9 et l\u2019autonomisation sur le lieu de travail.<\/div><div class=\"span2\"><\/p>\n<h4>1\/6<\/h4>\n<p>Tirez parti des frameworks agiles pour fournir un synopsis robuste pour des aper\u00e7us de haut niveau. Les approches it\u00e9ratives de la strat\u00e9gie d&#039;entreprise favorisent la r\u00e9flexion collaborative pour faire progresser la proposition de valeur globale. D\u00e9veloppez de mani\u00e8re organique la vision globale du monde de l\u2019innovation disruptive via la diversit\u00e9 et l\u2019autonomisation sur le lieu de travail.<\/div><div class=\"span2\"><\/p>\n<h4>1\/6<\/h4>\n<p>Tirez parti des frameworks agiles pour fournir un synopsis robuste pour des aper\u00e7us de haut niveau. Les approches it\u00e9ratives de la strat\u00e9gie d&#039;entreprise favorisent la r\u00e9flexion collaborative pour faire progresser la proposition de valeur globale. D\u00e9veloppez de mani\u00e8re organique la vision globale du monde de l\u2019innovation disruptive via la diversit\u00e9 et l\u2019autonomisation sur le lieu de travail.<\/div><\/div>","protected":false},"excerpt":{"rendered":"<p>Innovez objectivement en optimisant les produits manufactur\u00e9s gr\u00e2ce \u00e0 des plateformes parall\u00e8les. Privil\u00e9giez de mani\u00e8re holistique les proc\u00e9dures de test extensibles pour des cha\u00eenes d&#039;approvisionnement fiables. Mobilisez efficacement les meilleurs services web pour des livrables de pointe.<\/p>","protected":false},"author":6,"featured_media":0,"parent":0,"menu_order":0,"comment_status":"closed","ping_status":"closed","template":"templates\/full-width.php","meta":{"_themeisle_gutenberg_block_has_review":false},"_links":{"self":[{"href":"https:\/\/www.mysunshine.es\/fr\/wp-json\/wp\/v2\/pages\/127"}],"collection":[{"href":"https:\/\/www.mysunshine.es\/fr\/wp-json\/wp\/v2\/pages"}],"about":[{"href":"https:\/\/www.mysunshine.es\/fr\/wp-json\/wp\/v2\/types\/page"}],"author":[{"embeddable":true,"href":"https:\/\/www.mysunshine.es\/fr\/wp-json\/wp\/v2\/users\/6"}],"replies":[{"embeddable":true,"href":"https:\/\/www.mysunshine.es\/fr\/wp-json\/wp\/v2\/comments?post=127"}],"version-history":[{"count":0,"href":"https:\/\/www.mysunshine.es\/fr\/wp-json\/wp\/v2\/pages\/127\/revisions"}],"wp:attachment":[{"href":"https:\/\/www.mysunshine.es\/fr\/wp-json\/wp\/v2\/media?parent=127"}],"curies":[{"name":"wp","href":"https:\/\/api.w.org\/{rel}","templated":true}]}}