{"id":7173,"date":"2021-12-08T10:31:36","date_gmt":"2021-12-08T10:31:36","guid":{"rendered":"https:\/\/sample.realhomes.io\/modern02\/?page_id=2"},"modified":"2021-12-08T10:31:36","modified_gmt":"2021-12-08T10:31:36","slug":"sample-page-3-2","status":"publish","type":"page","link":"https:\/\/www.mysunshine.es\/fi\/sample-page-3-2\/","title":{"rendered":"Esimerkkisivu"},"content":{"rendered":"<p>T\u00e4m\u00e4 on esimerkkisivu. Se eroaa blogikirjoituksesta, koska se pysyy yhdess\u00e4 paikassa ja n\u00e4kyy sivustosi navigaatiossa (useimmissa teemoissa). Useimmat ihmiset aloittavat Tietoja-sivulla, joka esittelee heid\u00e4t mahdollisille sivuston vierailijoille. Se voisi sanoa jotain n\u00e4in:<\/p>\n\n\n\n<blockquote class=\"wp-block-quote\"><p>Hei! Olen py\u00f6r\u00e4viestint\u00e4 p\u00e4iv\u00e4ll\u00e4, pyrkiv\u00e4 n\u00e4yttelij\u00e4 \u00f6isin, ja t\u00e4m\u00e4 on verkkosivustoni. Asun Los Angelesissa, minulla on mahtava koira nimelt\u00e4 Jack, ja pid\u00e4n pi\u00f1a coladoista. (Ja joutua sateeseen.)<\/p><\/blockquote>\n\n\n\n<p>\u2026tai jotain t\u00e4m\u00e4n kaltaista:<\/p>\n\n\n\n<blockquote class=\"wp-block-quote\"><p>XYZ Doohickey Company perustettiin vuonna 1971, ja se on tarjonnut laadukkaita doohickeys yleis\u00f6lle siit\u00e4 l\u00e4htien. Gotham Cityss\u00e4 sijaitseva XYZ ty\u00f6llist\u00e4\u00e4 yli 2 000 ihmist\u00e4 ja tekee kaikenlaisia mahtavia asioita Gothamin yhteis\u00f6lle.<\/p><\/blockquote>\n\n\n\n<p>Uutena WordPress-k\u00e4ytt\u00e4j\u00e4n\u00e4 sinun tulee menn\u00e4 osoitteeseen <a href=\"https:\/\/sample.realhomes.io\/modern02\/wp-admin\/\">kojelautaasi<\/a> poistaaksesi t\u00e4m\u00e4n sivun ja luodaksesi uusia sivuja sis\u00e4ll\u00f6llesi. Pit\u00e4\u00e4 hauskaa!<\/p>","protected":false},"excerpt":{"rendered":"<p>This is an example page. It&#8217;s different from a blog post because it will stay in one place and will show up in your site navigation (in most themes). Most people start with an About page that introduces them to potential site visitors. It might say something like this: Hi there! I&#8217;m a bike messenger&#8230;<\/p>","protected":false},"author":6,"featured_media":0,"parent":0,"menu_order":0,"comment_status":"closed","ping_status":"open","template":"","meta":{"_themeisle_gutenberg_block_has_review":false},"_links":{"self":[{"href":"https:\/\/www.mysunshine.es\/fi\/wp-json\/wp\/v2\/pages\/7173"}],"collection":[{"href":"https:\/\/www.mysunshine.es\/fi\/wp-json\/wp\/v2\/pages"}],"about":[{"href":"https:\/\/www.mysunshine.es\/fi\/wp-json\/wp\/v2\/types\/page"}],"author":[{"embeddable":true,"href":"https:\/\/www.mysunshine.es\/fi\/wp-json\/wp\/v2\/users\/6"}],"replies":[{"embeddable":true,"href":"https:\/\/www.mysunshine.es\/fi\/wp-json\/wp\/v2\/comments?post=7173"}],"version-history":[{"count":0,"href":"https:\/\/www.mysunshine.es\/fi\/wp-json\/wp\/v2\/pages\/7173\/revisions"}],"wp:attachment":[{"href":"https:\/\/www.mysunshine.es\/fi\/wp-json\/wp\/v2\/media?parent=7173"}],"curies":[{"name":"wp","href":"https:\/\/api.w.org\/{rel}","templated":true}]}}