{"id":4593,"date":"2017-06-27T12:44:00","date_gmt":"2017-06-27T12:44:00","guid":{"rendered":"http:\/\/inspirythemesdemo.com\/realplaces\/?page_id=3582"},"modified":"2017-06-27T12:44:00","modified_gmt":"2017-06-27T12:44:00","slug":"testimonials","status":"publish","type":"page","link":"https:\/\/www.mysunshine.es\/fi\/testimonials\/","title":{"rendered":"Mielipiteit\u00e4"},"content":{"rendered":"<div id=\"qe-testimonial-4620\" class=\"qe-testimonial-wrapper\">\n\n\t\t\t\t\t<div class=\"qe-testimonial-meta\">\n\n\t\t\t\t\t\t<div class=\"qe-testimonial-img\"><a href=\"https:\/\/wordpress.org\/\" target=\"_blank\"><img width=\"150\" height=\"150\" src=\"https:\/\/www.mysunshine.es\/wp-content\/uploads\/2017\/10\/Vistas-Stupa-Hills-150x150.jpg\" class=\"avatar wp-post-image\" alt=\"\" decoding=\"async\" loading=\"lazy\" srcset=\"https:\/\/www.mysunshine.es\/wp-content\/uploads\/2017\/10\/Vistas-Stupa-Hills-150x150.jpg 150w, https:\/\/www.mysunshine.es\/wp-content\/uploads\/2017\/10\/Vistas-Stupa-Hills-210x210.jpg 210w\" sizes=\"(max-width: 150px) 100vw, 150px\" \/><\/a><\/div>\n\t\t\t\t\t\t<cite class=\"qe-testimonial-author\">\n\t\t\t\t\t\t\t<span class=\"qe-testimonial-name\">Mike Robert<\/span>\n\t\t\t\t\t\t\t\t\t\t\t\t\t\t\t<span class=\"qe-testimonial-byline\">\n\t\t\t\t\t\t\t\t<a href=\"https:\/\/wordpress.org\/\" target=\"_blank\">Automaattinen johtaja<\/a>\t\t\t\t\t\t\t\t<\/span><!-- \/.qe-testimonial-byline -->\n\t\t\t\t\t\t\t\t\t\t\t\t\t\t<\/cite><!-- \/.qe-testimonial-author -->\n\n\t\t\t\t\t<\/div><!-- \/.qe-testimonial-meta -->\n\n\t\t\t\t\t<blockquote class=\"qe-testimonial-text\">\n\t\t\t\t\t\t<p>Meill\u00e4 oli kotimme markkinoilla Real Placesin kanssa ja vain 3 katselun j\u00e4lkeen talo oli MYYTY!! Ja saimme haluamamme hinnan. Taloa myyt\u00e4ess\u00e4 on kyse siit\u00e4, ett\u00e4 omistajalle annetaan realistinen arvio ja ett\u00e4 valitsemasi v\u00e4litt\u00e4j\u00e4 tiet\u00e4\u00e4 asiansa. Neuvoni kaikille, jotka harkitsevat kotisi myynti\u00e4, on, ett\u00e4 heid\u00e4n t\u00e4ytyy tuntea olonsa mukavaksi v\u00e4litt\u00e4j\u00e4n valinnassa. Vaimoni ja min\u00e4 emme ep\u00e4r\u00f6isi suositella Real Homesia kenellek\u00e4\u00e4n tulevaisuudessa, joka yritt\u00e4\u00e4 p\u00e4\u00e4tt\u00e4\u00e4 agenttien v\u00e4lill\u00e4.<\/p>\n\t\t\t\t\t<\/blockquote><!-- \/.qe-testimonial-text -->\n\n\t\t\t\t<\/div><!-- \/.qe-testimonial-wrapper -->\n\t\t\t\t\t\t\t\t<div id=\"qe-testimonial-4622\" class=\"qe-testimonial-wrapper\">\n\n\t\t\t\t\t<div class=\"qe-testimonial-meta\">\n\n\t\t\t\t\t\t<div class=\"qe-testimonial-img\"><a href=\"#your-link-goes-here\" target=\"_blank\"><\/a><\/div>\n\t\t\t\t\t\t<cite class=\"qe-testimonial-author\">\n\t\t\t\t\t\t\t<span class=\"qe-testimonial-name\">Andrew David<\/span>\n\t\t\t\t\t\t\t\t\t\t\t\t\t\t\t<span class=\"qe-testimonial-byline\">\n\t\t\t\t\t\t\t\t<a href=\"#your-link-goes-here\" target=\"_blank\">Konsultti<\/a>\t\t\t\t\t\t\t\t<\/span><!-- \/.qe-testimonial-byline -->\n\t\t\t\t\t\t\t\t\t\t\t\t\t\t<\/cite><!-- \/.qe-testimonial-author -->\n\n\t\t\t\t\t<\/div><!-- \/.qe-testimonial-meta -->\n\n\t\t\t\t\t<blockquote class=\"qe-testimonial-text\">\n\t\t\t\t\t\t<p>Olemme olleet eritt\u00e4in tyytyv\u00e4isi\u00e4 tarkkaavaisuuteen, kommunikointiin, rehellisyyteen ja neuvoihin koko prosessin ajan. Asunnon myynti on stressaavaa kenelle tahansa ja olet auttanut meit\u00e4 tekem\u00e4\u00e4n siit\u00e4 mahdollisimman sujuvaa. Mielest\u00e4mme ylit\u00e4t kiinteist\u00f6nv\u00e4litt\u00e4j\u00e4n yleiset teht\u00e4v\u00e4t perusteellisella seurannalla, raportoinnilla ja aina potentiaalisten ostajien &quot;huipulla&quot;.<\/p>\n\t\t\t\t\t<\/blockquote><!-- \/.qe-testimonial-text -->\n\n\t\t\t\t<\/div><!-- \/.qe-testimonial-wrapper -->\n\t\t\t\t\t\t\t\t<div id=\"qe-testimonial-4621\" class=\"qe-testimonial-wrapper\">\n\n\t\t\t\t\t<div class=\"qe-testimonial-meta\">\n\n\t\t\t\t\t\t<div class=\"qe-testimonial-img\"><a href=\"#your-link-goes-here\" target=\"_blank\"><\/a><\/div>\n\t\t\t\t\t\t<cite class=\"qe-testimonial-author\">\n\t\t\t\t\t\t\t<span class=\"qe-testimonial-name\">James William<\/span>\n\t\t\t\t\t\t\t\t\t\t\t\t\t\t\t<span class=\"qe-testimonial-byline\">\n\t\t\t\t\t\t\t\t<a href=\"#your-link-goes-here\" target=\"_blank\">Rakennusinsin\u00f6\u00f6ri<\/a>\t\t\t\t\t\t\t\t<\/span><!-- \/.qe-testimonial-byline -->\n\t\t\t\t\t\t\t\t\t\t\t\t\t\t<\/cite><!-- \/.qe-testimonial-author -->\n\n\t\t\t\t\t<\/div><!-- \/.qe-testimonial-meta -->\n\n\t\t\t\t\t<blockquote class=\"qe-testimonial-text\">\n\t\t\t\t\t\t<p>Eritt\u00e4in vaikeilla markkinoilla se vaati sinulta paljon k\u00e4rsiv\u00e4llisyytt\u00e4 ja sinnikkyytt\u00e4, arvostamme suuresti kaikkea, mit\u00e4 olet tehnyt hyv\u00e4ksemme. Olit aina paikalla ja seurasit jokaista yksityiskohtaa ja kysymyksi\u00e4, joita meill\u00e4 oli prosessin aikana, olit aina avulias, ammattimainen ja k\u00e4sittelit tilanteen hymyillen.<\/p>\n\t\t\t\t\t<\/blockquote><!-- \/.qe-testimonial-text -->\n\n\t\t\t\t<\/div><!-- \/.qe-testimonial-wrapper -->","protected":false},"excerpt":{"rendered":"In a very difficult market, it took a lot of patience and persistence on your part, we very much appreciate all that you have done for us. You were always there and followed up on every detail and any queries we had during the process you were always helpful, professional and handled the situation with...","protected":false},"author":6,"featured_media":0,"parent":0,"menu_order":0,"comment_status":"closed","ping_status":"closed","template":"","meta":{"_themeisle_gutenberg_block_has_review":false},"_links":{"self":[{"href":"https:\/\/www.mysunshine.es\/fi\/wp-json\/wp\/v2\/pages\/4593"}],"collection":[{"href":"https:\/\/www.mysunshine.es\/fi\/wp-json\/wp\/v2\/pages"}],"about":[{"href":"https:\/\/www.mysunshine.es\/fi\/wp-json\/wp\/v2\/types\/page"}],"author":[{"embeddable":true,"href":"https:\/\/www.mysunshine.es\/fi\/wp-json\/wp\/v2\/users\/6"}],"replies":[{"embeddable":true,"href":"https:\/\/www.mysunshine.es\/fi\/wp-json\/wp\/v2\/comments?post=4593"}],"version-history":[{"count":0,"href":"https:\/\/www.mysunshine.es\/fi\/wp-json\/wp\/v2\/pages\/4593\/revisions"}],"wp:attachment":[{"href":"https:\/\/www.mysunshine.es\/fi\/wp-json\/wp\/v2\/media?parent=4593"}],"curies":[{"name":"wp","href":"https:\/\/api.w.org\/{rel}","templated":true}]}}