{"id":132,"date":"2017-06-05T10:16:32","date_gmt":"2017-06-05T10:16:32","guid":{"rendered":"http:\/\/realhomes.inspirythemes.com\/?page_id=129"},"modified":"2017-06-05T10:16:32","modified_gmt":"2017-06-05T10:16:32","slug":"typography","status":"publish","type":"page","link":"https:\/\/www.mysunshine.es\/fi\/typography\/","title":{"rendered":"Typografia"},"content":{"rendered":"<h1><span>H1<\/span> otsikko<\/h1>\n<p>Hy\u00f6dynn\u00e4 ketteri\u00e4 kehyksi\u00e4 luodaksesi vankan yhteenvedon korkean tason yleiskatsauksista. Iteratiiviset l\u00e4hestymistavat yritysstrategiaan edist\u00e4v\u00e4t yhteisty\u00f6h\u00f6n perustuvaa ajattelua yleisen arvolupauksen edist\u00e4miseksi. Kasvata orgaanisesti kokonaisvaltaista maailmankuvaa h\u00e4iritsev\u00e4st\u00e4 innovaatiosta ty\u00f6paikkojen monimuotoisuuden ja voimaannutuksen avulla.<\/p>\n<h2><span>H2<\/span> otsikko<\/h2>\n<p>Hy\u00f6dynn\u00e4 ketteri\u00e4 kehyksi\u00e4 luodaksesi vankan yhteenvedon korkean tason yleiskatsauksista. Iteratiiviset l\u00e4hestymistavat yritysstrategiaan edist\u00e4v\u00e4t yhteisty\u00f6h\u00f6n perustuvaa ajattelua yleisen arvolupauksen edist\u00e4miseksi. Kasvata orgaanisesti kokonaisvaltaista maailmankuvaa h\u00e4iritsev\u00e4st\u00e4 innovaatiosta ty\u00f6paikkojen monimuotoisuuden ja voimaannutuksen avulla.<\/p>\n<h3><span>H3<\/span> otsikko<\/h3>\n<p>Hy\u00f6dynn\u00e4 ketteri\u00e4 kehyksi\u00e4 luodaksesi vankan yhteenvedon korkean tason yleiskatsauksista. Iteratiiviset l\u00e4hestymistavat yritysstrategiaan edist\u00e4v\u00e4t yhteisty\u00f6h\u00f6n perustuvaa ajattelua yleisen arvolupauksen edist\u00e4miseksi. Kasvata orgaanisesti kokonaisvaltaista maailmankuvaa h\u00e4iritsev\u00e4st\u00e4 innovaatiosta ty\u00f6paikkojen monimuotoisuuden ja voimaannutuksen avulla.<\/p>\n<h4><span>H4<\/span> otsikko<\/h4>\n<p>Hy\u00f6dynn\u00e4 ketteri\u00e4 kehyksi\u00e4 luodaksesi vankan yhteenvedon korkean tason yleiskatsauksista. Iteratiiviset l\u00e4hestymistavat yritysstrategiaan edist\u00e4v\u00e4t yhteisty\u00f6h\u00f6n perustuvaa ajattelua yleisen arvolupauksen edist\u00e4miseksi. Kasvata orgaanisesti kokonaisvaltaista maailmankuvaa h\u00e4iritsev\u00e4st\u00e4 innovaatiosta ty\u00f6paikkojen monimuotoisuuden ja voimaannutuksen avulla.<\/p>\n<h5><span>H5<\/span> otsikko<\/h5>\n<p>Hy\u00f6dynn\u00e4 ketteri\u00e4 kehyksi\u00e4 luodaksesi vankan yhteenvedon korkean tason yleiskatsauksista. Iteratiiviset l\u00e4hestymistavat yritysstrategiaan edist\u00e4v\u00e4t yhteisty\u00f6h\u00f6n perustuvaa ajattelua yleisen arvolupauksen edist\u00e4miseksi. Kasvata orgaanisesti kokonaisvaltaista maailmankuvaa h\u00e4iritsev\u00e4st\u00e4 innovaatiosta ty\u00f6paikkojen monimuotoisuuden ja voimaannutuksen avulla.<\/p>\n<h6><span>H6<\/span> otsikko<\/h6>\n<p>Hy\u00f6dynn\u00e4 ketteri\u00e4 kehyksi\u00e4 luodaksesi vankan yhteenvedon korkean tason yleiskatsauksista. Iteratiiviset l\u00e4hestymistavat yritysstrategiaan edist\u00e4v\u00e4t yhteisty\u00f6h\u00f6n perustuvaa ajattelua yleisen arvolupauksen edist\u00e4miseksi. Kasvata orgaanisesti kokonaisvaltaista maailmankuvaa h\u00e4iritsev\u00e4st\u00e4 innovaatiosta ty\u00f6paikkojen monimuotoisuuden ja voimaannutuksen avulla.<\/p>\n<hr \/>\n<h3>Listatyylit<\/h3>\n<div class=\"row-fluid\"><div class=\"span6\"><div class=\"disc-list\"><\/p>\n<ul>\n<li>Hy\u00f6dynn\u00e4 helposti roikkuvia asioita tunnistaaksesi suhteellisen lis\u00e4arvoa tuottavan toiminnan beta-testausta varten.<\/li>\n<li>Ohita digitaalinen kuilu DevOpsin tuomilla lis\u00e4klikkauksilla.<\/li>\n<li>Nanoteknologian hy\u00f6dynt\u00e4minen tiedon valtatiell\u00e4 sulkee kierteen, jossa keskityt\u00e4\u00e4n pelk\u00e4st\u00e4\u00e4n tulokseen.<\/li>\n<li>Saumattomien keskeisten suorituskykyindikaattoreiden siirt\u00e4minen offline-tilaan pitk\u00e4n h\u00e4nn\u00e4n maksimoimiseksi.<\/li>\n<\/ul>\n<p><\/div><\/div><div class=\"span6\"><div class=\"small-arrow-list\"><\/p>\n<ul>\n<li>Hy\u00f6dynn\u00e4 helposti roikkuvia asioita tunnistaaksesi suhteellisen lis\u00e4arvoa tuottavan toiminnan beta-testausta varten.<\/li>\n<li>Ohita digitaalinen kuilu DevOpsin tuomilla lis\u00e4klikkauksilla.<\/li>\n<li>Nanoteknologian hy\u00f6dynt\u00e4minen tiedon valtatiell\u00e4 sulkee kierteen, jossa keskityt\u00e4\u00e4n pelk\u00e4st\u00e4\u00e4n tulokseen.<\/li>\n<li>Saumattomien keskeisten suorituskykyindikaattoreiden siirt\u00e4minen offline-tilaan pitk\u00e4n h\u00e4nn\u00e4n maksimoimiseksi.<\/li>\n<\/ul>\n<p><\/div><\/div><\/div><div class=\"row-fluid\"><div class=\"span6\"><div class=\"tick-list\"><\/p>\n<ul>\n<li>Hy\u00f6dynn\u00e4 helposti roikkuvia asioita tunnistaaksesi suhteellisen lis\u00e4arvoa tuottavan toiminnan beta-testausta varten.<\/li>\n<li>Ohita digitaalinen kuilu DevOpsin tuomilla lis\u00e4klikkauksilla.<\/li>\n<li>Nanoteknologian hy\u00f6dynt\u00e4minen tiedon valtatiell\u00e4 sulkee kierteen, jossa keskityt\u00e4\u00e4n pelk\u00e4st\u00e4\u00e4n tulokseen.<\/li>\n<li>Saumattomien keskeisten suorituskykyindikaattoreiden siirt\u00e4minen offline-tilaan pitk\u00e4n h\u00e4nn\u00e4n maksimoimiseksi.<\/li>\n<\/ul>\n<p><\/div><\/div><div class=\"span6\"><div class=\"arrow-list\"><\/p>\n<ul>\n<li>Hy\u00f6dynn\u00e4 helposti roikkuvia asioita tunnistaaksesi suhteellisen lis\u00e4arvoa tuottavan toiminnan beta-testausta varten.<\/li>\n<li>Ohita digitaalinen kuilu DevOpsin tuomilla lis\u00e4klikkauksilla.<\/li>\n<li>Nanoteknologian hy\u00f6dynt\u00e4minen tiedon valtatiell\u00e4 sulkee kierteen, jossa keskityt\u00e4\u00e4n pelk\u00e4st\u00e4\u00e4n tulokseen.<\/li>\n<li>Saumattomien keskeisten suorituskykyindikaattoreiden siirt\u00e4minen offline-tilaan pitk\u00e4n h\u00e4nn\u00e4n maksimoimiseksi.<\/li>\n<\/ul>\n<p><\/div><\/div><\/div>\n<hr \/>\n<h3>Painike<\/h3>\n<div class=\"row-fluid\"><div class=\"span4\"><br \/>\n<a class=\"rh_btn rh_btn--primary btn-mini\" href=\"#1\" target=\"\">Painike<\/a><br \/>\n<a class=\"rh_btn rh_btn--primary btn-small\" href=\"#2\" target=\"\">Painike<\/a><br \/>\n<a class=\"rh_btn rh_btn--primary btn-large\" href=\"#3\" target=\"\">Painike<\/a><br \/>\n<\/div><div class=\"span4\"><br \/>\n<a class=\"rh_btn rh_btn--secondary btn-mini\" href=\"#1\" target=\"\">Painike<\/a><br \/>\n<a class=\"rh_btn rh_btn--secondary btn-small\" href=\"#2\" target=\"\">Painike<\/a><br \/>\n<a class=\"rh_btn rh_btn--secondary btn-large\" href=\"#3\" target=\"\">Painike<\/a><br \/>\n<\/div><div class=\"span4\"><br \/>\n<a class=\"rh_btn rh_btn--greybtn btn-mini\" href=\"#1\" target=\"\">Painike<\/a><br \/>\n<a class=\"rh_btn rh_btn--greybtn btn-small\" href=\"#2\" target=\"\">Painike<\/a><br \/>\n<a class=\"rh_btn rh_btn--greybtn btn-large\" href=\"#3\" target=\"\">Painike<\/a><br \/>\n<\/div><\/div>\n<hr \/>\n<p><p class=\"info\"><strong>Tiedot:<\/strong> Hy\u00f6dynn\u00e4 ketteri\u00e4 kehyksi\u00e4 luodaksesi vankan yhteenvedon korkean tason yleiskatsauksista. Iteratiiviset l\u00e4hestymistavat yritysstrategiaan edist\u00e4v\u00e4t yhteisty\u00f6h\u00f6n perustuvaa ajattelua yleisen arvolupauksen edist\u00e4miseksi. Kasvata orgaanisesti kokonaisvaltaista maailmankuvaa h\u00e4iritsev\u00e4st\u00e4 innovaatiosta ty\u00f6paikkojen monimuotoisuuden ja voimaannutuksen avulla.<i class=\"icon-remove\"><\/i><\/p><p class=\"tip\"><strong>K\u00e4rki:<\/strong> Hy\u00f6dynn\u00e4 ketteri\u00e4 kehyksi\u00e4 luodaksesi vankan yhteenvedon korkean tason yleiskatsauksista. Iteratiiviset l\u00e4hestymistavat yritysstrategiaan edist\u00e4v\u00e4t yhteisty\u00f6h\u00f6n perustuvaa ajattelua yleisen arvolupauksen edist\u00e4miseksi. Kasvata orgaanisesti kokonaisvaltaista maailmankuvaa h\u00e4iritsev\u00e4st\u00e4 innovaatiosta ty\u00f6paikkojen monimuotoisuuden ja voimaannutuksen avulla. <i class=\"icon-remove\"><\/i><\/p><p class=\"success\"><strong>Menestys:<\/strong> Hy\u00f6dynn\u00e4 ketteri\u00e4 kehyksi\u00e4 luodaksesi vankan yhteenvedon korkean tason yleiskatsauksista. Iteratiiviset l\u00e4hestymistavat yritysstrategiaan edist\u00e4v\u00e4t yhteisty\u00f6h\u00f6n perustuvaa ajattelua yleisen arvolupauksen edist\u00e4miseksi. Kasvata orgaanisesti kokonaisvaltaista maailmankuvaa h\u00e4iritsev\u00e4st\u00e4 innovaatiosta ty\u00f6paikkojen monimuotoisuuden ja voimaannutuksen avulla.<i class=\"icon-remove\"><\/i><\/p><p class=\"error\"><strong>Virhe:<\/strong> Hy\u00f6dynn\u00e4 ketteri\u00e4 kehyksi\u00e4 luodaksesi vankan yhteenvedon korkean tason yleiskatsauksista. Iteratiiviset l\u00e4hestymistavat yritysstrategiaan edist\u00e4v\u00e4t yhteisty\u00f6h\u00f6n perustuvaa ajattelua yleisen arvolupauksen edist\u00e4miseksi. Kasvata orgaanisesti kokonaisvaltaista maailmankuvaa h\u00e4iritsev\u00e4st\u00e4 innovaatiosta ty\u00f6paikkojen monimuotoisuuden ja voimaannutuksen avulla.<i class=\"icon-remove\"><\/i><\/p><\/p>","protected":false},"excerpt":{"rendered":"<p>H1 heading Leverage agile frameworks to provide a robust synopsis for high level overviews. Iterative approaches to corporate strategy foster collaborative thinking to further the overall value proposition. Organically grow the holistic world view of disruptive innovation via workplace diversity and empowerment. H2 heading Leverage agile frameworks to provide a robust synopsis for high level&#8230;<\/p>","protected":false},"author":6,"featured_media":0,"parent":0,"menu_order":0,"comment_status":"closed","ping_status":"closed","template":"","meta":{"_themeisle_gutenberg_block_has_review":false},"_links":{"self":[{"href":"https:\/\/www.mysunshine.es\/fi\/wp-json\/wp\/v2\/pages\/132"}],"collection":[{"href":"https:\/\/www.mysunshine.es\/fi\/wp-json\/wp\/v2\/pages"}],"about":[{"href":"https:\/\/www.mysunshine.es\/fi\/wp-json\/wp\/v2\/types\/page"}],"author":[{"embeddable":true,"href":"https:\/\/www.mysunshine.es\/fi\/wp-json\/wp\/v2\/users\/6"}],"replies":[{"embeddable":true,"href":"https:\/\/www.mysunshine.es\/fi\/wp-json\/wp\/v2\/comments?post=132"}],"version-history":[{"count":0,"href":"https:\/\/www.mysunshine.es\/fi\/wp-json\/wp\/v2\/pages\/132\/revisions"}],"wp:attachment":[{"href":"https:\/\/www.mysunshine.es\/fi\/wp-json\/wp\/v2\/media?parent=132"}],"curies":[{"name":"wp","href":"https:\/\/api.w.org\/{rel}","templated":true}]}}