{"id":127,"date":"2017-06-05T09:13:38","date_gmt":"2017-06-05T09:13:38","guid":{"rendered":"http:\/\/realhomes.inspirythemes.com\/?page_id=127"},"modified":"2017-06-05T09:13:38","modified_gmt":"2017-06-05T09:13:38","slug":"columns","status":"publish","type":"page","link":"https:\/\/www.mysunshine.es\/fi\/columns\/","title":{"rendered":"Sarakkeet"},"content":{"rendered":"<p>Innovoi objektiivisesti valtuutettuja valmistettuja tuotteita rinnakkaisten alustojen sijaan. Holistisesti hallitsevat laajennettavat testausmenettelyt luotettavia toimitusketjuja varten. Hy\u00f6dynn\u00e4 huippuluokan verkkopalveluja dramaattisesti huippuluokan toimituksiin n\u00e4hden.<div class=\"row-fluid\"><div class=\"span3\"><\/p>\n<h4>1\/4<\/h4>\n<p>Luotettavasti innovoivat rakeiset sis\u00e4iset tai &quot;orgaaniset&quot; l\u00e4hteet, kun taas korkeat standardit verkkovalmiudessa. Skaalaa synergistisesti tulevaisuuden kest\u00e4v\u00e4 ydinosaamista vaikuttaviin kokemuksiin verrattuna. Syntetisoi dramaattisesti integroituja skeemoja optimaalisten verkkojen kanssa.<br \/>\n<\/div><div class=\"span3\"><\/p>\n<h4>1\/4<\/h4>\n<p>Luotettavasti innovoivat rakeiset sis\u00e4iset tai &quot;orgaaniset&quot; l\u00e4hteet, kun taas korkeat standardit verkkovalmiudessa. Skaalaa synergistisesti tulevaisuuden kest\u00e4v\u00e4 ydinosaamista vaikuttaviin kokemuksiin verrattuna. Syntetisoi dramaattisesti integroituja skeemoja optimaalisten verkkojen kanssa.<\/div><div class=\"span3\"><\/p>\n<h4>1\/4<\/h4>\n<p>Luotettavasti innovoivat rakeiset sis\u00e4iset tai &quot;orgaaniset&quot; l\u00e4hteet, kun taas korkeat standardit verkkovalmiudessa. Skaalaa synergistisesti tulevaisuuden kest\u00e4v\u00e4 ydinosaamista vaikuttaviin kokemuksiin verrattuna. Syntetisoi dramaattisesti integroituja skeemoja optimaalisten verkkojen kanssa.<\/div><div class=\"span3\"><\/p>\n<h4>1\/4<\/h4>\n<p>Luotettavasti innovoivat rakeiset sis\u00e4iset tai &quot;orgaaniset&quot; l\u00e4hteet, kun taas korkeat standardit verkkovalmiudessa. Skaalaa synergistisesti tulevaisuuden kest\u00e4v\u00e4 ydinosaamista vaikuttaviin kokemuksiin verrattuna. Syntetisoi dramaattisesti integroituja skeemoja optimaalisten verkkojen kanssa.<\/div><\/div><div class=\"row-fluid\"><div class=\"span6\"><\/p>\n<h4>1\/2<\/h4>\n<p>Hy\u00f6dynn\u00e4 ketteri\u00e4 kehyksi\u00e4 luodaksesi vankan yhteenvedon korkean tason yleiskatsauksista. Iteratiiviset l\u00e4hestymistavat yritysstrategiaan edist\u00e4v\u00e4t yhteisty\u00f6h\u00f6n perustuvaa ajattelua yleisen arvolupauksen edist\u00e4miseksi. Kasvata orgaanisesti kokonaisvaltaista maailmankuvaa h\u00e4iritsev\u00e4st\u00e4 innovaatiosta ty\u00f6paikkojen monimuotoisuuden ja voimaannutuksen avulla.<\/div><div class=\"span6\"><\/p>\n<h4>1\/2<\/h4>\n<p>Hy\u00f6dynn\u00e4 ketteri\u00e4 kehyksi\u00e4 luodaksesi vankan yhteenvedon korkean tason yleiskatsauksista. Iteratiiviset l\u00e4hestymistavat yritysstrategiaan edist\u00e4v\u00e4t yhteisty\u00f6h\u00f6n perustuvaa ajattelua yleisen arvolupauksen edist\u00e4miseksi. Kasvata orgaanisesti kokonaisvaltaista maailmankuvaa h\u00e4iritsev\u00e4st\u00e4 innovaatiosta ty\u00f6paikkojen monimuotoisuuden ja voimaannutuksen avulla.<\/div><\/div><div class=\"row-fluid\"><div class=\"span4\"><\/p>\n<h4>1\/3<\/h4>\n<p>Hy\u00f6dynn\u00e4 ketteri\u00e4 kehyksi\u00e4 luodaksesi vankan yhteenvedon korkean tason yleiskatsauksista. Iteratiiviset l\u00e4hestymistavat yritysstrategiaan edist\u00e4v\u00e4t yhteisty\u00f6h\u00f6n perustuvaa ajattelua yleisen arvolupauksen edist\u00e4miseksi. Kasvata orgaanisesti kokonaisvaltaista maailmankuvaa h\u00e4iritsev\u00e4st\u00e4 innovaatiosta ty\u00f6paikkojen monimuotoisuuden ja voimaannutuksen avulla.<\/div><div class=\"span4\"><\/p>\n<h4>1\/3<\/h4>\n<p>Hy\u00f6dynn\u00e4 ketteri\u00e4 kehyksi\u00e4 luodaksesi vankan yhteenvedon korkean tason yleiskatsauksista. Iteratiiviset l\u00e4hestymistavat yritysstrategiaan edist\u00e4v\u00e4t yhteisty\u00f6h\u00f6n perustuvaa ajattelua yleisen arvolupauksen edist\u00e4miseksi. Kasvata orgaanisesti kokonaisvaltaista maailmankuvaa h\u00e4iritsev\u00e4st\u00e4 innovaatiosta ty\u00f6paikkojen monimuotoisuuden ja voimaannutuksen avulla.<\/div><div class=\"span4\"><\/p>\n<h4>1\/3<\/h4>\n<p>Hy\u00f6dynn\u00e4 ketteri\u00e4 kehyksi\u00e4 luodaksesi vankan yhteenvedon korkean tason yleiskatsauksista. Iteratiiviset l\u00e4hestymistavat yritysstrategiaan edist\u00e4v\u00e4t yhteisty\u00f6h\u00f6n perustuvaa ajattelua yleisen arvolupauksen edist\u00e4miseksi. Kasvata orgaanisesti kokonaisvaltaista maailmankuvaa h\u00e4iritsev\u00e4st\u00e4 innovaatiosta ty\u00f6paikkojen monimuotoisuuden ja voimaannutuksen avulla.<\/div><\/div><div class=\"row-fluid\"><div class=\"span3\"><\/p>\n<h4>1\/4<\/h4>\n<p>Hy\u00f6dynn\u00e4 ketteri\u00e4 kehyksi\u00e4 luodaksesi vankan yhteenvedon korkean tason yleiskatsauksista. Iteratiiviset l\u00e4hestymistavat yritysstrategiaan edist\u00e4v\u00e4t yhteisty\u00f6h\u00f6n perustuvaa ajattelua yleisen arvolupauksen edist\u00e4miseksi. Kasvata orgaanisesti kokonaisvaltaista maailmankuvaa h\u00e4iritsev\u00e4st\u00e4 innovaatiosta ty\u00f6paikkojen monimuotoisuuden ja voimaannutuksen avulla.<\/div><div class=\"span3\"><\/p>\n<h4>1\/4<\/h4>\n<p>Hy\u00f6dynn\u00e4 ketteri\u00e4 kehyksi\u00e4 luodaksesi vankan yhteenvedon korkean tason yleiskatsauksista. Iteratiiviset l\u00e4hestymistavat yritysstrategiaan edist\u00e4v\u00e4t yhteisty\u00f6h\u00f6n perustuvaa ajattelua yleisen arvolupauksen edist\u00e4miseksi. Kasvata orgaanisesti kokonaisvaltaista maailmankuvaa h\u00e4iritsev\u00e4st\u00e4 innovaatiosta ty\u00f6paikkojen monimuotoisuuden ja voimaannutuksen avulla.<\/div><div class=\"span6\"><\/p>\n<h4>1\/2<\/h4>\n<p>Hy\u00f6dynn\u00e4 ketteri\u00e4 kehyksi\u00e4 luodaksesi vankan yhteenvedon korkean tason yleiskatsauksista. Iteratiiviset l\u00e4hestymistavat yritysstrategiaan edist\u00e4v\u00e4t yhteisty\u00f6h\u00f6n perustuvaa ajattelua yleisen arvolupauksen edist\u00e4miseksi. Kasvata orgaanisesti kokonaisvaltaista maailmankuvaa h\u00e4iritsev\u00e4st\u00e4 innovaatiosta ty\u00f6paikkojen monimuotoisuuden ja voimaannutuksen avulla.<\/div><\/div><div class=\"row-fluid\"><div class=\"span2\"><\/p>\n<h4>1\/6<\/h4>\n<p>Hy\u00f6dynn\u00e4 ketteri\u00e4 kehyksi\u00e4 luodaksesi vankan yhteenvedon korkean tason yleiskatsauksista. Iteratiiviset l\u00e4hestymistavat yritysstrategiaan edist\u00e4v\u00e4t yhteisty\u00f6h\u00f6n perustuvaa ajattelua yleisen arvolupauksen edist\u00e4miseksi. Kasvata orgaanisesti kokonaisvaltaista maailmankuvaa h\u00e4iritsev\u00e4st\u00e4 innovaatiosta ty\u00f6paikkojen monimuotoisuuden ja voimaannutuksen avulla.<\/div><div class=\"span2\"><\/p>\n<h4>1\/6<\/h4>\n<p>Hy\u00f6dynn\u00e4 ketteri\u00e4 kehyksi\u00e4 luodaksesi vankan yhteenvedon korkean tason yleiskatsauksista. Iteratiiviset l\u00e4hestymistavat yritysstrategiaan edist\u00e4v\u00e4t yhteisty\u00f6h\u00f6n perustuvaa ajattelua yleisen arvolupauksen edist\u00e4miseksi. Kasvata orgaanisesti kokonaisvaltaista maailmankuvaa h\u00e4iritsev\u00e4st\u00e4 innovaatiosta ty\u00f6paikkojen monimuotoisuuden ja voimaannutuksen avulla.<\/div><div class=\"span2\"><\/p>\n<h4>1\/6<\/h4>\n<p>Hy\u00f6dynn\u00e4 ketteri\u00e4 kehyksi\u00e4 luodaksesi vankan yhteenvedon korkean tason yleiskatsauksista. Iteratiiviset l\u00e4hestymistavat yritysstrategiaan edist\u00e4v\u00e4t yhteisty\u00f6h\u00f6n perustuvaa ajattelua yleisen arvolupauksen edist\u00e4miseksi. Kasvata orgaanisesti kokonaisvaltaista maailmankuvaa h\u00e4iritsev\u00e4st\u00e4 innovaatiosta ty\u00f6paikkojen monimuotoisuuden ja voimaannutuksen avulla.<\/div><div class=\"span2\"><\/p>\n<h4>1\/6<\/h4>\n<p>Hy\u00f6dynn\u00e4 ketteri\u00e4 kehyksi\u00e4 luodaksesi vankan yhteenvedon korkean tason yleiskatsauksista. Iteratiiviset l\u00e4hestymistavat yritysstrategiaan edist\u00e4v\u00e4t yhteisty\u00f6h\u00f6n perustuvaa ajattelua yleisen arvolupauksen edist\u00e4miseksi. Kasvata orgaanisesti kokonaisvaltaista maailmankuvaa h\u00e4iritsev\u00e4st\u00e4 innovaatiosta ty\u00f6paikkojen monimuotoisuuden ja voimaannutuksen avulla.<\/div><div class=\"span2\"><\/p>\n<h4>1\/6<\/h4>\n<p>Hy\u00f6dynn\u00e4 ketteri\u00e4 kehyksi\u00e4 luodaksesi vankan yhteenvedon korkean tason yleiskatsauksista. Iteratiiviset l\u00e4hestymistavat yritysstrategiaan edist\u00e4v\u00e4t yhteisty\u00f6h\u00f6n perustuvaa ajattelua yleisen arvolupauksen edist\u00e4miseksi. Kasvata orgaanisesti kokonaisvaltaista maailmankuvaa h\u00e4iritsev\u00e4st\u00e4 innovaatiosta ty\u00f6paikkojen monimuotoisuuden ja voimaannutuksen avulla.<\/div><div class=\"span2\"><\/p>\n<h4>1\/6<\/h4>\n<p>Hy\u00f6dynn\u00e4 ketteri\u00e4 kehyksi\u00e4 luodaksesi vankan yhteenvedon korkean tason yleiskatsauksista. Iteratiiviset l\u00e4hestymistavat yritysstrategiaan edist\u00e4v\u00e4t yhteisty\u00f6h\u00f6n perustuvaa ajattelua yleisen arvolupauksen edist\u00e4miseksi. Kasvata orgaanisesti kokonaisvaltaista maailmankuvaa h\u00e4iritsev\u00e4st\u00e4 innovaatiosta ty\u00f6paikkojen monimuotoisuuden ja voimaannutuksen avulla.<\/div><\/div>","protected":false},"excerpt":{"rendered":"<p>Innovoi objektiivisesti valtuutettuja valmistettuja tuotteita rinnakkaisten alustojen sijaan. Holistisesti hallitsevat laajennettavat testausmenettelyt luotettavia toimitusketjuja varten. Hy\u00f6dynn\u00e4 huippuluokan verkkopalveluja dramaattisesti huippuluokan toimituksiin n\u00e4hden.<\/p>","protected":false},"author":6,"featured_media":0,"parent":0,"menu_order":0,"comment_status":"closed","ping_status":"closed","template":"templates\/full-width.php","meta":{"_themeisle_gutenberg_block_has_review":false},"_links":{"self":[{"href":"https:\/\/www.mysunshine.es\/fi\/wp-json\/wp\/v2\/pages\/127"}],"collection":[{"href":"https:\/\/www.mysunshine.es\/fi\/wp-json\/wp\/v2\/pages"}],"about":[{"href":"https:\/\/www.mysunshine.es\/fi\/wp-json\/wp\/v2\/types\/page"}],"author":[{"embeddable":true,"href":"https:\/\/www.mysunshine.es\/fi\/wp-json\/wp\/v2\/users\/6"}],"replies":[{"embeddable":true,"href":"https:\/\/www.mysunshine.es\/fi\/wp-json\/wp\/v2\/comments?post=127"}],"version-history":[{"count":0,"href":"https:\/\/www.mysunshine.es\/fi\/wp-json\/wp\/v2\/pages\/127\/revisions"}],"wp:attachment":[{"href":"https:\/\/www.mysunshine.es\/fi\/wp-json\/wp\/v2\/media?parent=127"}],"curies":[{"name":"wp","href":"https:\/\/api.w.org\/{rel}","templated":true}]}}