{"id":4593,"date":"2017-06-27T12:44:00","date_gmt":"2017-06-27T12:44:00","guid":{"rendered":"http:\/\/inspirythemesdemo.com\/realplaces\/?page_id=3582"},"modified":"2017-06-27T12:44:00","modified_gmt":"2017-06-27T12:44:00","slug":"testimonials","status":"publish","type":"page","link":"https:\/\/www.mysunshine.es\/es\/testimonials\/","title":{"rendered":"Testimonios"},"content":{"rendered":"<div id=\"qe-testimonial-4620\" class=\"qe-testimonial-wrapper\">\n\n\t\t\t\t\t<div class=\"qe-testimonial-meta\">\n\n\t\t\t\t\t\t<div class=\"qe-testimonial-img\"><a href=\"https:\/\/wordpress.org\/\" target=\"_blank\"><img width=\"150\" height=\"150\" src=\"https:\/\/www.mysunshine.es\/wp-content\/uploads\/2017\/10\/Vistas-Stupa-Hills-150x150.jpg\" class=\"avatar wp-post-image\" alt=\"\" decoding=\"async\" loading=\"lazy\" srcset=\"https:\/\/www.mysunshine.es\/wp-content\/uploads\/2017\/10\/Vistas-Stupa-Hills-150x150.jpg 150w, https:\/\/www.mysunshine.es\/wp-content\/uploads\/2017\/10\/Vistas-Stupa-Hills-210x210.jpg 210w\" sizes=\"(max-width: 150px) 100vw, 150px\" \/><\/a><\/div>\n\t\t\t\t\t\t<cite class=\"qe-testimonial-author\">\n\t\t\t\t\t\t\t<span class=\"qe-testimonial-name\">Mike Robert<\/span>\n\t\t\t\t\t\t\t\t\t\t\t\t\t\t\t<span class=\"qe-testimonial-byline\">\n\t\t\t\t\t\t\t\t<a href=\"https:\/\/wordpress.org\/\" target=\"_blank\">Director de Autommatic<\/a>\t\t\t\t\t\t\t\t<\/span><!-- \/.qe-testimonial-byline -->\n\t\t\t\t\t\t\t\t\t\t\t\t\t\t<\/cite><!-- \/.qe-testimonial-author -->\n\n\t\t\t\t\t<\/div><!-- \/.qe-testimonial-meta -->\n\n\t\t\t\t\t<blockquote class=\"qe-testimonial-text\">\n\t\t\t\t\t\t<p>Pusimos nuestra casa a la venta con Real Places y, tras solo tres visitas, \u00a1se vendi\u00f3! Y conseguimos el precio que quer\u00edamos. Al vender una casa, lo fundamental es que el propietario reciba una valoraci\u00f3n realista y que el agente que elija sea experto. Mi consejo para quienes est\u00e9n considerando vender su casa es que se sientan c\u00f3modos con el agente que elijan. Mi esposa y yo no dudar\u00edamos en recomendar Real Homes a cualquiera que est\u00e9 dudando entre diferentes agentes en el futuro.<\/p>\n\t\t\t\t\t<\/blockquote><!-- \/.qe-testimonial-text -->\n\n\t\t\t\t<\/div><!-- \/.qe-testimonial-wrapper -->\n\t\t\t\t\t\t\t\t<div id=\"qe-testimonial-4622\" class=\"qe-testimonial-wrapper\">\n\n\t\t\t\t\t<div class=\"qe-testimonial-meta\">\n\n\t\t\t\t\t\t<div class=\"qe-testimonial-img\"><a href=\"#your-link-goes-here\" target=\"_blank\"><\/a><\/div>\n\t\t\t\t\t\t<cite class=\"qe-testimonial-author\">\n\t\t\t\t\t\t\t<span class=\"qe-testimonial-name\">Andr\u00e9s David<\/span>\n\t\t\t\t\t\t\t\t\t\t\t\t\t\t\t<span class=\"qe-testimonial-byline\">\n\t\t\t\t\t\t\t\t<a href=\"#your-link-goes-here\" target=\"_blank\">Consultor<\/a>\t\t\t\t\t\t\t\t<\/span><!-- \/.qe-testimonial-byline -->\n\t\t\t\t\t\t\t\t\t\t\t\t\t\t<\/cite><!-- \/.qe-testimonial-author -->\n\n\t\t\t\t\t<\/div><!-- \/.qe-testimonial-meta -->\n\n\t\t\t\t\t<blockquote class=\"qe-testimonial-text\">\n\t\t\t\t\t\t<p>Hemos estado sumamente satisfechos con su atenci\u00f3n, comunicaci\u00f3n, honestidad y asesoramiento durante todo el proceso. Vender una casa es estresante para cualquiera y usted nos ha ayudado a que todo fuera lo m\u00e1s sencillo posible. Creemos que realmente va m\u00e1s all\u00e1 de las responsabilidades generales de un agente inmobiliario, con un seguimiento exhaustivo, informes y siempre estando al tanto de los compradores potenciales.<\/p>\n\t\t\t\t\t<\/blockquote><!-- \/.qe-testimonial-text -->\n\n\t\t\t\t<\/div><!-- \/.qe-testimonial-wrapper -->\n\t\t\t\t\t\t\t\t<div id=\"qe-testimonial-4621\" class=\"qe-testimonial-wrapper\">\n\n\t\t\t\t\t<div class=\"qe-testimonial-meta\">\n\n\t\t\t\t\t\t<div class=\"qe-testimonial-img\"><a href=\"#your-link-goes-here\" target=\"_blank\"><\/a><\/div>\n\t\t\t\t\t\t<cite class=\"qe-testimonial-author\">\n\t\t\t\t\t\t\t<span class=\"qe-testimonial-name\">James William<\/span>\n\t\t\t\t\t\t\t\t\t\t\t\t\t\t\t<span class=\"qe-testimonial-byline\">\n\t\t\t\t\t\t\t\t<a href=\"#your-link-goes-here\" target=\"_blank\">Ingeniero civil<\/a>\t\t\t\t\t\t\t\t<\/span><!-- \/.qe-testimonial-byline -->\n\t\t\t\t\t\t\t\t\t\t\t\t\t\t<\/cite><!-- \/.qe-testimonial-author -->\n\n\t\t\t\t\t<\/div><!-- \/.qe-testimonial-meta -->\n\n\t\t\t\t\t<blockquote class=\"qe-testimonial-text\">\n\t\t\t\t\t\t<p>En un mercado tan complejo, requiri\u00f3 mucha paciencia y persistencia de su parte. Agradecemos enormemente todo lo que han hecho por nosotros. Siempre estuvieron presentes y dieron seguimiento a cada detalle y a cualquier consulta que tuvimos durante el proceso. Siempre fueron serviciales, profesionales y manejaron la situaci\u00f3n con una sonrisa.<\/p>\n\t\t\t\t\t<\/blockquote><!-- \/.qe-testimonial-text -->\n\n\t\t\t\t<\/div><!-- \/.qe-testimonial-wrapper -->","protected":false},"excerpt":{"rendered":"In a very difficult market, it took a lot of patience and persistence on your part, we very much appreciate all that you have done for us. You were always there and followed up on every detail and any queries we had during the process you were always helpful, professional and handled the situation with...","protected":false},"author":6,"featured_media":0,"parent":0,"menu_order":0,"comment_status":"closed","ping_status":"closed","template":"","meta":{"_themeisle_gutenberg_block_has_review":false},"_links":{"self":[{"href":"https:\/\/www.mysunshine.es\/es\/wp-json\/wp\/v2\/pages\/4593"}],"collection":[{"href":"https:\/\/www.mysunshine.es\/es\/wp-json\/wp\/v2\/pages"}],"about":[{"href":"https:\/\/www.mysunshine.es\/es\/wp-json\/wp\/v2\/types\/page"}],"author":[{"embeddable":true,"href":"https:\/\/www.mysunshine.es\/es\/wp-json\/wp\/v2\/users\/6"}],"replies":[{"embeddable":true,"href":"https:\/\/www.mysunshine.es\/es\/wp-json\/wp\/v2\/comments?post=4593"}],"version-history":[{"count":0,"href":"https:\/\/www.mysunshine.es\/es\/wp-json\/wp\/v2\/pages\/4593\/revisions"}],"wp:attachment":[{"href":"https:\/\/www.mysunshine.es\/es\/wp-json\/wp\/v2\/media?parent=4593"}],"curies":[{"name":"wp","href":"https:\/\/api.w.org\/{rel}","templated":true}]}}