{"id":132,"date":"2017-06-05T10:16:32","date_gmt":"2017-06-05T10:16:32","guid":{"rendered":"http:\/\/realhomes.inspirythemes.com\/?page_id=129"},"modified":"2017-06-05T10:16:32","modified_gmt":"2017-06-05T10:16:32","slug":"typography","status":"publish","type":"page","link":"https:\/\/www.mysunshine.es\/es\/typography\/","title":{"rendered":"Tipograf\u00eda"},"content":{"rendered":"<h1><span>H1<\/span> t\u00edtulo<\/h1>\n<p>Aproveche los marcos \u00e1giles para proporcionar una sinopsis s\u00f3lida para descripciones generales de alto nivel. Los enfoques iterativos de la estrategia corporativa fomentan el pensamiento colaborativo para promover la propuesta de valor general. Hacer crecer org\u00e1nicamente la visi\u00f3n hol\u00edstica del mundo de la innovaci\u00f3n disruptiva a trav\u00e9s de la diversidad y el empoderamiento en el lugar de trabajo.<\/p>\n<h2><span>H2<\/span> t\u00edtulo<\/h2>\n<p>Aproveche los marcos \u00e1giles para proporcionar una sinopsis s\u00f3lida para descripciones generales de alto nivel. Los enfoques iterativos de la estrategia corporativa fomentan el pensamiento colaborativo para promover la propuesta de valor general. Hacer crecer org\u00e1nicamente la visi\u00f3n hol\u00edstica del mundo de la innovaci\u00f3n disruptiva a trav\u00e9s de la diversidad y el empoderamiento en el lugar de trabajo.<\/p>\n<h3><span>H3<\/span> t\u00edtulo<\/h3>\n<p>Aproveche los marcos \u00e1giles para proporcionar una sinopsis s\u00f3lida para descripciones generales de alto nivel. Los enfoques iterativos de la estrategia corporativa fomentan el pensamiento colaborativo para promover la propuesta de valor general. Hacer crecer org\u00e1nicamente la visi\u00f3n hol\u00edstica del mundo de la innovaci\u00f3n disruptiva a trav\u00e9s de la diversidad y el empoderamiento en el lugar de trabajo.<\/p>\n<h4><span>H4<\/span> t\u00edtulo<\/h4>\n<p>Aproveche los marcos \u00e1giles para proporcionar una sinopsis s\u00f3lida para descripciones generales de alto nivel. Los enfoques iterativos de la estrategia corporativa fomentan el pensamiento colaborativo para promover la propuesta de valor general. Hacer crecer org\u00e1nicamente la visi\u00f3n hol\u00edstica del mundo de la innovaci\u00f3n disruptiva a trav\u00e9s de la diversidad y el empoderamiento en el lugar de trabajo.<\/p>\n<h5><span>H5<\/span> t\u00edtulo<\/h5>\n<p>Aproveche los marcos \u00e1giles para proporcionar una sinopsis s\u00f3lida para descripciones generales de alto nivel. Los enfoques iterativos de la estrategia corporativa fomentan el pensamiento colaborativo para promover la propuesta de valor general. Hacer crecer org\u00e1nicamente la visi\u00f3n hol\u00edstica del mundo de la innovaci\u00f3n disruptiva a trav\u00e9s de la diversidad y el empoderamiento en el lugar de trabajo.<\/p>\n<h6><span>H6<\/span> t\u00edtulo<\/h6>\n<p>Aproveche los marcos \u00e1giles para proporcionar una sinopsis s\u00f3lida para descripciones generales de alto nivel. Los enfoques iterativos de la estrategia corporativa fomentan el pensamiento colaborativo para promover la propuesta de valor general. Hacer crecer org\u00e1nicamente la visi\u00f3n hol\u00edstica del mundo de la innovaci\u00f3n disruptiva a trav\u00e9s de la diversidad y el empoderamiento en el lugar de trabajo.<\/p>\n<hr \/>\n<h3>Estilos de lista<\/h3>\n<div class=\"row-fluid\"><div class=\"span6\"><div class=\"disc-list\"><\/p>\n<ul>\n<li>Aproveche las oportunidades m\u00e1s f\u00e1ciles para identificar una actividad de valor agregado aproximada para realizar una prueba beta.<\/li>\n<li>Supere la brecha digital con clics adicionales de DevOps.<\/li>\n<li>La inmersi\u00f3n de la nanotecnolog\u00eda en la autopista de la informaci\u00f3n cerrar\u00e1 el c\u00edrculo de centrarse exclusivamente en el resultado final.<\/li>\n<li>C\u00f3mo retirar del sistema los indicadores clave de rendimiento sin interrupciones para maximizar la larga cola.<\/li>\n<\/ul>\n<p><\/div><\/div><div class=\"span6\"><div class=\"small-arrow-list\"><\/p>\n<ul>\n<li>Aproveche las oportunidades m\u00e1s f\u00e1ciles para identificar una actividad de valor agregado aproximada para realizar una prueba beta.<\/li>\n<li>Supere la brecha digital con clics adicionales de DevOps.<\/li>\n<li>La inmersi\u00f3n de la nanotecnolog\u00eda en la autopista de la informaci\u00f3n cerrar\u00e1 el c\u00edrculo de centrarse exclusivamente en el resultado final.<\/li>\n<li>C\u00f3mo retirar del sistema los indicadores clave de rendimiento sin interrupciones para maximizar la larga cola.<\/li>\n<\/ul>\n<p><\/div><\/div><\/div><div class=\"row-fluid\"><div class=\"span6\"><div class=\"tick-list\"><\/p>\n<ul>\n<li>Aproveche las oportunidades m\u00e1s f\u00e1ciles para identificar una actividad de valor agregado aproximada para realizar una prueba beta.<\/li>\n<li>Supere la brecha digital con clics adicionales de DevOps.<\/li>\n<li>La inmersi\u00f3n de la nanotecnolog\u00eda en la autopista de la informaci\u00f3n cerrar\u00e1 el c\u00edrculo de centrarse exclusivamente en el resultado final.<\/li>\n<li>C\u00f3mo retirar del sistema los indicadores clave de rendimiento sin interrupciones para maximizar la larga cola.<\/li>\n<\/ul>\n<p><\/div><\/div><div class=\"span6\"><div class=\"arrow-list\"><\/p>\n<ul>\n<li>Aproveche las oportunidades m\u00e1s f\u00e1ciles para identificar una actividad de valor agregado aproximada para realizar una prueba beta.<\/li>\n<li>Supere la brecha digital con clics adicionales de DevOps.<\/li>\n<li>La inmersi\u00f3n de la nanotecnolog\u00eda en la autopista de la informaci\u00f3n cerrar\u00e1 el c\u00edrculo de centrarse exclusivamente en el resultado final.<\/li>\n<li>C\u00f3mo retirar del sistema los indicadores clave de rendimiento sin interrupciones para maximizar la larga cola.<\/li>\n<\/ul>\n<p><\/div><\/div><\/div>\n<hr \/>\n<h3>Bot\u00f3n<\/h3>\n<div class=\"row-fluid\"><div class=\"span4\"><br \/>\n<a class=\"rh_btn rh_btn--primary btn-mini\" href=\"#1\" target=\"\">Bot\u00f3n<\/a><br \/>\n<a class=\"rh_btn rh_btn--primary btn-small\" href=\"#2\" target=\"\">Bot\u00f3n<\/a><br \/>\n<a class=\"rh_btn rh_btn--primary btn-large\" href=\"#3\" target=\"\">Bot\u00f3n<\/a><br \/>\n<\/div><div class=\"span4\"><br \/>\n<a class=\"rh_btn rh_btn--secondary btn-mini\" href=\"#1\" target=\"\">Bot\u00f3n<\/a><br \/>\n<a class=\"rh_btn rh_btn--secondary btn-small\" href=\"#2\" target=\"\">Bot\u00f3n<\/a><br \/>\n<a class=\"rh_btn rh_btn--secondary btn-large\" href=\"#3\" target=\"\">Bot\u00f3n<\/a><br \/>\n<\/div><div class=\"span4\"><br \/>\n<a class=\"rh_btn rh_btn--greybtn btn-mini\" href=\"#1\" target=\"\">Bot\u00f3n<\/a><br \/>\n<a class=\"rh_btn rh_btn--greybtn btn-small\" href=\"#2\" target=\"\">Bot\u00f3n<\/a><br \/>\n<a class=\"rh_btn rh_btn--greybtn btn-large\" href=\"#3\" target=\"\">Bot\u00f3n<\/a><br \/>\n<\/div><\/div>\n<hr \/>\n<p><p class=\"info\"><strong>Informaci\u00f3n:<\/strong> Aproveche los marcos \u00e1giles para proporcionar una sinopsis s\u00f3lida para descripciones generales de alto nivel. Los enfoques iterativos de la estrategia corporativa fomentan el pensamiento colaborativo para promover la propuesta de valor general. Hacer crecer org\u00e1nicamente la visi\u00f3n hol\u00edstica del mundo de la innovaci\u00f3n disruptiva a trav\u00e9s de la diversidad y el empoderamiento en el lugar de trabajo.<i class=\"icon-remove\"><\/i><\/p><p class=\"tip\"><strong>Consejo:<\/strong> Aproveche los marcos \u00e1giles para proporcionar una sinopsis s\u00f3lida para descripciones generales de alto nivel. Los enfoques iterativos de la estrategia corporativa fomentan el pensamiento colaborativo para promover la propuesta de valor general. Hacer crecer org\u00e1nicamente la visi\u00f3n hol\u00edstica del mundo de la innovaci\u00f3n disruptiva a trav\u00e9s de la diversidad y el empoderamiento en el lugar de trabajo. <i class=\"icon-remove\"><\/i><\/p><p class=\"success\"><strong>\u00c9xito:<\/strong> Aproveche los marcos \u00e1giles para proporcionar una sinopsis s\u00f3lida para descripciones generales de alto nivel. Los enfoques iterativos de la estrategia corporativa fomentan el pensamiento colaborativo para promover la propuesta de valor general. Hacer crecer org\u00e1nicamente la visi\u00f3n hol\u00edstica del mundo de la innovaci\u00f3n disruptiva a trav\u00e9s de la diversidad y el empoderamiento en el lugar de trabajo.<i class=\"icon-remove\"><\/i><\/p><p class=\"error\"><strong>Error:<\/strong> Aproveche los marcos \u00e1giles para proporcionar una sinopsis s\u00f3lida para descripciones generales de alto nivel. Los enfoques iterativos de la estrategia corporativa fomentan el pensamiento colaborativo para promover la propuesta de valor general. Hacer crecer org\u00e1nicamente la visi\u00f3n hol\u00edstica del mundo de la innovaci\u00f3n disruptiva a trav\u00e9s de la diversidad y el empoderamiento en el lugar de trabajo.<i class=\"icon-remove\"><\/i><\/p><\/p>","protected":false},"excerpt":{"rendered":"<p>H1 heading Leverage agile frameworks to provide a robust synopsis for high level overviews. Iterative approaches to corporate strategy foster collaborative thinking to further the overall value proposition. Organically grow the holistic world view of disruptive innovation via workplace diversity and empowerment. H2 heading Leverage agile frameworks to provide a robust synopsis for high level&#8230;<\/p>","protected":false},"author":6,"featured_media":0,"parent":0,"menu_order":0,"comment_status":"closed","ping_status":"closed","template":"","meta":{"_themeisle_gutenberg_block_has_review":false},"_links":{"self":[{"href":"https:\/\/www.mysunshine.es\/es\/wp-json\/wp\/v2\/pages\/132"}],"collection":[{"href":"https:\/\/www.mysunshine.es\/es\/wp-json\/wp\/v2\/pages"}],"about":[{"href":"https:\/\/www.mysunshine.es\/es\/wp-json\/wp\/v2\/types\/page"}],"author":[{"embeddable":true,"href":"https:\/\/www.mysunshine.es\/es\/wp-json\/wp\/v2\/users\/6"}],"replies":[{"embeddable":true,"href":"https:\/\/www.mysunshine.es\/es\/wp-json\/wp\/v2\/comments?post=132"}],"version-history":[{"count":0,"href":"https:\/\/www.mysunshine.es\/es\/wp-json\/wp\/v2\/pages\/132\/revisions"}],"wp:attachment":[{"href":"https:\/\/www.mysunshine.es\/es\/wp-json\/wp\/v2\/media?parent=132"}],"curies":[{"name":"wp","href":"https:\/\/api.w.org\/{rel}","templated":true}]}}