{"id":127,"date":"2017-06-05T09:13:38","date_gmt":"2017-06-05T09:13:38","guid":{"rendered":"http:\/\/realhomes.inspirythemes.com\/?page_id=127"},"modified":"2017-06-05T09:13:38","modified_gmt":"2017-06-05T09:13:38","slug":"columns","status":"publish","type":"page","link":"https:\/\/www.mysunshine.es\/es\/columns\/","title":{"rendered":"Columnas"},"content":{"rendered":"<p>Innovar objetivamente productos manufacturados potenciados en plataformas paralelas. Predominar de manera hol\u00edstica los procedimientos de prueba extensibles para cadenas de suministro confiables. Contratar servicios web de primera l\u00ednea en comparaci\u00f3n con entregables de vanguardia.<div class=\"row-fluid\"><div class=\"span3\"><\/p>\n<h4>1\/4<\/h4>\n<p>Innovar con credibilidad en fuentes granulares internas u org\u00e1nicas, con altos est\u00e1ndares de adaptaci\u00f3n a la web. Escalar sin\u00e9rgicamente competencias clave con visi\u00f3n de futuro para experiencias impactantes. Sintetizar dr\u00e1sticamente esquemas integrados con redes \u00f3ptimas.<br \/>\n<\/div><div class=\"span3\"><\/p>\n<h4>1\/4<\/h4>\n<p>Innovar con credibilidad en fuentes granulares internas u org\u00e1nicas, con altos est\u00e1ndares de adaptaci\u00f3n a la web. Escalar sin\u00e9rgicamente competencias clave con visi\u00f3n de futuro para experiencias impactantes. Sintetizar dr\u00e1sticamente esquemas integrados con redes \u00f3ptimas.<\/div><div class=\"span3\"><\/p>\n<h4>1\/4<\/h4>\n<p>Innovar con credibilidad en fuentes granulares internas u org\u00e1nicas, con altos est\u00e1ndares de adaptaci\u00f3n a la web. Escalar sin\u00e9rgicamente competencias clave con visi\u00f3n de futuro para experiencias impactantes. Sintetizar dr\u00e1sticamente esquemas integrados con redes \u00f3ptimas.<\/div><div class=\"span3\"><\/p>\n<h4>1\/4<\/h4>\n<p>Innovar con credibilidad en fuentes granulares internas u org\u00e1nicas, con altos est\u00e1ndares de adaptaci\u00f3n a la web. Escalar sin\u00e9rgicamente competencias clave con visi\u00f3n de futuro para experiencias impactantes. Sintetizar dr\u00e1sticamente esquemas integrados con redes \u00f3ptimas.<\/div><\/div><div class=\"row-fluid\"><div class=\"span6\"><\/p>\n<h4>1\/2<\/h4>\n<p>Aproveche los marcos \u00e1giles para proporcionar una sinopsis s\u00f3lida para descripciones generales de alto nivel. Los enfoques iterativos de la estrategia corporativa fomentan el pensamiento colaborativo para promover la propuesta de valor general. Hacer crecer org\u00e1nicamente la visi\u00f3n hol\u00edstica del mundo de la innovaci\u00f3n disruptiva a trav\u00e9s de la diversidad y el empoderamiento en el lugar de trabajo.<\/div><div class=\"span6\"><\/p>\n<h4>1\/2<\/h4>\n<p>Aproveche los marcos \u00e1giles para proporcionar una sinopsis s\u00f3lida para descripciones generales de alto nivel. Los enfoques iterativos de la estrategia corporativa fomentan el pensamiento colaborativo para promover la propuesta de valor general. Hacer crecer org\u00e1nicamente la visi\u00f3n hol\u00edstica del mundo de la innovaci\u00f3n disruptiva a trav\u00e9s de la diversidad y el empoderamiento en el lugar de trabajo.<\/div><\/div><div class=\"row-fluid\"><div class=\"span4\"><\/p>\n<h4>1\/3<\/h4>\n<p>Aproveche los marcos \u00e1giles para proporcionar una sinopsis s\u00f3lida para descripciones generales de alto nivel. Los enfoques iterativos de la estrategia corporativa fomentan el pensamiento colaborativo para promover la propuesta de valor general. Hacer crecer org\u00e1nicamente la visi\u00f3n hol\u00edstica del mundo de la innovaci\u00f3n disruptiva a trav\u00e9s de la diversidad y el empoderamiento en el lugar de trabajo.<\/div><div class=\"span4\"><\/p>\n<h4>1\/3<\/h4>\n<p>Aproveche los marcos \u00e1giles para proporcionar una sinopsis s\u00f3lida para descripciones generales de alto nivel. Los enfoques iterativos de la estrategia corporativa fomentan el pensamiento colaborativo para promover la propuesta de valor general. Hacer crecer org\u00e1nicamente la visi\u00f3n hol\u00edstica del mundo de la innovaci\u00f3n disruptiva a trav\u00e9s de la diversidad y el empoderamiento en el lugar de trabajo.<\/div><div class=\"span4\"><\/p>\n<h4>1\/3<\/h4>\n<p>Aproveche los marcos \u00e1giles para proporcionar una sinopsis s\u00f3lida para descripciones generales de alto nivel. Los enfoques iterativos de la estrategia corporativa fomentan el pensamiento colaborativo para promover la propuesta de valor general. Hacer crecer org\u00e1nicamente la visi\u00f3n hol\u00edstica del mundo de la innovaci\u00f3n disruptiva a trav\u00e9s de la diversidad y el empoderamiento en el lugar de trabajo.<\/div><\/div><div class=\"row-fluid\"><div class=\"span3\"><\/p>\n<h4>1\/4<\/h4>\n<p>Aproveche los marcos \u00e1giles para proporcionar una sinopsis s\u00f3lida para descripciones generales de alto nivel. Los enfoques iterativos de la estrategia corporativa fomentan el pensamiento colaborativo para promover la propuesta de valor general. Hacer crecer org\u00e1nicamente la visi\u00f3n hol\u00edstica del mundo de la innovaci\u00f3n disruptiva a trav\u00e9s de la diversidad y el empoderamiento en el lugar de trabajo.<\/div><div class=\"span3\"><\/p>\n<h4>1\/4<\/h4>\n<p>Aproveche los marcos \u00e1giles para proporcionar una sinopsis s\u00f3lida para descripciones generales de alto nivel. Los enfoques iterativos de la estrategia corporativa fomentan el pensamiento colaborativo para promover la propuesta de valor general. Hacer crecer org\u00e1nicamente la visi\u00f3n hol\u00edstica del mundo de la innovaci\u00f3n disruptiva a trav\u00e9s de la diversidad y el empoderamiento en el lugar de trabajo.<\/div><div class=\"span6\"><\/p>\n<h4>1\/2<\/h4>\n<p>Aproveche los marcos \u00e1giles para proporcionar una sinopsis s\u00f3lida para descripciones generales de alto nivel. Los enfoques iterativos de la estrategia corporativa fomentan el pensamiento colaborativo para promover la propuesta de valor general. Hacer crecer org\u00e1nicamente la visi\u00f3n hol\u00edstica del mundo de la innovaci\u00f3n disruptiva a trav\u00e9s de la diversidad y el empoderamiento en el lugar de trabajo.<\/div><\/div><div class=\"row-fluid\"><div class=\"span2\"><\/p>\n<h4>1\/6<\/h4>\n<p>Aproveche los marcos \u00e1giles para proporcionar una sinopsis s\u00f3lida para descripciones generales de alto nivel. Los enfoques iterativos de la estrategia corporativa fomentan el pensamiento colaborativo para promover la propuesta de valor general. Hacer crecer org\u00e1nicamente la visi\u00f3n hol\u00edstica del mundo de la innovaci\u00f3n disruptiva a trav\u00e9s de la diversidad y el empoderamiento en el lugar de trabajo.<\/div><div class=\"span2\"><\/p>\n<h4>1\/6<\/h4>\n<p>Aproveche los marcos \u00e1giles para proporcionar una sinopsis s\u00f3lida para descripciones generales de alto nivel. Los enfoques iterativos de la estrategia corporativa fomentan el pensamiento colaborativo para promover la propuesta de valor general. Hacer crecer org\u00e1nicamente la visi\u00f3n hol\u00edstica del mundo de la innovaci\u00f3n disruptiva a trav\u00e9s de la diversidad y el empoderamiento en el lugar de trabajo.<\/div><div class=\"span2\"><\/p>\n<h4>1\/6<\/h4>\n<p>Aproveche los marcos \u00e1giles para proporcionar una sinopsis s\u00f3lida para descripciones generales de alto nivel. Los enfoques iterativos de la estrategia corporativa fomentan el pensamiento colaborativo para promover la propuesta de valor general. Hacer crecer org\u00e1nicamente la visi\u00f3n hol\u00edstica del mundo de la innovaci\u00f3n disruptiva a trav\u00e9s de la diversidad y el empoderamiento en el lugar de trabajo.<\/div><div class=\"span2\"><\/p>\n<h4>1\/6<\/h4>\n<p>Aproveche los marcos \u00e1giles para proporcionar una sinopsis s\u00f3lida para descripciones generales de alto nivel. Los enfoques iterativos de la estrategia corporativa fomentan el pensamiento colaborativo para promover la propuesta de valor general. Hacer crecer org\u00e1nicamente la visi\u00f3n hol\u00edstica del mundo de la innovaci\u00f3n disruptiva a trav\u00e9s de la diversidad y el empoderamiento en el lugar de trabajo.<\/div><div class=\"span2\"><\/p>\n<h4>1\/6<\/h4>\n<p>Aproveche los marcos \u00e1giles para proporcionar una sinopsis s\u00f3lida para descripciones generales de alto nivel. Los enfoques iterativos de la estrategia corporativa fomentan el pensamiento colaborativo para promover la propuesta de valor general. Hacer crecer org\u00e1nicamente la visi\u00f3n hol\u00edstica del mundo de la innovaci\u00f3n disruptiva a trav\u00e9s de la diversidad y el empoderamiento en el lugar de trabajo.<\/div><div class=\"span2\"><\/p>\n<h4>1\/6<\/h4>\n<p>Aproveche los marcos \u00e1giles para proporcionar una sinopsis s\u00f3lida para descripciones generales de alto nivel. Los enfoques iterativos de la estrategia corporativa fomentan el pensamiento colaborativo para promover la propuesta de valor general. Hacer crecer org\u00e1nicamente la visi\u00f3n hol\u00edstica del mundo de la innovaci\u00f3n disruptiva a trav\u00e9s de la diversidad y el empoderamiento en el lugar de trabajo.<\/div><\/div>","protected":false},"excerpt":{"rendered":"<p>Innovar objetivamente productos manufacturados potenciados en plataformas paralelas. Predominar de manera hol\u00edstica los procedimientos de prueba extensibles para cadenas de suministro confiables. Contratar servicios web de primera l\u00ednea en comparaci\u00f3n con entregables de vanguardia.<\/p>","protected":false},"author":6,"featured_media":0,"parent":0,"menu_order":0,"comment_status":"closed","ping_status":"closed","template":"templates\/full-width.php","meta":{"_themeisle_gutenberg_block_has_review":false},"_links":{"self":[{"href":"https:\/\/www.mysunshine.es\/es\/wp-json\/wp\/v2\/pages\/127"}],"collection":[{"href":"https:\/\/www.mysunshine.es\/es\/wp-json\/wp\/v2\/pages"}],"about":[{"href":"https:\/\/www.mysunshine.es\/es\/wp-json\/wp\/v2\/types\/page"}],"author":[{"embeddable":true,"href":"https:\/\/www.mysunshine.es\/es\/wp-json\/wp\/v2\/users\/6"}],"replies":[{"embeddable":true,"href":"https:\/\/www.mysunshine.es\/es\/wp-json\/wp\/v2\/comments?post=127"}],"version-history":[{"count":0,"href":"https:\/\/www.mysunshine.es\/es\/wp-json\/wp\/v2\/pages\/127\/revisions"}],"wp:attachment":[{"href":"https:\/\/www.mysunshine.es\/es\/wp-json\/wp\/v2\/media?parent=127"}],"curies":[{"name":"wp","href":"https:\/\/api.w.org\/{rel}","templated":true}]}}