{"id":132,"date":"2017-06-05T10:16:32","date_gmt":"2017-06-05T10:16:32","guid":{"rendered":"http:\/\/realhomes.inspirythemes.com\/?page_id=129"},"modified":"2017-06-05T10:16:32","modified_gmt":"2017-06-05T10:16:32","slug":"typography","status":"publish","type":"page","link":"https:\/\/www.mysunshine.es\/de\/typography\/","title":{"rendered":"Typografie"},"content":{"rendered":"<h1><span>H1<\/span> \u00dcberschrift<\/h1>\n<p>Nutzen Sie agile Frameworks, um eine solide Zusammenfassung f\u00fcr allgemeine \u00dcbersichten bereitzustellen. Iterative Ans\u00e4tze zur Unternehmensstrategie f\u00f6rdern kollaboratives Denken, um das Gesamtwertversprechen voranzutreiben. Entwickeln Sie die ganzheitliche Weltanschauung disruptiver Innovationen durch Vielfalt und St\u00e4rkung am Arbeitsplatz organisch.<\/p>\n<h2><span>H2<\/span> \u00dcberschrift<\/h2>\n<p>Nutzen Sie agile Frameworks, um eine solide Zusammenfassung f\u00fcr allgemeine \u00dcbersichten bereitzustellen. Iterative Ans\u00e4tze zur Unternehmensstrategie f\u00f6rdern kollaboratives Denken, um das Gesamtwertversprechen voranzutreiben. Entwickeln Sie die ganzheitliche Weltanschauung disruptiver Innovationen durch Vielfalt und St\u00e4rkung am Arbeitsplatz organisch.<\/p>\n<h3><span>H3<\/span> \u00dcberschrift<\/h3>\n<p>Nutzen Sie agile Frameworks, um eine solide Zusammenfassung f\u00fcr allgemeine \u00dcbersichten bereitzustellen. Iterative Ans\u00e4tze zur Unternehmensstrategie f\u00f6rdern kollaboratives Denken, um das Gesamtwertversprechen voranzutreiben. Entwickeln Sie die ganzheitliche Weltanschauung disruptiver Innovationen durch Vielfalt und St\u00e4rkung am Arbeitsplatz organisch.<\/p>\n<h4><span>H4<\/span> \u00dcberschrift<\/h4>\n<p>Nutzen Sie agile Frameworks, um eine solide Zusammenfassung f\u00fcr allgemeine \u00dcbersichten bereitzustellen. Iterative Ans\u00e4tze zur Unternehmensstrategie f\u00f6rdern kollaboratives Denken, um das Gesamtwertversprechen voranzutreiben. Entwickeln Sie die ganzheitliche Weltanschauung disruptiver Innovationen durch Vielfalt und St\u00e4rkung am Arbeitsplatz organisch.<\/p>\n<h5><span>H5<\/span> \u00dcberschrift<\/h5>\n<p>Nutzen Sie agile Frameworks, um eine solide Zusammenfassung f\u00fcr allgemeine \u00dcbersichten bereitzustellen. Iterative Ans\u00e4tze zur Unternehmensstrategie f\u00f6rdern kollaboratives Denken, um das Gesamtwertversprechen voranzutreiben. Entwickeln Sie die ganzheitliche Weltanschauung disruptiver Innovationen durch Vielfalt und St\u00e4rkung am Arbeitsplatz organisch.<\/p>\n<h6><span>H6<\/span> \u00dcberschrift<\/h6>\n<p>Nutzen Sie agile Frameworks, um eine solide Zusammenfassung f\u00fcr allgemeine \u00dcbersichten bereitzustellen. Iterative Ans\u00e4tze zur Unternehmensstrategie f\u00f6rdern kollaboratives Denken, um das Gesamtwertversprechen voranzutreiben. Entwickeln Sie die ganzheitliche Weltanschauung disruptiver Innovationen durch Vielfalt und St\u00e4rkung am Arbeitsplatz organisch.<\/p>\n<hr \/>\n<h3>Listenstile<\/h3>\n<div class=\"row-fluid\"><div class=\"span6\"><div class=\"disc-list\"><\/p>\n<ul>\n<li>Nutzen Sie die niedrig h\u00e4ngenden Fr\u00fcchte, um eine ungef\u00e4hre wertsch\u00f6pfende Aktivit\u00e4t f\u00fcr den Betatest zu identifizieren.<\/li>\n<li>\u00dcberbr\u00fccken Sie die digitale Kluft mit zus\u00e4tzlichen Klicks von DevOps.<\/li>\n<li>Durch die Integration der Nanotechnologie in die Datenautobahn wird der Kreis der ausschlie\u00dflichen Konzentration auf das Endergebnis geschlossen.<\/li>\n<li>Nahtlose Offline-Nutzung von Leistungskennzahlen zur Maximierung des Long Tail.<\/li>\n<\/ul>\n<p><\/div><\/div><div class=\"span6\"><div class=\"small-arrow-list\"><\/p>\n<ul>\n<li>Nutzen Sie die niedrig h\u00e4ngenden Fr\u00fcchte, um eine ungef\u00e4hre wertsch\u00f6pfende Aktivit\u00e4t f\u00fcr den Betatest zu identifizieren.<\/li>\n<li>\u00dcberbr\u00fccken Sie die digitale Kluft mit zus\u00e4tzlichen Klicks von DevOps.<\/li>\n<li>Durch die Integration der Nanotechnologie in die Datenautobahn wird der Kreis der ausschlie\u00dflichen Konzentration auf das Endergebnis geschlossen.<\/li>\n<li>Nahtlose Offline-Nutzung von Leistungskennzahlen zur Maximierung des Long Tail.<\/li>\n<\/ul>\n<p><\/div><\/div><\/div><div class=\"row-fluid\"><div class=\"span6\"><div class=\"tick-list\"><\/p>\n<ul>\n<li>Nutzen Sie die niedrig h\u00e4ngenden Fr\u00fcchte, um eine ungef\u00e4hre wertsch\u00f6pfende Aktivit\u00e4t f\u00fcr den Betatest zu identifizieren.<\/li>\n<li>\u00dcberbr\u00fccken Sie die digitale Kluft mit zus\u00e4tzlichen Klicks von DevOps.<\/li>\n<li>Durch die Integration der Nanotechnologie in die Datenautobahn wird der Kreis der ausschlie\u00dflichen Konzentration auf das Endergebnis geschlossen.<\/li>\n<li>Nahtlose Offline-Nutzung von Leistungskennzahlen zur Maximierung des Long Tail.<\/li>\n<\/ul>\n<p><\/div><\/div><div class=\"span6\"><div class=\"arrow-list\"><\/p>\n<ul>\n<li>Nutzen Sie die niedrig h\u00e4ngenden Fr\u00fcchte, um eine ungef\u00e4hre wertsch\u00f6pfende Aktivit\u00e4t f\u00fcr den Betatest zu identifizieren.<\/li>\n<li>\u00dcberbr\u00fccken Sie die digitale Kluft mit zus\u00e4tzlichen Klicks von DevOps.<\/li>\n<li>Durch die Integration der Nanotechnologie in die Datenautobahn wird der Kreis der ausschlie\u00dflichen Konzentration auf das Endergebnis geschlossen.<\/li>\n<li>Nahtlose Offline-Nutzung von Leistungskennzahlen zur Maximierung des Long Tail.<\/li>\n<\/ul>\n<p><\/div><\/div><\/div>\n<hr \/>\n<h3>Taste<\/h3>\n<div class=\"row-fluid\"><div class=\"span4\"><br \/>\n<a class=\"rh_btn rh_btn--primary btn-mini\" href=\"#1\" target=\"\">Taste<\/a><br \/>\n<a class=\"rh_btn rh_btn--primary btn-small\" href=\"#2\" target=\"\">Taste<\/a><br \/>\n<a class=\"rh_btn rh_btn--primary btn-large\" href=\"#3\" target=\"\">Taste<\/a><br \/>\n<\/div><div class=\"span4\"><br \/>\n<a class=\"rh_btn rh_btn--secondary btn-mini\" href=\"#1\" target=\"\">Taste<\/a><br \/>\n<a class=\"rh_btn rh_btn--secondary btn-small\" href=\"#2\" target=\"\">Taste<\/a><br \/>\n<a class=\"rh_btn rh_btn--secondary btn-large\" href=\"#3\" target=\"\">Taste<\/a><br \/>\n<\/div><div class=\"span4\"><br \/>\n<a class=\"rh_btn rh_btn--greybtn btn-mini\" href=\"#1\" target=\"\">Taste<\/a><br \/>\n<a class=\"rh_btn rh_btn--greybtn btn-small\" href=\"#2\" target=\"\">Taste<\/a><br \/>\n<a class=\"rh_btn rh_btn--greybtn btn-large\" href=\"#3\" target=\"\">Taste<\/a><br \/>\n<\/div><\/div>\n<hr \/>\n<p><p class=\"info\"><strong>Information:<\/strong> Nutzen Sie agile Frameworks, um eine solide Zusammenfassung f\u00fcr allgemeine \u00dcbersichten bereitzustellen. Iterative Ans\u00e4tze zur Unternehmensstrategie f\u00f6rdern kollaboratives Denken, um das Gesamtwertversprechen voranzutreiben. Entwickeln Sie die ganzheitliche Weltanschauung disruptiver Innovationen durch Vielfalt und St\u00e4rkung am Arbeitsplatz organisch.<i class=\"icon-remove\"><\/i><\/p><p class=\"tip\"><strong>Tipp:<\/strong> Nutzen Sie agile Frameworks, um eine solide Zusammenfassung f\u00fcr allgemeine \u00dcbersichten bereitzustellen. Iterative Ans\u00e4tze zur Unternehmensstrategie f\u00f6rdern kollaboratives Denken, um das Gesamtwertversprechen voranzutreiben. Entwickeln Sie die ganzheitliche Weltanschauung disruptiver Innovationen durch Vielfalt und St\u00e4rkung am Arbeitsplatz organisch. <i class=\"icon-remove\"><\/i><\/p><p class=\"success\"><strong>Erfolg:<\/strong> Nutzen Sie agile Frameworks, um eine solide Zusammenfassung f\u00fcr allgemeine \u00dcbersichten bereitzustellen. Iterative Ans\u00e4tze zur Unternehmensstrategie f\u00f6rdern kollaboratives Denken, um das Gesamtwertversprechen voranzutreiben. Entwickeln Sie die ganzheitliche Weltanschauung disruptiver Innovationen durch Vielfalt und St\u00e4rkung am Arbeitsplatz organisch.<i class=\"icon-remove\"><\/i><\/p><p class=\"error\"><strong>Fehler:<\/strong> Nutzen Sie agile Frameworks, um eine solide Zusammenfassung f\u00fcr allgemeine \u00dcbersichten bereitzustellen. Iterative Ans\u00e4tze zur Unternehmensstrategie f\u00f6rdern kollaboratives Denken, um das Gesamtwertversprechen voranzutreiben. Entwickeln Sie die ganzheitliche Weltanschauung disruptiver Innovationen durch Vielfalt und St\u00e4rkung am Arbeitsplatz organisch.<i class=\"icon-remove\"><\/i><\/p><\/p>","protected":false},"excerpt":{"rendered":"<p>H1 heading Leverage agile frameworks to provide a robust synopsis for high level overviews. Iterative approaches to corporate strategy foster collaborative thinking to further the overall value proposition. Organically grow the holistic world view of disruptive innovation via workplace diversity and empowerment. H2 heading Leverage agile frameworks to provide a robust synopsis for high level&#8230;<\/p>","protected":false},"author":6,"featured_media":0,"parent":0,"menu_order":0,"comment_status":"closed","ping_status":"closed","template":"","meta":{"_themeisle_gutenberg_block_has_review":false},"_links":{"self":[{"href":"https:\/\/www.mysunshine.es\/de\/wp-json\/wp\/v2\/pages\/132"}],"collection":[{"href":"https:\/\/www.mysunshine.es\/de\/wp-json\/wp\/v2\/pages"}],"about":[{"href":"https:\/\/www.mysunshine.es\/de\/wp-json\/wp\/v2\/types\/page"}],"author":[{"embeddable":true,"href":"https:\/\/www.mysunshine.es\/de\/wp-json\/wp\/v2\/users\/6"}],"replies":[{"embeddable":true,"href":"https:\/\/www.mysunshine.es\/de\/wp-json\/wp\/v2\/comments?post=132"}],"version-history":[{"count":0,"href":"https:\/\/www.mysunshine.es\/de\/wp-json\/wp\/v2\/pages\/132\/revisions"}],"wp:attachment":[{"href":"https:\/\/www.mysunshine.es\/de\/wp-json\/wp\/v2\/media?parent=132"}],"curies":[{"name":"wp","href":"https:\/\/api.w.org\/{rel}","templated":true}]}}