{"id":127,"date":"2017-06-05T09:13:38","date_gmt":"2017-06-05T09:13:38","guid":{"rendered":"http:\/\/realhomes.inspirythemes.com\/?page_id=127"},"modified":"2017-06-05T09:13:38","modified_gmt":"2017-06-05T09:13:38","slug":"columns","status":"publish","type":"page","link":"https:\/\/www.mysunshine.es\/de\/columns\/","title":{"rendered":"Spalten"},"content":{"rendered":"<p>Entwickeln Sie objektiv innovative, leistungsstarke Produkte mithilfe paralleler Plattformen. Setzen Sie erweiterbare Testverfahren ganzheitlich f\u00fcr zuverl\u00e4ssige Lieferketten ein. Setzen Sie erstklassige Webdienste im Hinblick auf innovative Ergebnisse ein.<div class=\"row-fluid\"><div class=\"span3\"><\/p>\n<h4>1\/4<\/h4>\n<p>Erneuern Sie glaubw\u00fcrdig granulare interne oder \u201eorganische\u201c Quellen unter Einhaltung hoher Standards in Bezug auf die Web-Bereitschaft. Skalieren Sie synergetisch zukunftssichere Kernkompetenzen im Hinblick auf wirkungsvolle Erlebnisse. Synthetisieren Sie integrierte Schemata mit optimalen Netzwerken.<br \/>\n<\/div><div class=\"span3\"><\/p>\n<h4>1\/4<\/h4>\n<p>Erneuern Sie glaubw\u00fcrdig granulare interne oder \u201eorganische\u201c Quellen unter Einhaltung hoher Standards in Bezug auf die Web-Bereitschaft. Skalieren Sie synergetisch zukunftssichere Kernkompetenzen im Hinblick auf wirkungsvolle Erlebnisse. Synthetisieren Sie integrierte Schemata mit optimalen Netzwerken.<\/div><div class=\"span3\"><\/p>\n<h4>1\/4<\/h4>\n<p>Erneuern Sie glaubw\u00fcrdig granulare interne oder \u201eorganische\u201c Quellen unter Einhaltung hoher Standards in Bezug auf die Web-Bereitschaft. Skalieren Sie synergetisch zukunftssichere Kernkompetenzen im Hinblick auf wirkungsvolle Erlebnisse. Synthetisieren Sie integrierte Schemata mit optimalen Netzwerken.<\/div><div class=\"span3\"><\/p>\n<h4>1\/4<\/h4>\n<p>Erneuern Sie glaubw\u00fcrdig granulare interne oder \u201eorganische\u201c Quellen unter Einhaltung hoher Standards in Bezug auf die Web-Bereitschaft. Skalieren Sie synergetisch zukunftssichere Kernkompetenzen im Hinblick auf wirkungsvolle Erlebnisse. Synthetisieren Sie integrierte Schemata mit optimalen Netzwerken.<\/div><\/div><div class=\"row-fluid\"><div class=\"span6\"><\/p>\n<h4>1\/2<\/h4>\n<p>Nutzen Sie agile Frameworks, um eine solide Zusammenfassung f\u00fcr allgemeine \u00dcbersichten bereitzustellen. Iterative Ans\u00e4tze zur Unternehmensstrategie f\u00f6rdern kollaboratives Denken, um das Gesamtwertversprechen voranzutreiben. Entwickeln Sie die ganzheitliche Weltanschauung disruptiver Innovationen durch Vielfalt und St\u00e4rkung am Arbeitsplatz organisch.<\/div><div class=\"span6\"><\/p>\n<h4>1\/2<\/h4>\n<p>Nutzen Sie agile Frameworks, um eine solide Zusammenfassung f\u00fcr allgemeine \u00dcbersichten bereitzustellen. Iterative Ans\u00e4tze zur Unternehmensstrategie f\u00f6rdern kollaboratives Denken, um das Gesamtwertversprechen voranzutreiben. Entwickeln Sie die ganzheitliche Weltanschauung disruptiver Innovationen durch Vielfalt und St\u00e4rkung am Arbeitsplatz organisch.<\/div><\/div><div class=\"row-fluid\"><div class=\"span4\"><\/p>\n<h4>1\/3<\/h4>\n<p>Nutzen Sie agile Frameworks, um eine solide Zusammenfassung f\u00fcr allgemeine \u00dcbersichten bereitzustellen. Iterative Ans\u00e4tze zur Unternehmensstrategie f\u00f6rdern kollaboratives Denken, um das Gesamtwertversprechen voranzutreiben. Entwickeln Sie die ganzheitliche Weltanschauung disruptiver Innovationen durch Vielfalt und St\u00e4rkung am Arbeitsplatz organisch.<\/div><div class=\"span4\"><\/p>\n<h4>1\/3<\/h4>\n<p>Nutzen Sie agile Frameworks, um eine solide Zusammenfassung f\u00fcr allgemeine \u00dcbersichten bereitzustellen. Iterative Ans\u00e4tze zur Unternehmensstrategie f\u00f6rdern kollaboratives Denken, um das Gesamtwertversprechen voranzutreiben. Entwickeln Sie die ganzheitliche Weltanschauung disruptiver Innovationen durch Vielfalt und St\u00e4rkung am Arbeitsplatz organisch.<\/div><div class=\"span4\"><\/p>\n<h4>1\/3<\/h4>\n<p>Nutzen Sie agile Frameworks, um eine solide Zusammenfassung f\u00fcr allgemeine \u00dcbersichten bereitzustellen. Iterative Ans\u00e4tze zur Unternehmensstrategie f\u00f6rdern kollaboratives Denken, um das Gesamtwertversprechen voranzutreiben. Entwickeln Sie die ganzheitliche Weltanschauung disruptiver Innovationen durch Vielfalt und St\u00e4rkung am Arbeitsplatz organisch.<\/div><\/div><div class=\"row-fluid\"><div class=\"span3\"><\/p>\n<h4>1\/4<\/h4>\n<p>Nutzen Sie agile Frameworks, um eine solide Zusammenfassung f\u00fcr allgemeine \u00dcbersichten bereitzustellen. Iterative Ans\u00e4tze zur Unternehmensstrategie f\u00f6rdern kollaboratives Denken, um das Gesamtwertversprechen voranzutreiben. Entwickeln Sie die ganzheitliche Weltanschauung disruptiver Innovationen durch Vielfalt und St\u00e4rkung am Arbeitsplatz organisch.<\/div><div class=\"span3\"><\/p>\n<h4>1\/4<\/h4>\n<p>Nutzen Sie agile Frameworks, um eine solide Zusammenfassung f\u00fcr allgemeine \u00dcbersichten bereitzustellen. Iterative Ans\u00e4tze zur Unternehmensstrategie f\u00f6rdern kollaboratives Denken, um das Gesamtwertversprechen voranzutreiben. Entwickeln Sie die ganzheitliche Weltanschauung disruptiver Innovationen durch Vielfalt und St\u00e4rkung am Arbeitsplatz organisch.<\/div><div class=\"span6\"><\/p>\n<h4>1\/2<\/h4>\n<p>Nutzen Sie agile Frameworks, um eine solide Zusammenfassung f\u00fcr allgemeine \u00dcbersichten bereitzustellen. Iterative Ans\u00e4tze zur Unternehmensstrategie f\u00f6rdern kollaboratives Denken, um das Gesamtwertversprechen voranzutreiben. Entwickeln Sie die ganzheitliche Weltanschauung disruptiver Innovationen durch Vielfalt und St\u00e4rkung am Arbeitsplatz organisch.<\/div><\/div><div class=\"row-fluid\"><div class=\"span2\"><\/p>\n<h4>1\/6<\/h4>\n<p>Nutzen Sie agile Frameworks, um eine solide Zusammenfassung f\u00fcr allgemeine \u00dcbersichten bereitzustellen. Iterative Ans\u00e4tze zur Unternehmensstrategie f\u00f6rdern kollaboratives Denken, um das Gesamtwertversprechen voranzutreiben. Entwickeln Sie die ganzheitliche Weltanschauung disruptiver Innovationen durch Vielfalt und St\u00e4rkung am Arbeitsplatz organisch.<\/div><div class=\"span2\"><\/p>\n<h4>1\/6<\/h4>\n<p>Nutzen Sie agile Frameworks, um eine solide Zusammenfassung f\u00fcr allgemeine \u00dcbersichten bereitzustellen. Iterative Ans\u00e4tze zur Unternehmensstrategie f\u00f6rdern kollaboratives Denken, um das Gesamtwertversprechen voranzutreiben. Entwickeln Sie die ganzheitliche Weltanschauung disruptiver Innovationen durch Vielfalt und St\u00e4rkung am Arbeitsplatz organisch.<\/div><div class=\"span2\"><\/p>\n<h4>1\/6<\/h4>\n<p>Nutzen Sie agile Frameworks, um eine solide Zusammenfassung f\u00fcr allgemeine \u00dcbersichten bereitzustellen. Iterative Ans\u00e4tze zur Unternehmensstrategie f\u00f6rdern kollaboratives Denken, um das Gesamtwertversprechen voranzutreiben. Entwickeln Sie die ganzheitliche Weltanschauung disruptiver Innovationen durch Vielfalt und St\u00e4rkung am Arbeitsplatz organisch.<\/div><div class=\"span2\"><\/p>\n<h4>1\/6<\/h4>\n<p>Nutzen Sie agile Frameworks, um eine solide Zusammenfassung f\u00fcr allgemeine \u00dcbersichten bereitzustellen. Iterative Ans\u00e4tze zur Unternehmensstrategie f\u00f6rdern kollaboratives Denken, um das Gesamtwertversprechen voranzutreiben. Entwickeln Sie die ganzheitliche Weltanschauung disruptiver Innovationen durch Vielfalt und St\u00e4rkung am Arbeitsplatz organisch.<\/div><div class=\"span2\"><\/p>\n<h4>1\/6<\/h4>\n<p>Nutzen Sie agile Frameworks, um eine solide Zusammenfassung f\u00fcr allgemeine \u00dcbersichten bereitzustellen. Iterative Ans\u00e4tze zur Unternehmensstrategie f\u00f6rdern kollaboratives Denken, um das Gesamtwertversprechen voranzutreiben. Entwickeln Sie die ganzheitliche Weltanschauung disruptiver Innovationen durch Vielfalt und St\u00e4rkung am Arbeitsplatz organisch.<\/div><div class=\"span2\"><\/p>\n<h4>1\/6<\/h4>\n<p>Nutzen Sie agile Frameworks, um eine solide Zusammenfassung f\u00fcr allgemeine \u00dcbersichten bereitzustellen. Iterative Ans\u00e4tze zur Unternehmensstrategie f\u00f6rdern kollaboratives Denken, um das Gesamtwertversprechen voranzutreiben. Entwickeln Sie die ganzheitliche Weltanschauung disruptiver Innovationen durch Vielfalt und St\u00e4rkung am Arbeitsplatz organisch.<\/div><\/div>","protected":false},"excerpt":{"rendered":"<p>Entwickeln Sie objektiv innovative, leistungsstarke Produkte mithilfe paralleler Plattformen. Setzen Sie erweiterbare Testverfahren ganzheitlich f\u00fcr zuverl\u00e4ssige Lieferketten ein. Setzen Sie erstklassige Webdienste im Hinblick auf innovative Ergebnisse ein.<\/p>","protected":false},"author":6,"featured_media":0,"parent":0,"menu_order":0,"comment_status":"closed","ping_status":"closed","template":"templates\/full-width.php","meta":{"_themeisle_gutenberg_block_has_review":false},"_links":{"self":[{"href":"https:\/\/www.mysunshine.es\/de\/wp-json\/wp\/v2\/pages\/127"}],"collection":[{"href":"https:\/\/www.mysunshine.es\/de\/wp-json\/wp\/v2\/pages"}],"about":[{"href":"https:\/\/www.mysunshine.es\/de\/wp-json\/wp\/v2\/types\/page"}],"author":[{"embeddable":true,"href":"https:\/\/www.mysunshine.es\/de\/wp-json\/wp\/v2\/users\/6"}],"replies":[{"embeddable":true,"href":"https:\/\/www.mysunshine.es\/de\/wp-json\/wp\/v2\/comments?post=127"}],"version-history":[{"count":0,"href":"https:\/\/www.mysunshine.es\/de\/wp-json\/wp\/v2\/pages\/127\/revisions"}],"wp:attachment":[{"href":"https:\/\/www.mysunshine.es\/de\/wp-json\/wp\/v2\/media?parent=127"}],"curies":[{"name":"wp","href":"https:\/\/api.w.org\/{rel}","templated":true}]}}