{"id":4593,"date":"2017-06-27T12:44:00","date_gmt":"2017-06-27T12:44:00","guid":{"rendered":"http:\/\/inspirythemesdemo.com\/realplaces\/?page_id=3582"},"modified":"2017-06-27T12:44:00","modified_gmt":"2017-06-27T12:44:00","slug":"testimonials","status":"publish","type":"page","link":"https:\/\/www.mysunshine.es\/da\/testimonials\/","title":{"rendered":"Udtalelser"},"content":{"rendered":"<div id=\"qe-testimonial-4620\" class=\"qe-testimonial-wrapper\">\n\n\t\t\t\t\t<div class=\"qe-testimonial-meta\">\n\n\t\t\t\t\t\t<div class=\"qe-testimonial-img\"><a href=\"https:\/\/wordpress.org\/\" target=\"_blank\"><img width=\"150\" height=\"150\" src=\"https:\/\/www.mysunshine.es\/wp-content\/uploads\/2017\/10\/Vistas-Stupa-Hills-150x150.jpg\" class=\"avatar wp-post-image\" alt=\"\" decoding=\"async\" loading=\"lazy\" srcset=\"https:\/\/www.mysunshine.es\/wp-content\/uploads\/2017\/10\/Vistas-Stupa-Hills-150x150.jpg 150w, https:\/\/www.mysunshine.es\/wp-content\/uploads\/2017\/10\/Vistas-Stupa-Hills-210x210.jpg 210w\" sizes=\"(max-width: 150px) 100vw, 150px\" \/><\/a><\/div>\n\t\t\t\t\t\t<cite class=\"qe-testimonial-author\">\n\t\t\t\t\t\t\t<span class=\"qe-testimonial-name\">Mike Robert<\/span>\n\t\t\t\t\t\t\t\t\t\t\t\t\t\t\t<span class=\"qe-testimonial-byline\">\n\t\t\t\t\t\t\t\t<a href=\"https:\/\/wordpress.org\/\" target=\"_blank\">Direkt\u00f8r for Automatic<\/a>\t\t\t\t\t\t\t\t<\/span><!-- \/.qe-testimonial-byline -->\n\t\t\t\t\t\t\t\t\t\t\t\t\t\t<\/cite><!-- \/.qe-testimonial-author -->\n\n\t\t\t\t\t<\/div><!-- \/.qe-testimonial-meta -->\n\n\t\t\t\t\t<blockquote class=\"qe-testimonial-text\">\n\t\t\t\t\t\t<p>Vi havde vores hjem p\u00e5 markedet med Real Places og efter kun 3 visninger var huset SOLGT!! Og vi fik den pris, vi \u00f8nskede. N\u00e5r du s\u00e6lger et hus, handler det om, at ejeren f\u00e5r en realistisk v\u00e6rdians\u00e6ttelse, og sikrer, at den agent, du v\u00e6lger, kender deres ting. Mit r\u00e5d til alle, der overvejer at s\u00e6lge dit hjem, er, at de skal f\u00f8le sig godt tilpas med deres agentvalg. Min kone og jeg ville ikke t\u00f8ve med at anbefale Real Homes til alle i fremtiden, der fors\u00f8ger at v\u00e6lge mellem agenter.<\/p>\n\t\t\t\t\t<\/blockquote><!-- \/.qe-testimonial-text -->\n\n\t\t\t\t<\/div><!-- \/.qe-testimonial-wrapper -->\n\t\t\t\t\t\t\t\t<div id=\"qe-testimonial-4622\" class=\"qe-testimonial-wrapper\">\n\n\t\t\t\t\t<div class=\"qe-testimonial-meta\">\n\n\t\t\t\t\t\t<div class=\"qe-testimonial-img\"><a href=\"#your-link-goes-here\" target=\"_blank\"><\/a><\/div>\n\t\t\t\t\t\t<cite class=\"qe-testimonial-author\">\n\t\t\t\t\t\t\t<span class=\"qe-testimonial-name\">Andrew David<\/span>\n\t\t\t\t\t\t\t\t\t\t\t\t\t\t\t<span class=\"qe-testimonial-byline\">\n\t\t\t\t\t\t\t\t<a href=\"#your-link-goes-here\" target=\"_blank\">Konsulent<\/a>\t\t\t\t\t\t\t\t<\/span><!-- \/.qe-testimonial-byline -->\n\t\t\t\t\t\t\t\t\t\t\t\t\t\t<\/cite><!-- \/.qe-testimonial-author -->\n\n\t\t\t\t\t<\/div><!-- \/.qe-testimonial-meta -->\n\n\t\t\t\t\t<blockquote class=\"qe-testimonial-text\">\n\t\t\t\t\t\t<p>Vi har v\u00e6ret yderst tilfredse med din opm\u00e6rksomhed, kommunikation, \u00e6rlighed og r\u00e5dgivning gennem hele processen. At s\u00e6lge et hus er en stressende begivenhed for alle, og du har v\u00e6ret med til at g\u00f8re det s\u00e5 gnidningsl\u00f8st som muligt for os. Vi f\u00f8ler, at du virkelig g\u00e5r ud over en ejendomsm\u00e6glers generelle pligter med grundig opf\u00f8lgning, rapportering og altid at v\u00e6re &#039;p\u00e5 toppen&#039; af potentielle k\u00f8bere.<\/p>\n\t\t\t\t\t<\/blockquote><!-- \/.qe-testimonial-text -->\n\n\t\t\t\t<\/div><!-- \/.qe-testimonial-wrapper -->\n\t\t\t\t\t\t\t\t<div id=\"qe-testimonial-4621\" class=\"qe-testimonial-wrapper\">\n\n\t\t\t\t\t<div class=\"qe-testimonial-meta\">\n\n\t\t\t\t\t\t<div class=\"qe-testimonial-img\"><a href=\"#your-link-goes-here\" target=\"_blank\"><\/a><\/div>\n\t\t\t\t\t\t<cite class=\"qe-testimonial-author\">\n\t\t\t\t\t\t\t<span class=\"qe-testimonial-name\">James William<\/span>\n\t\t\t\t\t\t\t\t\t\t\t\t\t\t\t<span class=\"qe-testimonial-byline\">\n\t\t\t\t\t\t\t\t<a href=\"#your-link-goes-here\" target=\"_blank\">Civilingeni\u00f8r<\/a>\t\t\t\t\t\t\t\t<\/span><!-- \/.qe-testimonial-byline -->\n\t\t\t\t\t\t\t\t\t\t\t\t\t\t<\/cite><!-- \/.qe-testimonial-author -->\n\n\t\t\t\t\t<\/div><!-- \/.qe-testimonial-meta -->\n\n\t\t\t\t\t<blockquote class=\"qe-testimonial-text\">\n\t\t\t\t\t\t<p>I et meget vanskeligt marked kr\u00e6vede det meget t\u00e5lmodighed og vedholdenhed fra din side, vi s\u00e6tter stor pris p\u00e5 alt det, du har gjort for os. Du var altid der og fulgte op p\u00e5 alle detaljer og sp\u00f8rgsm\u00e5l vi havde under processen, du var altid hj\u00e6lpsom, professionel og h\u00e5ndterede situationen med et smil.<\/p>\n\t\t\t\t\t<\/blockquote><!-- \/.qe-testimonial-text -->\n\n\t\t\t\t<\/div><!-- \/.qe-testimonial-wrapper -->","protected":false},"excerpt":{"rendered":"In a very difficult market, it took a lot of patience and persistence on your part, we very much appreciate all that you have done for us. You were always there and followed up on every detail and any queries we had during the process you were always helpful, professional and handled the situation with...","protected":false},"author":6,"featured_media":0,"parent":0,"menu_order":0,"comment_status":"closed","ping_status":"closed","template":"","meta":{"_themeisle_gutenberg_block_has_review":false},"_links":{"self":[{"href":"https:\/\/www.mysunshine.es\/da\/wp-json\/wp\/v2\/pages\/4593"}],"collection":[{"href":"https:\/\/www.mysunshine.es\/da\/wp-json\/wp\/v2\/pages"}],"about":[{"href":"https:\/\/www.mysunshine.es\/da\/wp-json\/wp\/v2\/types\/page"}],"author":[{"embeddable":true,"href":"https:\/\/www.mysunshine.es\/da\/wp-json\/wp\/v2\/users\/6"}],"replies":[{"embeddable":true,"href":"https:\/\/www.mysunshine.es\/da\/wp-json\/wp\/v2\/comments?post=4593"}],"version-history":[{"count":0,"href":"https:\/\/www.mysunshine.es\/da\/wp-json\/wp\/v2\/pages\/4593\/revisions"}],"wp:attachment":[{"href":"https:\/\/www.mysunshine.es\/da\/wp-json\/wp\/v2\/media?parent=4593"}],"curies":[{"name":"wp","href":"https:\/\/api.w.org\/{rel}","templated":true}]}}