{"id":132,"date":"2017-06-05T10:16:32","date_gmt":"2017-06-05T10:16:32","guid":{"rendered":"http:\/\/realhomes.inspirythemes.com\/?page_id=129"},"modified":"2017-06-05T10:16:32","modified_gmt":"2017-06-05T10:16:32","slug":"typography","status":"publish","type":"page","link":"https:\/\/www.mysunshine.es\/da\/typography\/","title":{"rendered":"Typografi"},"content":{"rendered":"<h1><span>H1<\/span> overskrift<\/h1>\n<p>Udnyt agile rammer for at give en robust synopsis til oversigter p\u00e5 h\u00f8jt niveau. Iterative tilgange til virksomhedsstrategi fremmer samarbejdst\u00e6nkning for at fremme det overordnede v\u00e6rdiforslag. \u00d8kologisk v\u00e6kst det holistiske verdensbillede af disruptiv innovation via arbejdspladsens mangfoldighed og empowerment.<\/p>\n<h2><span>H2<\/span> overskrift<\/h2>\n<p>Udnyt agile rammer for at give en robust synopsis til oversigter p\u00e5 h\u00f8jt niveau. Iterative tilgange til virksomhedsstrategi fremmer samarbejdst\u00e6nkning for at fremme det overordnede v\u00e6rdiforslag. \u00d8kologisk v\u00e6kst det holistiske verdensbillede af disruptiv innovation via arbejdspladsens mangfoldighed og empowerment.<\/p>\n<h3><span>H3<\/span> overskrift<\/h3>\n<p>Udnyt agile rammer for at give en robust synopsis til oversigter p\u00e5 h\u00f8jt niveau. Iterative tilgange til virksomhedsstrategi fremmer samarbejdst\u00e6nkning for at fremme det overordnede v\u00e6rdiforslag. \u00d8kologisk v\u00e6kst det holistiske verdensbillede af disruptiv innovation via arbejdspladsens mangfoldighed og empowerment.<\/p>\n<h4><span>H4<\/span> overskrift<\/h4>\n<p>Udnyt agile rammer for at give en robust synopsis til oversigter p\u00e5 h\u00f8jt niveau. Iterative tilgange til virksomhedsstrategi fremmer samarbejdst\u00e6nkning for at fremme det overordnede v\u00e6rdiforslag. \u00d8kologisk v\u00e6kst det holistiske verdensbillede af disruptiv innovation via arbejdspladsens mangfoldighed og empowerment.<\/p>\n<h5><span>H5<\/span> overskrift<\/h5>\n<p>Udnyt agile rammer for at give en robust synopsis til oversigter p\u00e5 h\u00f8jt niveau. Iterative tilgange til virksomhedsstrategi fremmer samarbejdst\u00e6nkning for at fremme det overordnede v\u00e6rdiforslag. \u00d8kologisk v\u00e6kst det holistiske verdensbillede af disruptiv innovation via arbejdspladsens mangfoldighed og empowerment.<\/p>\n<h6><span>H6<\/span> overskrift<\/h6>\n<p>Udnyt agile rammer for at give en robust synopsis til oversigter p\u00e5 h\u00f8jt niveau. Iterative tilgange til virksomhedsstrategi fremmer samarbejdst\u00e6nkning for at fremme det overordnede v\u00e6rdiforslag. \u00d8kologisk v\u00e6kst det holistiske verdensbillede af disruptiv innovation via arbejdspladsens mangfoldighed og empowerment.<\/p>\n<hr \/>\n<h3>Liste stilarter<\/h3>\n<div class=\"row-fluid\"><div class=\"span6\"><div class=\"disc-list\"><\/p>\n<ul>\n<li>Drag fordel af lavth\u00e6ngende frugter for at identificere en boldpark-v\u00e6rditilv\u00e6kst aktivitet til betatest.<\/li>\n<li>Overskriv den digitale kl\u00f8ft med yderligere klik fra DevOps.<\/li>\n<li>Fordybelse i nanoteknologi langs informationsmotorvejen vil lukke l\u00f8kken om udelukkende at fokusere p\u00e5 bundlinjen.<\/li>\n<li>Tager s\u00f8ml\u00f8se n\u00f8glepr\u00e6stationsindikatorer offline for at maksimere den lange hale.<\/li>\n<\/ul>\n<p><\/div><\/div><div class=\"span6\"><div class=\"small-arrow-list\"><\/p>\n<ul>\n<li>Drag fordel af lavth\u00e6ngende frugter for at identificere en boldpark-v\u00e6rditilv\u00e6kst aktivitet til betatest.<\/li>\n<li>Overskriv den digitale kl\u00f8ft med yderligere klik fra DevOps.<\/li>\n<li>Fordybelse i nanoteknologi langs informationsmotorvejen vil lukke l\u00f8kken om udelukkende at fokusere p\u00e5 bundlinjen.<\/li>\n<li>Tager s\u00f8ml\u00f8se n\u00f8glepr\u00e6stationsindikatorer offline for at maksimere den lange hale.<\/li>\n<\/ul>\n<p><\/div><\/div><\/div><div class=\"row-fluid\"><div class=\"span6\"><div class=\"tick-list\"><\/p>\n<ul>\n<li>Drag fordel af lavth\u00e6ngende frugter for at identificere en boldpark-v\u00e6rditilv\u00e6kst aktivitet til betatest.<\/li>\n<li>Overskriv den digitale kl\u00f8ft med yderligere klik fra DevOps.<\/li>\n<li>Fordybelse i nanoteknologi langs informationsmotorvejen vil lukke l\u00f8kken om udelukkende at fokusere p\u00e5 bundlinjen.<\/li>\n<li>Tager s\u00f8ml\u00f8se n\u00f8glepr\u00e6stationsindikatorer offline for at maksimere den lange hale.<\/li>\n<\/ul>\n<p><\/div><\/div><div class=\"span6\"><div class=\"arrow-list\"><\/p>\n<ul>\n<li>Drag fordel af lavth\u00e6ngende frugter for at identificere en boldpark-v\u00e6rditilv\u00e6kst aktivitet til betatest.<\/li>\n<li>Overskriv den digitale kl\u00f8ft med yderligere klik fra DevOps.<\/li>\n<li>Fordybelse i nanoteknologi langs informationsmotorvejen vil lukke l\u00f8kken om udelukkende at fokusere p\u00e5 bundlinjen.<\/li>\n<li>Tager s\u00f8ml\u00f8se n\u00f8glepr\u00e6stationsindikatorer offline for at maksimere den lange hale.<\/li>\n<\/ul>\n<p><\/div><\/div><\/div>\n<hr \/>\n<h3>Knap<\/h3>\n<div class=\"row-fluid\"><div class=\"span4\"><br \/>\n<a class=\"rh_btn rh_btn--primary btn-mini\" href=\"#1\" target=\"\">Knap<\/a><br \/>\n<a class=\"rh_btn rh_btn--primary btn-small\" href=\"#2\" target=\"\">Knap<\/a><br \/>\n<a class=\"rh_btn rh_btn--primary btn-large\" href=\"#3\" target=\"\">Knap<\/a><br \/>\n<\/div><div class=\"span4\"><br \/>\n<a class=\"rh_btn rh_btn--secondary btn-mini\" href=\"#1\" target=\"\">Knap<\/a><br \/>\n<a class=\"rh_btn rh_btn--secondary btn-small\" href=\"#2\" target=\"\">Knap<\/a><br \/>\n<a class=\"rh_btn rh_btn--secondary btn-large\" href=\"#3\" target=\"\">Knap<\/a><br \/>\n<\/div><div class=\"span4\"><br \/>\n<a class=\"rh_btn rh_btn--greybtn btn-mini\" href=\"#1\" target=\"\">Knap<\/a><br \/>\n<a class=\"rh_btn rh_btn--greybtn btn-small\" href=\"#2\" target=\"\">Knap<\/a><br \/>\n<a class=\"rh_btn rh_btn--greybtn btn-large\" href=\"#3\" target=\"\">Knap<\/a><br \/>\n<\/div><\/div>\n<hr \/>\n<p><p class=\"info\"><strong>Information:<\/strong> Udnyt agile rammer for at give en robust synopsis til oversigter p\u00e5 h\u00f8jt niveau. Iterative tilgange til virksomhedsstrategi fremmer samarbejdst\u00e6nkning for at fremme det overordnede v\u00e6rdiforslag. \u00d8kologisk v\u00e6kst det holistiske verdensbillede af disruptiv innovation via arbejdspladsens mangfoldighed og empowerment.<i class=\"icon-remove\"><\/i><\/p><p class=\"tip\"><strong>Tip:<\/strong> Udnyt agile rammer for at give en robust synopsis til oversigter p\u00e5 h\u00f8jt niveau. Iterative tilgange til virksomhedsstrategi fremmer samarbejdst\u00e6nkning for at fremme det overordnede v\u00e6rdiforslag. \u00d8kologisk v\u00e6kst det holistiske verdensbillede af disruptiv innovation via arbejdspladsens mangfoldighed og empowerment. <i class=\"icon-remove\"><\/i><\/p><p class=\"success\"><strong>Succes:<\/strong> Udnyt agile rammer for at give en robust synopsis til oversigter p\u00e5 h\u00f8jt niveau. Iterative tilgange til virksomhedsstrategi fremmer samarbejdst\u00e6nkning for at fremme det overordnede v\u00e6rdiforslag. \u00d8kologisk v\u00e6kst det holistiske verdensbillede af disruptiv innovation via arbejdspladsens mangfoldighed og empowerment.<i class=\"icon-remove\"><\/i><\/p><p class=\"error\"><strong>Fejl:<\/strong> Udnyt agile rammer for at give en robust synopsis til oversigter p\u00e5 h\u00f8jt niveau. Iterative tilgange til virksomhedsstrategi fremmer samarbejdst\u00e6nkning for at fremme det overordnede v\u00e6rdiforslag. \u00d8kologisk v\u00e6kst det holistiske verdensbillede af disruptiv innovation via arbejdspladsens mangfoldighed og empowerment.<i class=\"icon-remove\"><\/i><\/p><\/p>","protected":false},"excerpt":{"rendered":"<p>H1 heading Leverage agile frameworks to provide a robust synopsis for high level overviews. Iterative approaches to corporate strategy foster collaborative thinking to further the overall value proposition. Organically grow the holistic world view of disruptive innovation via workplace diversity and empowerment. H2 heading Leverage agile frameworks to provide a robust synopsis for high level&#8230;<\/p>","protected":false},"author":6,"featured_media":0,"parent":0,"menu_order":0,"comment_status":"closed","ping_status":"closed","template":"","meta":{"_themeisle_gutenberg_block_has_review":false},"_links":{"self":[{"href":"https:\/\/www.mysunshine.es\/da\/wp-json\/wp\/v2\/pages\/132"}],"collection":[{"href":"https:\/\/www.mysunshine.es\/da\/wp-json\/wp\/v2\/pages"}],"about":[{"href":"https:\/\/www.mysunshine.es\/da\/wp-json\/wp\/v2\/types\/page"}],"author":[{"embeddable":true,"href":"https:\/\/www.mysunshine.es\/da\/wp-json\/wp\/v2\/users\/6"}],"replies":[{"embeddable":true,"href":"https:\/\/www.mysunshine.es\/da\/wp-json\/wp\/v2\/comments?post=132"}],"version-history":[{"count":0,"href":"https:\/\/www.mysunshine.es\/da\/wp-json\/wp\/v2\/pages\/132\/revisions"}],"wp:attachment":[{"href":"https:\/\/www.mysunshine.es\/da\/wp-json\/wp\/v2\/media?parent=132"}],"curies":[{"name":"wp","href":"https:\/\/api.w.org\/{rel}","templated":true}]}}