{"id":127,"date":"2017-06-05T09:13:38","date_gmt":"2017-06-05T09:13:38","guid":{"rendered":"http:\/\/realhomes.inspirythemes.com\/?page_id=127"},"modified":"2017-06-05T09:13:38","modified_gmt":"2017-06-05T09:13:38","slug":"columns","status":"publish","type":"page","link":"https:\/\/www.mysunshine.es\/da\/columns\/","title":{"rendered":"Kolonner"},"content":{"rendered":"<p>Objektivt innovere bemyndigede fremstillede produkter, mens parallelle platforme. Helhedsm\u00e6ssigt dominerer udvidelige testprocedurer for p\u00e5lidelige forsyningsk\u00e6der. Engager dramatisk top-line webtjenester i forhold til banebrydende leverancer.<div class=\"row-fluid\"><div class=\"span3\"><\/p>\n<h4>1\/4<\/h4>\n<p>Trov\u00e6rdig innovation inden for granul\u00e6re interne eller &quot;organiske&quot; kilder med h\u00f8je standarder for webparathed. Synergistisk skalering af fremtidssikrede kernekompetencer i forhold til effektfulde oplevelser. Dramatisk syntetisering af integrerede skemaer med optimale netv\u00e6rk.<br \/>\n<\/div><div class=\"span3\"><\/p>\n<h4>1\/4<\/h4>\n<p>Trov\u00e6rdig innovation inden for granul\u00e6re interne eller &quot;organiske&quot; kilder med h\u00f8je standarder for webparathed. Synergistisk skalering af fremtidssikrede kernekompetencer i forhold til effektfulde oplevelser. Dramatisk syntetisering af integrerede skemaer med optimale netv\u00e6rk.<\/div><div class=\"span3\"><\/p>\n<h4>1\/4<\/h4>\n<p>Trov\u00e6rdig innovation inden for granul\u00e6re interne eller &quot;organiske&quot; kilder med h\u00f8je standarder for webparathed. Synergistisk skalering af fremtidssikrede kernekompetencer i forhold til effektfulde oplevelser. Dramatisk syntetisering af integrerede skemaer med optimale netv\u00e6rk.<\/div><div class=\"span3\"><\/p>\n<h4>1\/4<\/h4>\n<p>Trov\u00e6rdig innovation inden for granul\u00e6re interne eller &quot;organiske&quot; kilder med h\u00f8je standarder for webparathed. Synergistisk skalering af fremtidssikrede kernekompetencer i forhold til effektfulde oplevelser. Dramatisk syntetisering af integrerede skemaer med optimale netv\u00e6rk.<\/div><\/div><div class=\"row-fluid\"><div class=\"span6\"><\/p>\n<h4>1\/2<\/h4>\n<p>Udnyt agile rammer for at give en robust synopsis til oversigter p\u00e5 h\u00f8jt niveau. Iterative tilgange til virksomhedsstrategi fremmer samarbejdst\u00e6nkning for at fremme det overordnede v\u00e6rdiforslag. \u00d8kologisk v\u00e6kst det holistiske verdensbillede af disruptiv innovation via arbejdspladsens mangfoldighed og empowerment.<\/div><div class=\"span6\"><\/p>\n<h4>1\/2<\/h4>\n<p>Udnyt agile rammer for at give en robust synopsis til oversigter p\u00e5 h\u00f8jt niveau. Iterative tilgange til virksomhedsstrategi fremmer samarbejdst\u00e6nkning for at fremme det overordnede v\u00e6rdiforslag. \u00d8kologisk v\u00e6kst det holistiske verdensbillede af disruptiv innovation via arbejdspladsens mangfoldighed og empowerment.<\/div><\/div><div class=\"row-fluid\"><div class=\"span4\"><\/p>\n<h4>1\/3<\/h4>\n<p>Udnyt agile rammer for at give en robust synopsis til oversigter p\u00e5 h\u00f8jt niveau. Iterative tilgange til virksomhedsstrategi fremmer samarbejdst\u00e6nkning for at fremme det overordnede v\u00e6rdiforslag. \u00d8kologisk v\u00e6kst det holistiske verdensbillede af disruptiv innovation via arbejdspladsens mangfoldighed og empowerment.<\/div><div class=\"span4\"><\/p>\n<h4>1\/3<\/h4>\n<p>Udnyt agile rammer for at give en robust synopsis til oversigter p\u00e5 h\u00f8jt niveau. Iterative tilgange til virksomhedsstrategi fremmer samarbejdst\u00e6nkning for at fremme det overordnede v\u00e6rdiforslag. \u00d8kologisk v\u00e6kst det holistiske verdensbillede af disruptiv innovation via arbejdspladsens mangfoldighed og empowerment.<\/div><div class=\"span4\"><\/p>\n<h4>1\/3<\/h4>\n<p>Udnyt agile rammer for at give en robust synopsis til oversigter p\u00e5 h\u00f8jt niveau. Iterative tilgange til virksomhedsstrategi fremmer samarbejdst\u00e6nkning for at fremme det overordnede v\u00e6rdiforslag. \u00d8kologisk v\u00e6kst det holistiske verdensbillede af disruptiv innovation via arbejdspladsens mangfoldighed og empowerment.<\/div><\/div><div class=\"row-fluid\"><div class=\"span3\"><\/p>\n<h4>1\/4<\/h4>\n<p>Udnyt agile rammer for at give en robust synopsis til oversigter p\u00e5 h\u00f8jt niveau. Iterative tilgange til virksomhedsstrategi fremmer samarbejdst\u00e6nkning for at fremme det overordnede v\u00e6rdiforslag. \u00d8kologisk v\u00e6kst det holistiske verdensbillede af disruptiv innovation via arbejdspladsens mangfoldighed og empowerment.<\/div><div class=\"span3\"><\/p>\n<h4>1\/4<\/h4>\n<p>Udnyt agile rammer for at give en robust synopsis til oversigter p\u00e5 h\u00f8jt niveau. Iterative tilgange til virksomhedsstrategi fremmer samarbejdst\u00e6nkning for at fremme det overordnede v\u00e6rdiforslag. \u00d8kologisk v\u00e6kst det holistiske verdensbillede af disruptiv innovation via arbejdspladsens mangfoldighed og empowerment.<\/div><div class=\"span6\"><\/p>\n<h4>1\/2<\/h4>\n<p>Udnyt agile rammer for at give en robust synopsis til oversigter p\u00e5 h\u00f8jt niveau. Iterative tilgange til virksomhedsstrategi fremmer samarbejdst\u00e6nkning for at fremme det overordnede v\u00e6rdiforslag. \u00d8kologisk v\u00e6kst det holistiske verdensbillede af disruptiv innovation via arbejdspladsens mangfoldighed og empowerment.<\/div><\/div><div class=\"row-fluid\"><div class=\"span2\"><\/p>\n<h4>1\/6<\/h4>\n<p>Udnyt agile rammer for at give en robust synopsis til oversigter p\u00e5 h\u00f8jt niveau. Iterative tilgange til virksomhedsstrategi fremmer samarbejdst\u00e6nkning for at fremme det overordnede v\u00e6rdiforslag. \u00d8kologisk v\u00e6kst det holistiske verdensbillede af disruptiv innovation via arbejdspladsens mangfoldighed og empowerment.<\/div><div class=\"span2\"><\/p>\n<h4>1\/6<\/h4>\n<p>Udnyt agile rammer for at give en robust synopsis til oversigter p\u00e5 h\u00f8jt niveau. Iterative tilgange til virksomhedsstrategi fremmer samarbejdst\u00e6nkning for at fremme det overordnede v\u00e6rdiforslag. \u00d8kologisk v\u00e6kst det holistiske verdensbillede af disruptiv innovation via arbejdspladsens mangfoldighed og empowerment.<\/div><div class=\"span2\"><\/p>\n<h4>1\/6<\/h4>\n<p>Udnyt agile rammer for at give en robust synopsis til oversigter p\u00e5 h\u00f8jt niveau. Iterative tilgange til virksomhedsstrategi fremmer samarbejdst\u00e6nkning for at fremme det overordnede v\u00e6rdiforslag. \u00d8kologisk v\u00e6kst det holistiske verdensbillede af disruptiv innovation via arbejdspladsens mangfoldighed og empowerment.<\/div><div class=\"span2\"><\/p>\n<h4>1\/6<\/h4>\n<p>Udnyt agile rammer for at give en robust synopsis til oversigter p\u00e5 h\u00f8jt niveau. Iterative tilgange til virksomhedsstrategi fremmer samarbejdst\u00e6nkning for at fremme det overordnede v\u00e6rdiforslag. \u00d8kologisk v\u00e6kst det holistiske verdensbillede af disruptiv innovation via arbejdspladsens mangfoldighed og empowerment.<\/div><div class=\"span2\"><\/p>\n<h4>1\/6<\/h4>\n<p>Udnyt agile rammer for at give en robust synopsis til oversigter p\u00e5 h\u00f8jt niveau. Iterative tilgange til virksomhedsstrategi fremmer samarbejdst\u00e6nkning for at fremme det overordnede v\u00e6rdiforslag. \u00d8kologisk v\u00e6kst det holistiske verdensbillede af disruptiv innovation via arbejdspladsens mangfoldighed og empowerment.<\/div><div class=\"span2\"><\/p>\n<h4>1\/6<\/h4>\n<p>Udnyt agile rammer for at give en robust synopsis til oversigter p\u00e5 h\u00f8jt niveau. Iterative tilgange til virksomhedsstrategi fremmer samarbejdst\u00e6nkning for at fremme det overordnede v\u00e6rdiforslag. \u00d8kologisk v\u00e6kst det holistiske verdensbillede af disruptiv innovation via arbejdspladsens mangfoldighed og empowerment.<\/div><\/div>","protected":false},"excerpt":{"rendered":"<p>Objektivt innovere bemyndigede fremstillede produkter, mens parallelle platforme. Helhedsm\u00e6ssigt dominerer udvidelige testprocedurer for p\u00e5lidelige forsyningsk\u00e6der. Engager dramatisk top-line webtjenester i forhold til banebrydende leverancer.<\/p>","protected":false},"author":6,"featured_media":0,"parent":0,"menu_order":0,"comment_status":"closed","ping_status":"closed","template":"templates\/full-width.php","meta":{"_themeisle_gutenberg_block_has_review":false},"_links":{"self":[{"href":"https:\/\/www.mysunshine.es\/da\/wp-json\/wp\/v2\/pages\/127"}],"collection":[{"href":"https:\/\/www.mysunshine.es\/da\/wp-json\/wp\/v2\/pages"}],"about":[{"href":"https:\/\/www.mysunshine.es\/da\/wp-json\/wp\/v2\/types\/page"}],"author":[{"embeddable":true,"href":"https:\/\/www.mysunshine.es\/da\/wp-json\/wp\/v2\/users\/6"}],"replies":[{"embeddable":true,"href":"https:\/\/www.mysunshine.es\/da\/wp-json\/wp\/v2\/comments?post=127"}],"version-history":[{"count":0,"href":"https:\/\/www.mysunshine.es\/da\/wp-json\/wp\/v2\/pages\/127\/revisions"}],"wp:attachment":[{"href":"https:\/\/www.mysunshine.es\/da\/wp-json\/wp\/v2\/media?parent=127"}],"curies":[{"name":"wp","href":"https:\/\/api.w.org\/{rel}","templated":true}]}}